{"id":722660,"date":"2025-08-27T19:07:24","date_gmt":"2025-08-27T16:07:24","guid":{"rendered":"https:\/\/roveyayinevi.com.tr\/index.php\/urun\/mahabharata-adi-parva-1-kitap\/"},"modified":"2026-04-16T02:30:35","modified_gmt":"2026-04-15T23:30:35","slug":"mahabharata-adi-parva-1-kitap","status":"publish","type":"product","link":"https:\/\/roveyayinevi.com.tr\/index.php\/urun\/mahabharata-adi-parva-1-kitap\/","title":{"rendered":"Mahabharata &#8211; Adi Parva (1. Kitap)"},"content":{"rendered":"<p>\u201cBir y\u00fczy\u0131l boyunca do\u011fmam\u0131\u015f olan ben, annemin rahminde \u00f6rt\u00fclerin alt\u0131nda saklanm\u0131\u015f olarak Bhrigu soyuna mensup herkesin hatta do\u011fmam\u0131\u015f olanlar\u0131n yok edilirken att\u0131klar\u0131 \u00e7\u0131\u011fl\u0131klar\u0131 duydum. \u0130\u015fte kalbimin \u00f6fkeyle doldu\u011fu zamanlard\u0131 bunlar. Ne annem ve babam ne de hamile kad\u0131nlar ile soyumun mensuplar\u0131na hi\u00e7 kimse yard\u0131m etmedi kurtulsunlar diye \u00f6l\u00fcmden. Ve benim annem hi\u00e7 kimsenin onlar\u0131 korumad\u0131\u011f\u0131n\u0131 bildi\u011fi i\u00e7in beni bu \u015fekilde saklad\u0131. E\u011fer yery\u00fcz\u00fcnde adaleti sa\u011flayacak tek bir ki\u015fi olsayd\u0131 bu g\u00fcnah\u0131n i\u015flenmesine hi\u00e7 kimse cesaret etmeyecekti. Su\u00e7 cezaland\u0131r\u0131lmazsa daha b\u00fcy\u00fck bir su\u00e7 i\u015flenir. \u0130\u015flenmi\u015f bir su\u00e7u cezaland\u0131rmaya g\u00fcc\u00fc olan bir adam, bir haks\u0131zl\u0131k oldu\u011funu bildi\u011fi h\u00e2lde hakl\u0131y\u0131 savunmaz, su\u00e7luyu cezaland\u0131rmazsa ayn\u0131 su\u00e7u i\u015flemi\u015f say\u0131l\u0131r. Mademki babam \u00f6l\u00fcrken onu kurtarmaya g\u00fcc\u00fc olan kudretli krallar parmaklar\u0131n\u0131 oynatmad\u0131lar, o zaman i\u015flenmi\u015f bu su\u00e7a kar\u015f\u0131 \u00f6fkelenmi\u015f olmaya ve onlar\u0131n sa\u011flamad\u0131\u011f\u0131 adaleti sa\u011flamaya hakk\u0131m var. Ben yarat\u0131c\u0131n\u0131n kendisi olarak adaleti sa\u011flamak \u00fczere su\u00e7u i\u015flemi\u015f olan\u0131 yok etme hakk\u0131na sahibim!\u201d<\/p>\n","protected":false},"excerpt":{"rendered":"<p>\u201cBir y\u00fczy\u0131l boyunca do\u011fmam\u0131\u015f olan ben, annemin rahminde \u00f6rt\u00fclerin alt\u0131nda saklanm\u0131\u015f olarak Bhrigu soyuna mensup herkesin hatta do\u011fmam\u0131\u015f olanlar\u0131n yok edilirken att\u0131klar\u0131 \u00e7\u0131\u011fl\u0131klar\u0131 duydum. \u0130\u015fte kalbimin<span class=\"excerpt-hellip\"> [\u2026]<\/span><\/p>\n","protected":false},"featured_media":0,"template":"","meta":{"_monsterinsights_skip_tracking":false,"_monsterinsights_sitenote_active":false,"_monsterinsights_sitenote_note":"","_monsterinsights_sitenote_category":0},"product_brand":[],"product_cat":[12291,13706],"product_tag":[],"class_list":{"0":"post-722660","1":"product","2":"type-product","3":"status-publish","5":"product_cat-edebiyat","6":"product_cat-efsane-destan-masal","7":"pa_cilt-ciltsiz","8":"pa_tur-kitap","9":"pa_yayinevi-vaveyla-yayincilik","10":"pa_yazar-ayasya","12":"first","13":"instock","14":"sale","15":"shipping-taxable","16":"purchasable","17":"product-type-simple"},"_links":{"self":[{"href":"https:\/\/roveyayinevi.com.tr\/index.php\/wp-json\/wp\/v2\/product\/722660","targetHints":{"allow":["GET"]}}],"collection":[{"href":"https:\/\/roveyayinevi.com.tr\/index.php\/wp-json\/wp\/v2\/product"}],"about":[{"href":"https:\/\/roveyayinevi.com.tr\/index.php\/wp-json\/wp\/v2\/types\/product"}],"wp:attachment":[{"href":"https:\/\/roveyayinevi.com.tr\/index.php\/wp-json\/wp\/v2\/media?parent=722660"}],"wp:term":[{"taxonomy":"product_brand","embeddable":true,"href":"https:\/\/roveyayinevi.com.tr\/index.php\/wp-json\/wp\/v2\/product_brand?post=722660"},{"taxonomy":"product_cat","embeddable":true,"href":"https:\/\/roveyayinevi.com.tr\/index.php\/wp-json\/wp\/v2\/product_cat?post=722660"},{"taxonomy":"product_tag","embeddable":true,"href":"https:\/\/roveyayinevi.com.tr\/index.php\/wp-json\/wp\/v2\/product_tag?post=722660"}],"curies":[{"name":"wp","href":"https:\/\/api.w.org\/{rel}","templated":true}]}}