{"id":722659,"date":"2025-08-27T19:07:24","date_gmt":"2025-08-27T16:07:24","guid":{"rendered":"https:\/\/roveyayinevi.com.tr\/index.php\/urun\/asure\/"},"modified":"2026-04-16T02:30:35","modified_gmt":"2026-04-15T23:30:35","slug":"asure","status":"publish","type":"product","link":"https:\/\/roveyayinevi.com.tr\/index.php\/urun\/asure\/","title":{"rendered":"A\u015fure"},"content":{"rendered":"<p>A\u015fure. Bu s\u00f6zc\u00fck Arap\u00e7ada onuncu g\u00fcn demektir. A\u015firet, yani akraba da yine bu kelimenin k\u00f6k\u00fcnden gelir. T\u00fcrl\u00fc g\u0131dalarla pi\u015firilip, bedelsiz da\u011f\u0131t\u0131lan a\u015fure de bir ba\u011f kurma k\u00fclt\u00fcr\u00fcd\u00fcr. Bu da s\u00f6zc\u00fc\u011f\u00fcn di\u011fer manas\u0131n\u0131 olu\u015fturur: Topluluk.Elbette bizim onuncu g\u00fcn ve topluluk anlamlar\u0131 ile \u015fimdilik bir ba\u011f\u0131m\u0131z yok. Fakat akrabal\u0131k, aile yan\u0131yla pek\u00e2l\u00e2 ba\u011f\u0131m\u0131z var. Bir s\u00fcre \u00f6ncesine kadar kimse kimseyi tan\u0131mazken, herkesin zihninde titre\u015fen \u201cEdebiyat\u201d fikri, bizi birbirimize yak\u0131nla\u015ft\u0131rd\u0131, bir araya getirdi; bir y\u0131l boyunca yazarlar, hik\u00e2yeler, kavramlar, olgular \u00fczerine dersler i\u015flememizi sa\u011flad\u0131 ve \u015fimdi meyvesini verdi.Okuyaca\u011f\u0131n\u0131z her bir hik\u00e2yenin yaz\u0131lma s\u00fcreci, en az bir kitap edecek hat\u0131ralar\u0131 da kendi i\u00e7inde do\u011furdu. Kimi ev i\u015flerinden, kimi hem ev hem ticari i\u015flerinden, \u00e7ocuklar\u0131ndan, arkada\u015f ve sevgililerinden zaman yaratarak yazd\u0131lar bu kitab\u0131. Pi\u015fim s\u00fcreci tamamland\u0131. A\u015furenin tad\u0131na bakma s\u0131ras\u0131 sizde. Afiyetle okuman\u0131z dile\u011fimle.<\/p>\n","protected":false},"excerpt":{"rendered":"<p>A\u015fure. Bu s\u00f6zc\u00fck Arap\u00e7ada onuncu g\u00fcn demektir. A\u015firet, yani akraba da yine bu kelimenin k\u00f6k\u00fcnden gelir. T\u00fcrl\u00fc g\u0131dalarla pi\u015firilip, bedelsiz da\u011f\u0131t\u0131lan a\u015fure de bir ba\u011f kurma<span class=\"excerpt-hellip\"> [\u2026]<\/span><\/p>\n","protected":false},"featured_media":0,"template":"","meta":{"_monsterinsights_skip_tracking":false,"_monsterinsights_sitenote_active":false,"_monsterinsights_sitenote_note":"","_monsterinsights_sitenote_category":0},"product_brand":[],"product_cat":[12312,12304],"product_tag":[],"class_list":{"0":"post-722659","1":"product","2":"type-product","3":"status-publish","5":"product_cat-diger","6":"product_cat-tarih","7":"pa_cilt-ciltsiz","8":"pa_tur-kitap","9":"pa_yayinevi-chiviyazilari-yayinevi","10":"pa_yazar-kolektif","12":"first","13":"instock","14":"sale","15":"shipping-taxable","16":"purchasable","17":"product-type-simple"},"_links":{"self":[{"href":"https:\/\/roveyayinevi.com.tr\/index.php\/wp-json\/wp\/v2\/product\/722659","targetHints":{"allow":["GET"]}}],"collection":[{"href":"https:\/\/roveyayinevi.com.tr\/index.php\/wp-json\/wp\/v2\/product"}],"about":[{"href":"https:\/\/roveyayinevi.com.tr\/index.php\/wp-json\/wp\/v2\/types\/product"}],"wp:attachment":[{"href":"https:\/\/roveyayinevi.com.tr\/index.php\/wp-json\/wp\/v2\/media?parent=722659"}],"wp:term":[{"taxonomy":"product_brand","embeddable":true,"href":"https:\/\/roveyayinevi.com.tr\/index.php\/wp-json\/wp\/v2\/product_brand?post=722659"},{"taxonomy":"product_cat","embeddable":true,"href":"https:\/\/roveyayinevi.com.tr\/index.php\/wp-json\/wp\/v2\/product_cat?post=722659"},{"taxonomy":"product_tag","embeddable":true,"href":"https:\/\/roveyayinevi.com.tr\/index.php\/wp-json\/wp\/v2\/product_tag?post=722659"}],"curies":[{"name":"wp","href":"https:\/\/api.w.org\/{rel}","templated":true}]}}