{"id":722656,"date":"2025-08-27T19:07:21","date_gmt":"2025-08-27T16:07:21","guid":{"rendered":"https:\/\/roveyayinevi.com.tr\/index.php\/urun\/bir-ankara-hikayesi-golge-arafta\/"},"modified":"2026-04-16T02:30:35","modified_gmt":"2026-04-15T23:30:35","slug":"bir-ankara-hikayesi-golge-arafta","status":"publish","type":"product","link":"https:\/\/roveyayinevi.com.tr\/index.php\/urun\/bir-ankara-hikayesi-golge-arafta\/","title":{"rendered":"Bir Ankara Hikayesi &#8211; G\u00f6lge Arafta"},"content":{"rendered":"<p>\u201c\u2026daha yak\u0131ndan g\u00f6recektim, g\u00f6rd\u00fcm g\u00f6rd\u00fcm yak\u0131ndan g\u00f6rd\u00fcm \u00e7ok yak\u0131ndan\u2026 Annemin \u2018Pekcan!\u2019 diye seslenirken g\u00f6zlerini g\u00f6rd\u00fcm, beni kald\u0131r\u0131ma itti.\u201d Bir an\u0131n bir bak\u0131\u015fla kenetlendi\u011fi bir ya\u015fam\u0131n d\u00fcnyas\u0131n\u0131 okuyacaks\u0131n\u0131z. Her ya\u015fam\u0131n ana kayna\u011f\u0131 kendisidir. Pekcan Sert ise kayna\u011f\u0131n\u0131 ceza olarak ya\u015f\u0131yor.Bir Ankara Hik\u00e2yesi\u2019nin d\u00f6rd\u00fcnc\u00fc kitab\u0131 olarak kar\u015f\u0131m\u0131za \u00e7\u0131kan G\u00f6lge Araf\u2019ta, eserin merkesi olarak ba\u011f\u0131ms\u0131z bir eser olarak de\u011ferlendirilebilir. Lakin unutulmamal\u0131d\u0131r ki bu hik\u00e2yede herkes ba\u015fkarakterdir.Veya Pekcan i\u00e7in \u00f6yledir.\u201c\u0130nsanlar\u0131 severim. \u0130nsanlar i\u00e7in tan\u0131masam bile hayat\u0131m\u0131 veririm. Ama \u00e7ocu\u011fum bile olsa Ankara\u2019y\u0131 terk edemem. Ac\u0131lar\u0131m olmazsa ben ya\u015fayamam. \u0130\u015fte bu y\u00fczden Ankara\u2019day\u0131m, Ankara benim i\u00e7in \u0131zd\u0131rap demek.\u201d<\/p>\n","protected":false},"excerpt":{"rendered":"<p>\u201c\u2026daha yak\u0131ndan g\u00f6recektim, g\u00f6rd\u00fcm g\u00f6rd\u00fcm yak\u0131ndan g\u00f6rd\u00fcm \u00e7ok yak\u0131ndan\u2026 Annemin \u2018Pekcan!\u2019 diye seslenirken g\u00f6zlerini g\u00f6rd\u00fcm, beni kald\u0131r\u0131ma itti.\u201d Bir an\u0131n bir bak\u0131\u015fla kenetlendi\u011fi bir ya\u015fam\u0131n d\u00fcnyas\u0131n\u0131<span class=\"excerpt-hellip\"> [\u2026]<\/span><\/p>\n","protected":false},"featured_media":0,"template":"","meta":{"_monsterinsights_skip_tracking":false,"_monsterinsights_sitenote_active":false,"_monsterinsights_sitenote_note":"","_monsterinsights_sitenote_category":0},"product_brand":[],"product_cat":[12409,12408],"product_tag":[],"class_list":{"0":"post-722656","1":"product","2":"type-product","3":"status-publish","5":"product_cat-fotograf-sinema-tiyatro","6":"product_cat-sanat","7":"pa_cilt-ciltsiz","8":"pa_tur-kitap","9":"pa_yayinevi-vaveyla-yayincilik","10":"pa_yazar-umit-dagci","12":"first","13":"instock","14":"sale","15":"shipping-taxable","16":"purchasable","17":"product-type-simple"},"_links":{"self":[{"href":"https:\/\/roveyayinevi.com.tr\/index.php\/wp-json\/wp\/v2\/product\/722656","targetHints":{"allow":["GET"]}}],"collection":[{"href":"https:\/\/roveyayinevi.com.tr\/index.php\/wp-json\/wp\/v2\/product"}],"about":[{"href":"https:\/\/roveyayinevi.com.tr\/index.php\/wp-json\/wp\/v2\/types\/product"}],"wp:attachment":[{"href":"https:\/\/roveyayinevi.com.tr\/index.php\/wp-json\/wp\/v2\/media?parent=722656"}],"wp:term":[{"taxonomy":"product_brand","embeddable":true,"href":"https:\/\/roveyayinevi.com.tr\/index.php\/wp-json\/wp\/v2\/product_brand?post=722656"},{"taxonomy":"product_cat","embeddable":true,"href":"https:\/\/roveyayinevi.com.tr\/index.php\/wp-json\/wp\/v2\/product_cat?post=722656"},{"taxonomy":"product_tag","embeddable":true,"href":"https:\/\/roveyayinevi.com.tr\/index.php\/wp-json\/wp\/v2\/product_tag?post=722656"}],"curies":[{"name":"wp","href":"https:\/\/api.w.org\/{rel}","templated":true}]}}