{"id":722654,"date":"2025-08-27T19:07:20","date_gmt":"2025-08-27T16:07:20","guid":{"rendered":"https:\/\/roveyayinevi.com.tr\/index.php\/urun\/konfucyus\/"},"modified":"2026-04-16T02:30:35","modified_gmt":"2026-04-15T23:30:35","slug":"konfucyus","status":"publish","type":"product","link":"https:\/\/roveyayinevi.com.tr\/index.php\/urun\/konfucyus\/","title":{"rendered":"Konf\u00fc\u00e7y\u00fcs"},"content":{"rendered":"<p>Do\u011fu uygarl\u0131\u011f\u0131n\u0131n en \u00f6nemli temsilcilerinden biri kabul edilir. \u00c7in geleneklerini derleyip toparlayarak yeni ku\u015faklara aktarmak isteyen Konf\u00fc\u00e7y\u00fcs, kendisine \u00f6zg\u00fc y\u00f6ntemleriyle \u00f6\u011fretimi halka yaym\u0131\u015f ve \u00f6\u011fretmenli\u011fi bir u\u011fra\u015f haline getirmi\u015f bir d\u00fc\u015f\u00fcn\u00fcrd\u00fcr. Ancak ad\u0131 filozoflar, devlet adamlar\u0131, b\u00fcy\u00fck \u00f6\u011fretmenler ve ahlak\u00e7\u0131lar aras\u0131nda de\u011fil, peygamberler aras\u0131nda zikredilmektedir. Dinler Tarihi ara\u015ft\u0131rmac\u0131lar\u0131 da onun \u00f6\u011fretisini bir din olarak kabul etmektedir.Konf\u00fc\u00e7y\u00fcs kendisini antik d\u00f6nem krallar\u0131n\u0131n \u00f6\u011fretisini aktaran klasiklerin i\u00e7erdi\u011fi de\u011ferleri ve ilkeleri topluma aktarmaktan sorumlu g\u00f6rm\u00fc\u015ft\u00fc. Temel amac\u0131 ve ideali tart\u0131\u015fmalardan uzak ve t\u00fcm\u00fcyle uyum i\u00e7erisinde ya\u015fayan bir toplum ve d\u00fcnya kurmakt\u0131. Bu ideale ula\u015fabilmek i\u00e7in ise, ideal insan\u0131 tan\u0131mlamak ve onun ortaya \u00e7\u0131kmas\u0131na yard\u0131mc\u0131 olmak gerekiyordu. \u00d6\u011fretisinde \u00f6teki d\u00fcnya, tanr\u0131, ruhlar, do\u011fa\u00fcst\u00fc varl\u0131klar ve benzeri kavramlara ve olgulara yer vermemi\u015fti. \u00c7\u00fcnk\u00fc bu alan, onun ilgi alan\u0131na girmiyordu. Bu bak\u0131mdan \u00c7in\u2019in Sokrates\u2019i olarak kabul edilir. Fikirleri, kendisi taraf\u0131ndan asla yaz\u0131l\u0131 hale getirilmemi\u015f, \u00e7o\u011funlu\u011fu birer d\u00fc\u015f\u00fcn\u00fcr ve bilim adam\u0131 olarak yeti\u015fen \u00f6\u011frencileri taraf\u0131ndan k\u00e2\u011f\u0131da d\u00f6k\u00fclm\u00fc\u015ft\u00fcr.<\/p>\n","protected":false},"excerpt":{"rendered":"<p>Do\u011fu uygarl\u0131\u011f\u0131n\u0131n en \u00f6nemli temsilcilerinden biri kabul edilir. \u00c7in geleneklerini derleyip toparlayarak yeni ku\u015faklara aktarmak isteyen Konf\u00fc\u00e7y\u00fcs, kendisine \u00f6zg\u00fc y\u00f6ntemleriyle \u00f6\u011fretimi halka yaym\u0131\u015f ve \u00f6\u011fretmenli\u011fi bir<span class=\"excerpt-hellip\"> [\u2026]<\/span><\/p>\n","protected":false},"featured_media":0,"template":"","meta":{"_monsterinsights_skip_tracking":false,"_monsterinsights_sitenote_active":false,"_monsterinsights_sitenote_note":"","_monsterinsights_sitenote_category":0},"product_brand":[],"product_cat":[12388,26788],"product_tag":[],"class_list":{"0":"post-722654","1":"product","2":"type-product","3":"status-publish","5":"product_cat-felsefe","6":"product_cat-filozoflar","7":"pa_cilt-ciltsiz","8":"pa_tur-kitap","9":"pa_yayinevi-parola-yayinlari","10":"pa_yazar-turan-tektas","12":"first","13":"instock","14":"sale","15":"shipping-taxable","16":"purchasable","17":"product-type-simple"},"_links":{"self":[{"href":"https:\/\/roveyayinevi.com.tr\/index.php\/wp-json\/wp\/v2\/product\/722654","targetHints":{"allow":["GET"]}}],"collection":[{"href":"https:\/\/roveyayinevi.com.tr\/index.php\/wp-json\/wp\/v2\/product"}],"about":[{"href":"https:\/\/roveyayinevi.com.tr\/index.php\/wp-json\/wp\/v2\/types\/product"}],"wp:attachment":[{"href":"https:\/\/roveyayinevi.com.tr\/index.php\/wp-json\/wp\/v2\/media?parent=722654"}],"wp:term":[{"taxonomy":"product_brand","embeddable":true,"href":"https:\/\/roveyayinevi.com.tr\/index.php\/wp-json\/wp\/v2\/product_brand?post=722654"},{"taxonomy":"product_cat","embeddable":true,"href":"https:\/\/roveyayinevi.com.tr\/index.php\/wp-json\/wp\/v2\/product_cat?post=722654"},{"taxonomy":"product_tag","embeddable":true,"href":"https:\/\/roveyayinevi.com.tr\/index.php\/wp-json\/wp\/v2\/product_tag?post=722654"}],"curies":[{"name":"wp","href":"https:\/\/api.w.org\/{rel}","templated":true}]}}