{"id":722651,"date":"2025-08-27T19:07:18","date_gmt":"2025-08-27T16:07:18","guid":{"rendered":"https:\/\/roveyayinevi.com.tr\/index.php\/urun\/francis-bacon\/"},"modified":"2026-04-16T02:30:35","modified_gmt":"2026-04-15T23:30:35","slug":"francis-bacon","status":"publish","type":"product","link":"https:\/\/roveyayinevi.com.tr\/index.php\/urun\/francis-bacon\/","title":{"rendered":"Francis Bacon"},"content":{"rendered":"<p>Bacon&#8217;\u0131n, yarat\u0131l\u0131\u015ftan do\u011faya y\u00f6nelik, deneye e\u011filimli, s\u00fcrekli ara\u015ft\u0131rmay\u0131 seven, kesin bilgiye ula\u015fana kadar sorunlar\u0131 irdeleyen bir ki\u015fili\u011fi vard\u0131. Yap\u0131tlar\u0131nda eylem adam\u0131 ve d\u00fc\u015f\u00fcnce adam\u0131 y\u00f6nleri aras\u0131ndaki kar\u015f\u0131tl\u0131k belirgin olarak g\u00f6r\u00fcl\u00fcr. Bir yandan d\u00fcr\u00fcst bilgeler arac\u0131l\u0131\u011f\u0131yla &#8220;insan\u0131n do\u011fa \u00fczerindeki egemenli\u011fini son \u00e7izgisine ula\u015ft\u0131racak&#8221; bir toplumun d\u00fc\u015f\u00fcn\u00fc kurarken, bir yandan da Kral I. James&#8217;in \u00e7\u0131kmazlar\u0131na kar\u015f\u0131 d\u00fczeni koruyarak \u00e7\u00f6z\u00fcm ar\u0131yordu. Siyasal d\u00fczlemde y\u00fckselme hevesinin yol a\u00e7t\u0131\u011f\u0131 bu \u00e7arp\u0131kl\u0131\u011fa kar\u015f\u0131n, bir filozof olarak Bacon do\u011fay\u0131 ve toplumu kavrama konusunda ku\u015fkuya yer veren, \u00f6nyarg\u0131lardan uzak ve ara\u015ft\u0131rmac\u0131 bir yakla\u015f\u0131m\u0131 benimsemi\u015ftir. Bu arada orta\u00e7a\u011f Aristoteles\u00e7ili\u011fine kar\u015f\u0131 deneyci y\u00f6ntemi savunan d\u00fc\u015f\u00fcn\u00fcrlerin yazd\u0131klar\u0131ndan da yararlanm\u0131\u015ft\u0131r.Bacon&#8217;\u0131n felsefesinin oda\u011f\u0131 bilimdir. Ona g\u00f6re bilim bir ilerleme, geli\u015fme s\u00fcrecidir. Tarih boyunca dinsel, siyasal ve d\u00fc\u015f\u00fcnsel nedenlerle \u00f6nem verilmeyen bilimin, insanlar\u0131 ayd\u0131nlatma ve y\u00f6nlendirme i\u015flevini \u00f6ne \u00e7\u0131karmak gerekir. Bilim, s\u00f6zc\u00fcklerle oynama yerine, do\u011fan\u0131n \u00f6z\u00fcn\u00fc kavramaya y\u00f6nelmelidir. Do\u011faya egemen olman\u0131n birinci ko\u015fulu, onu kendi b\u00fct\u00fcnl\u00fc\u011f\u00fc i\u00e7inde bilmek, onu d\u00fczenleyen genel yasalar\u0131 kavramakt\u0131r. Bunun yolu da deneyden ge\u00e7er. Kesin bilgi ku\u015fkunun bitti\u011fi yerde ba\u015flar.<\/p>\n","protected":false},"excerpt":{"rendered":"<p>Bacon&#8217;\u0131n, yarat\u0131l\u0131\u015ftan do\u011faya y\u00f6nelik, deneye e\u011filimli, s\u00fcrekli ara\u015ft\u0131rmay\u0131 seven, kesin bilgiye ula\u015fana kadar sorunlar\u0131 irdeleyen bir ki\u015fili\u011fi vard\u0131. Yap\u0131tlar\u0131nda eylem adam\u0131 ve d\u00fc\u015f\u00fcnce adam\u0131 y\u00f6nleri aras\u0131ndaki<span class=\"excerpt-hellip\"> [\u2026]<\/span><\/p>\n","protected":false},"featured_media":0,"template":"","meta":{"_monsterinsights_skip_tracking":false,"_monsterinsights_sitenote_active":false,"_monsterinsights_sitenote_note":"","_monsterinsights_sitenote_category":0},"product_brand":[],"product_cat":[12388,26788],"product_tag":[],"class_list":{"0":"post-722651","1":"product","2":"type-product","3":"status-publish","5":"product_cat-felsefe","6":"product_cat-filozoflar","7":"pa_cilt-ciltsiz","8":"pa_tur-kitap","9":"pa_yayinevi-parola-yayinlari","10":"pa_yazar-turan-tektas","12":"first","13":"instock","14":"sale","15":"shipping-taxable","16":"purchasable","17":"product-type-simple"},"_links":{"self":[{"href":"https:\/\/roveyayinevi.com.tr\/index.php\/wp-json\/wp\/v2\/product\/722651","targetHints":{"allow":["GET"]}}],"collection":[{"href":"https:\/\/roveyayinevi.com.tr\/index.php\/wp-json\/wp\/v2\/product"}],"about":[{"href":"https:\/\/roveyayinevi.com.tr\/index.php\/wp-json\/wp\/v2\/types\/product"}],"wp:attachment":[{"href":"https:\/\/roveyayinevi.com.tr\/index.php\/wp-json\/wp\/v2\/media?parent=722651"}],"wp:term":[{"taxonomy":"product_brand","embeddable":true,"href":"https:\/\/roveyayinevi.com.tr\/index.php\/wp-json\/wp\/v2\/product_brand?post=722651"},{"taxonomy":"product_cat","embeddable":true,"href":"https:\/\/roveyayinevi.com.tr\/index.php\/wp-json\/wp\/v2\/product_cat?post=722651"},{"taxonomy":"product_tag","embeddable":true,"href":"https:\/\/roveyayinevi.com.tr\/index.php\/wp-json\/wp\/v2\/product_tag?post=722651"}],"curies":[{"name":"wp","href":"https:\/\/api.w.org\/{rel}","templated":true}]}}