{"id":722650,"date":"2025-08-27T19:07:18","date_gmt":"2025-08-27T16:07:18","guid":{"rendered":"https:\/\/roveyayinevi.com.tr\/index.php\/urun\/jena-jacques-rousseau\/"},"modified":"2026-04-16T02:30:35","modified_gmt":"2026-04-15T23:30:35","slug":"jena-jacques-rousseau","status":"publish","type":"product","link":"https:\/\/roveyayinevi.com.tr\/index.php\/urun\/jena-jacques-rousseau\/","title":{"rendered":"Jena Jacques Rousseau"},"content":{"rendered":"<p>18. yy Ayd\u0131nlanma \u00c7a\u011f\u0131\u2019n\u0131n en etkili d\u00fc\u015f\u00fcn\u00fcrlerinden biridir Jean-Jacques Rousseau. Her ayd\u0131n ki\u015finin ba\u015f\u0131na gelen gibi, o da bir kesim taraf\u0131ndan yere g\u00f6\u011fe s\u0131\u011fd\u0131r\u0131lamazken, ba\u015fka bir kesim taraf\u0131ndan hayat\u0131n\u0131n bir b\u00f6l\u00fcm\u00fcnde b\u00fcy\u00fck tepki \u00e7ekmi\u015ftir. Bunun sebebi ise hi\u00e7 \u015f\u00fcphesiz ayd\u0131nlar\u0131n, zamanlar\u0131n\u0131n geleneksel d\u00fc\u015f\u00fcnce tarz\u0131n\u0131n \u00f6tesine ge\u00e7ebilme \u00f6zelli\u011fine sahip olmalar\u0131d\u0131r. Bu pek \u00e7oklar\u0131n\u0131n ba\u015f\u0131n\u0131 derde sokmaya yetecek bir yetenek.Ayd\u0131nlanma \u00e7a\u011f\u0131nda yeti\u015fmi\u015f olmakla birlikte, uygarl\u0131k ele\u015ftirisi ve do\u011faya d\u00f6n\u00fc\u015f \u00f6nerisiyle romantik ak\u0131ma \u00f6nc\u00fcl\u00fck etmi\u015f, monar\u015fiye kar\u015f\u0131 halk iradesinin \u00fcst\u00fcnl\u00fc\u011f\u00fcn\u00fc savunmas\u0131yla da Rousseau, \u00f6l\u00fcm\u00fcn\u00fcn ard\u0131ndan k\u0131sa bir s\u00fcre sonra patlak veren Frans\u0131z Devrimi\u2019nin de yap\u0131 ta\u015flar\u0131n\u0131 olu\u015fturan bir\u00e7ok eser kaleme alm\u0131\u015ft\u0131r.D\u00fc\u015f\u00fcnceleri \u00f6zellikle Devrim\u2019den sonra kurulan yeni devletin kalk\u0131nmas\u0131nda, toplumun sosyal yap\u0131s\u0131nda ve e\u011fitim sisteminde etkili olmu\u015ftur.<\/p>\n","protected":false},"excerpt":{"rendered":"<p>18. yy Ayd\u0131nlanma \u00c7a\u011f\u0131\u2019n\u0131n en etkili d\u00fc\u015f\u00fcn\u00fcrlerinden biridir Jean-Jacques Rousseau. Her ayd\u0131n ki\u015finin ba\u015f\u0131na gelen gibi, o da bir kesim taraf\u0131ndan yere g\u00f6\u011fe s\u0131\u011fd\u0131r\u0131lamazken, ba\u015fka bir<span class=\"excerpt-hellip\"> [\u2026]<\/span><\/p>\n","protected":false},"featured_media":0,"template":"","meta":{"_monsterinsights_skip_tracking":false,"_monsterinsights_sitenote_active":false,"_monsterinsights_sitenote_note":"","_monsterinsights_sitenote_category":0},"product_brand":[],"product_cat":[12388,26788],"product_tag":[],"class_list":{"0":"post-722650","1":"product","2":"type-product","3":"status-publish","5":"product_cat-felsefe","6":"product_cat-filozoflar","7":"pa_cilt-ciltsiz","8":"pa_tur-kitap","9":"pa_yayinevi-parola-yayinlari","10":"pa_yazar-turan-tektas","12":"first","13":"instock","14":"sale","15":"shipping-taxable","16":"purchasable","17":"product-type-simple"},"_links":{"self":[{"href":"https:\/\/roveyayinevi.com.tr\/index.php\/wp-json\/wp\/v2\/product\/722650","targetHints":{"allow":["GET"]}}],"collection":[{"href":"https:\/\/roveyayinevi.com.tr\/index.php\/wp-json\/wp\/v2\/product"}],"about":[{"href":"https:\/\/roveyayinevi.com.tr\/index.php\/wp-json\/wp\/v2\/types\/product"}],"wp:attachment":[{"href":"https:\/\/roveyayinevi.com.tr\/index.php\/wp-json\/wp\/v2\/media?parent=722650"}],"wp:term":[{"taxonomy":"product_brand","embeddable":true,"href":"https:\/\/roveyayinevi.com.tr\/index.php\/wp-json\/wp\/v2\/product_brand?post=722650"},{"taxonomy":"product_cat","embeddable":true,"href":"https:\/\/roveyayinevi.com.tr\/index.php\/wp-json\/wp\/v2\/product_cat?post=722650"},{"taxonomy":"product_tag","embeddable":true,"href":"https:\/\/roveyayinevi.com.tr\/index.php\/wp-json\/wp\/v2\/product_tag?post=722650"}],"curies":[{"name":"wp","href":"https:\/\/api.w.org\/{rel}","templated":true}]}}