{"id":722649,"date":"2025-08-27T19:07:17","date_gmt":"2025-08-27T16:07:17","guid":{"rendered":"https:\/\/roveyayinevi.com.tr\/index.php\/urun\/hegel-2\/"},"modified":"2026-04-16T02:30:35","modified_gmt":"2026-04-15T23:30:35","slug":"hegel-2","status":"publish","type":"product","link":"https:\/\/roveyayinevi.com.tr\/index.php\/urun\/hegel-2\/","title":{"rendered":"Hegel"},"content":{"rendered":"<p>Friedrich Hegel stat\u00fckoyu savunan yaz\u0131lar kaleme alm\u0131\u015f olsa bile gen\u00e7li\u011finde iktidara kar\u015f\u0131 gelen davran\u0131\u015flar\u0131 olmu\u015ftur. T\u00fcbingen\u2019de \u00f6\u011frenciyken, arkada\u015f\u0131 Schelling ile birlikte \u201cmuhte\u015fem \u015fafak\u201d olarak adland\u0131rd\u0131\u011f\u0131 Frans\u0131z devrimini savunmu\u015f ve bir g\u00fcn \u015fehrin \u00e7ar\u015f\u0131s\u0131na \u201c\u00d6zg\u00fcrl\u00fck A\u011fac\u0131\u201d dikmeye gitmi\u015ftir.Friedrich Hegel Alman \u0130dealizminin en etkili d\u00fc\u015f\u00fcn\u00fcrlerinden biridir. Okunmas\u0131 ve anla\u015f\u0131lmas\u0131 zor bir felsefesi vard\u0131r.1793\u2019te T\u00fcbingen\u2019deki e\u011fitimini tamamlad\u0131ktan sonra ald\u0131\u011f\u0131 diplomas\u0131nda, din bilimi ve filolojisi iyi olmas\u0131na kar\u015f\u0131n felsefe alan\u0131nda gerekli yeteneklere sahip olmad\u0131\u011f\u0131 yaz\u0131l\u0131yd\u0131. Fakat kendisinden sa\u011flam karakterli bir gen\u00e7 olarak bahsedilmi\u015fti.Hegel, felsefe tarihinin d\u00f6n\u00fcm noktalar\u0131ndan birisidir. Onun felsefesi, ilgi \u00e7ekicili\u011fini, esprisini ve g\u00fcncelli\u011fini s\u00fcrd\u00fcrmekte \u0131srar etmektedir. Ve \u00f6yle g\u00f6r\u00fcn\u00fcyor ki, bundan sonra da onun felsefesi, felsefe disiplinini olduk\u00e7a me\u015fg\u00fbl edecektir.<\/p>\n","protected":false},"excerpt":{"rendered":"<p>Friedrich Hegel stat\u00fckoyu savunan yaz\u0131lar kaleme alm\u0131\u015f olsa bile gen\u00e7li\u011finde iktidara kar\u015f\u0131 gelen davran\u0131\u015flar\u0131 olmu\u015ftur. T\u00fcbingen\u2019de \u00f6\u011frenciyken, arkada\u015f\u0131 Schelling ile birlikte \u201cmuhte\u015fem \u015fafak\u201d olarak adland\u0131rd\u0131\u011f\u0131 Frans\u0131z<span class=\"excerpt-hellip\"> [\u2026]<\/span><\/p>\n","protected":false},"featured_media":0,"template":"","meta":{"_monsterinsights_skip_tracking":false,"_monsterinsights_sitenote_active":false,"_monsterinsights_sitenote_note":"","_monsterinsights_sitenote_category":0},"product_brand":[],"product_cat":[12388,26788],"product_tag":[],"class_list":{"0":"post-722649","1":"product","2":"type-product","3":"status-publish","5":"product_cat-felsefe","6":"product_cat-filozoflar","7":"pa_cilt-ciltsiz","8":"pa_tur-kitap","9":"pa_yayinevi-parola-yayinlari","10":"pa_yazar-turan-tektas","12":"first","13":"instock","14":"sale","15":"shipping-taxable","16":"purchasable","17":"product-type-simple"},"_links":{"self":[{"href":"https:\/\/roveyayinevi.com.tr\/index.php\/wp-json\/wp\/v2\/product\/722649","targetHints":{"allow":["GET"]}}],"collection":[{"href":"https:\/\/roveyayinevi.com.tr\/index.php\/wp-json\/wp\/v2\/product"}],"about":[{"href":"https:\/\/roveyayinevi.com.tr\/index.php\/wp-json\/wp\/v2\/types\/product"}],"wp:attachment":[{"href":"https:\/\/roveyayinevi.com.tr\/index.php\/wp-json\/wp\/v2\/media?parent=722649"}],"wp:term":[{"taxonomy":"product_brand","embeddable":true,"href":"https:\/\/roveyayinevi.com.tr\/index.php\/wp-json\/wp\/v2\/product_brand?post=722649"},{"taxonomy":"product_cat","embeddable":true,"href":"https:\/\/roveyayinevi.com.tr\/index.php\/wp-json\/wp\/v2\/product_cat?post=722649"},{"taxonomy":"product_tag","embeddable":true,"href":"https:\/\/roveyayinevi.com.tr\/index.php\/wp-json\/wp\/v2\/product_tag?post=722649"}],"curies":[{"name":"wp","href":"https:\/\/api.w.org\/{rel}","templated":true}]}}