{"id":722647,"date":"2025-08-27T19:07:15","date_gmt":"2025-08-27T16:07:15","guid":{"rendered":"https:\/\/roveyayinevi.com.tr\/index.php\/urun\/bongo-ormanin-biricik-ayisi\/"},"modified":"2026-04-05T02:37:10","modified_gmt":"2026-04-04T23:37:10","slug":"bongo-ormanin-biricik-ayisi","status":"publish","type":"product","link":"https:\/\/roveyayinevi.com.tr\/index.php\/urun\/bongo-ormanin-biricik-ayisi\/","title":{"rendered":"Bongo &#8211; Orman\u0131n Biricik Ay\u0131s\u0131"},"content":{"rendered":"<p>Bongo, orta boylu, c\u00fcsseli, mutlu bir ay\u0131.Postunun baz\u0131 yerlerinde t\u00fcyler birbirine yap\u0131\u015fm\u0131\u015f \u00e7\u00fcnk\u00fc Bongo bal yerken hep \u00fczerine d\u00f6ker.Bongo arkada\u015flar\u0131 sansar, porsuk, sincap, tilki, bayku\u015f, tav\u015fan ve k\u00fc\u00e7\u00fck ku\u015fla birlikte ormanda maceralar ya\u015f\u0131yor.Bazen bir kanepe, bazen de bir tarak, g\u00fcnlerine renk katmaya yetiyor.Haydi, e\u011flenceli alt\u0131 \u00f6yk\u00fc sizi bekliyor!Frans\u0131z yazar-\u00e7izer Delphine Perret, alt\u0131 ya\u015f ve \u00fczeri \u00e7ocuklara, orman hayvanlar\u0131n\u0131n arkada\u015fl\u0131klar\u0131 ve g\u00fcnl\u00fck ya\u015fam rutinleri \u00fczerinden kurgulad\u0131\u011f\u0131 yumu\u015fac\u0131k \u00f6yk\u00fcler anlat\u0131yor. Mizah y\u00fckl\u00fc bu alt\u0131 \u00f6yk\u00fcde, ya\u015fam\u0131n s\u0131radan gibi g\u00f6r\u00fcnen g\u00fczellikleri y\u00fcceltiliyor. \u00d6yk\u00fclerde metin kadar pay\u0131 olan resimler de, okuma yazmay\u0131 yeni \u00f6\u011frenmi\u015f okurlar\u0131 okumaya heveslendirecek nitelikte. Bongo ve arkada\u015flar\u0131, \u00e7ocuksu karakterleriyle b\u00fcy\u00fck k\u00fc\u00e7\u00fck herkesi g\u00fcl\u00fcmsetecek.<\/p>\n","protected":false},"excerpt":{"rendered":"<p>Bongo, orta boylu, c\u00fcsseli, mutlu bir ay\u0131.Postunun baz\u0131 yerlerinde t\u00fcyler birbirine yap\u0131\u015fm\u0131\u015f \u00e7\u00fcnk\u00fc Bongo bal yerken hep \u00fczerine d\u00f6ker.Bongo arkada\u015flar\u0131 sansar, porsuk, sincap, tilki, bayku\u015f, tav\u015fan<span class=\"excerpt-hellip\"> [\u2026]<\/span><\/p>\n","protected":false},"featured_media":0,"template":"","meta":{"_monsterinsights_skip_tracking":false,"_monsterinsights_sitenote_active":false,"_monsterinsights_sitenote_note":"","_monsterinsights_sitenote_category":0},"product_brand":[],"product_cat":[12274,12284],"product_tag":[],"class_list":{"0":"post-722647","1":"product","2":"type-product","3":"status-publish","5":"product_cat-cocuk-ve-genclik-kitaplari","6":"product_cat-hikayeler","7":"pa_cilt-ciltsiz","8":"pa_tur-kitap","9":"pa_yayinevi-redhouse-kidz-yayinlari","10":"pa_yazar-delphine-perret","12":"first","13":"instock","14":"sale","15":"shipping-taxable","16":"purchasable","17":"product-type-simple"},"_links":{"self":[{"href":"https:\/\/roveyayinevi.com.tr\/index.php\/wp-json\/wp\/v2\/product\/722647","targetHints":{"allow":["GET"]}}],"collection":[{"href":"https:\/\/roveyayinevi.com.tr\/index.php\/wp-json\/wp\/v2\/product"}],"about":[{"href":"https:\/\/roveyayinevi.com.tr\/index.php\/wp-json\/wp\/v2\/types\/product"}],"wp:attachment":[{"href":"https:\/\/roveyayinevi.com.tr\/index.php\/wp-json\/wp\/v2\/media?parent=722647"}],"wp:term":[{"taxonomy":"product_brand","embeddable":true,"href":"https:\/\/roveyayinevi.com.tr\/index.php\/wp-json\/wp\/v2\/product_brand?post=722647"},{"taxonomy":"product_cat","embeddable":true,"href":"https:\/\/roveyayinevi.com.tr\/index.php\/wp-json\/wp\/v2\/product_cat?post=722647"},{"taxonomy":"product_tag","embeddable":true,"href":"https:\/\/roveyayinevi.com.tr\/index.php\/wp-json\/wp\/v2\/product_tag?post=722647"}],"curies":[{"name":"wp","href":"https:\/\/api.w.org\/{rel}","templated":true}]}}