{"id":722646,"date":"2025-08-27T19:07:15","date_gmt":"2025-08-27T16:07:15","guid":{"rendered":"https:\/\/roveyayinevi.com.tr\/index.php\/urun\/uretim-devrimi\/"},"modified":"2026-04-16T02:30:35","modified_gmt":"2026-04-15T23:30:35","slug":"uretim-devrimi","status":"publish","type":"product","link":"https:\/\/roveyayinevi.com.tr\/index.php\/urun\/uretim-devrimi\/","title":{"rendered":"\u00dcretim Devrimi"},"content":{"rendered":"<p>\u00dcreten ve birle\u015fen T\u00fcrkiyeT\u00fcrkiye, bu \u00e7etin ko\u015fullardan \u00dcretim Odakl\u0131 Ekonomiyle \u00e7\u0131kacakt\u0131r.Refaha ula\u015fman\u0131n, zenginle\u015fmenin biricik yolu, \u00fcretmektir.D\u0131\u015fsat\u0131m\u0131 art\u0131rman\u0131n yolu da, \u00fcretimi art\u0131rmakt\u0131r, \u00fcretime odaklanmakt\u0131r. \u00c7\u00fcnk\u00fc ancak \u00fcretti\u011fimizi d\u0131\u015fa satabiliriz. \u00d6te yandan d\u0131\u015f al\u0131m\u0131 azaltmak i\u00e7in de, i\u00e7 piyasan\u0131n taleplerini i\u00e7erde \u00fcreterek kar\u015f\u0131lamak durumunday\u0131z. D\u0131\u015f \u00f6demeler dengesini bu iki y\u00f6nl\u00fc \u00e7abayla sa\u011flayabiliriz. O nedenle \u00dcretime Odaklanmak,\u00f6n\u00fcm\u00fczdeki d\u00f6nemin \u00e7\u00f6z\u00fcm\u00fcd\u00fcr. \u00dcretimi geli\u015ftiren her i\u015f do\u011frudur, \u00fcretimi baltalayan her uygulama yanl\u0131\u015ft\u0131r. \u00dcretme i\u015fi, \u00fcreticiyle yap\u0131l\u0131r. O nedenle g\u00fcn\u00fcm\u00fcz\u00fcn temel slogan\u0131 bellidir: \u00dcretici ba\u015ftac\u0131!<\/p>\n","protected":false},"excerpt":{"rendered":"<p>\u00dcreten ve birle\u015fen T\u00fcrkiyeT\u00fcrkiye, bu \u00e7etin ko\u015fullardan \u00dcretim Odakl\u0131 Ekonomiyle \u00e7\u0131kacakt\u0131r.Refaha ula\u015fman\u0131n, zenginle\u015fmenin biricik yolu, \u00fcretmektir.D\u0131\u015fsat\u0131m\u0131 art\u0131rman\u0131n yolu da, \u00fcretimi art\u0131rmakt\u0131r, \u00fcretime odaklanmakt\u0131r. \u00c7\u00fcnk\u00fc ancak \u00fcretti\u011fimizi<span class=\"excerpt-hellip\"> [\u2026]<\/span><\/p>\n","protected":false},"featured_media":0,"template":"","meta":{"_monsterinsights_skip_tracking":false,"_monsterinsights_sitenote_active":false,"_monsterinsights_sitenote_note":"","_monsterinsights_sitenote_category":0},"product_brand":[],"product_cat":[13059,12337],"product_tag":[],"class_list":{"0":"post-722646","1":"product","2":"type-product","3":"status-publish","5":"product_cat-diger-politika-siyaset","6":"product_cat-politika-siyaset","7":"pa_cilt-ciltsiz","8":"pa_tur-kitap","9":"pa_yayinevi-kaynak-yayinlari","10":"pa_yazar-dogu-perincek","12":"first","13":"instock","14":"sale","15":"shipping-taxable","16":"purchasable","17":"product-type-simple"},"_links":{"self":[{"href":"https:\/\/roveyayinevi.com.tr\/index.php\/wp-json\/wp\/v2\/product\/722646","targetHints":{"allow":["GET"]}}],"collection":[{"href":"https:\/\/roveyayinevi.com.tr\/index.php\/wp-json\/wp\/v2\/product"}],"about":[{"href":"https:\/\/roveyayinevi.com.tr\/index.php\/wp-json\/wp\/v2\/types\/product"}],"wp:attachment":[{"href":"https:\/\/roveyayinevi.com.tr\/index.php\/wp-json\/wp\/v2\/media?parent=722646"}],"wp:term":[{"taxonomy":"product_brand","embeddable":true,"href":"https:\/\/roveyayinevi.com.tr\/index.php\/wp-json\/wp\/v2\/product_brand?post=722646"},{"taxonomy":"product_cat","embeddable":true,"href":"https:\/\/roveyayinevi.com.tr\/index.php\/wp-json\/wp\/v2\/product_cat?post=722646"},{"taxonomy":"product_tag","embeddable":true,"href":"https:\/\/roveyayinevi.com.tr\/index.php\/wp-json\/wp\/v2\/product_tag?post=722646"}],"curies":[{"name":"wp","href":"https:\/\/api.w.org\/{rel}","templated":true}]}}