{"id":722644,"date":"2025-08-27T19:07:14","date_gmt":"2025-08-27T16:07:14","guid":{"rendered":"https:\/\/roveyayinevi.com.tr\/index.php\/urun\/ataturkculuk\/"},"modified":"2026-04-16T02:30:35","modified_gmt":"2026-04-15T23:30:35","slug":"ataturkculuk","status":"publish","type":"product","link":"https:\/\/roveyayinevi.com.tr\/index.php\/urun\/ataturkculuk\/","title":{"rendered":"Atat\u00fcrk\u00e7\u00fcl\u00fck"},"content":{"rendered":"<p>\u00dclkemiz, ba\u015f\u0131n\u0131 ABD&#8217;nin \u00e7ekti\u011fi emperyalist kampa ve kullan\u0131\u015fl\u0131 enstr\u00fcman\u0131 olan PKK, FET\u00d6, I\u015e\u0130D gibi unsurlara kar\u015f\u0131 vatan savunmas\u0131 yapmaktad\u0131r. Bug\u00fcn de Amasya Genelgesi&#8217;nde belirtildi\u011fi gibi vatan\u0131n b\u00fct\u00fcnl\u00fc\u011f\u00fc ve milletin ba\u011f\u0131ms\u0131zl\u0131\u011f\u0131 tehlikede.\u0130\u00e7inde bulundu\u011fumuz ko\u015fullarda milli birli\u011fin sa\u011flanmas\u0131 hayatidir. Milletin birli\u011fini engelleyen, aras\u0131na so\u011fuklk sokan, kafa kar\u0131\u015f\u0131kl\u0131\u011f\u0131na neden olan fikirleri ve davran\u0131\u015flar\u0131 ele almam\u0131z \u00f6nemli hale gelmi\u015ftir.\u00c7al\u0131\u015fmam\u0131z\u0131n esas hedefi; kendini Atat\u00fcrk\u00e7\u00fc olarak tan\u0131mlayan kesimi; siyasal ya\u015famda kar\u015f\u0131la\u015ft\u0131\u011f\u0131 soru ve sorunlar\u0131 \u00fczerinde Atat\u00fcrk&#8217;\u00fcn fikirleri ve uygulamalar\u0131 \u00fczerinden d\u00fc\u015f\u00fcnmeye, eksik ve hatalar\u0131n\u0131 g\u00f6stererek tutarl\u0131 m\u00fccadele vermeye y\u00f6neltmektir.<\/p>\n","protected":false},"excerpt":{"rendered":"<p>\u00dclkemiz, ba\u015f\u0131n\u0131 ABD&#8217;nin \u00e7ekti\u011fi emperyalist kampa ve kullan\u0131\u015fl\u0131 enstr\u00fcman\u0131 olan PKK, FET\u00d6, I\u015e\u0130D gibi unsurlara kar\u015f\u0131 vatan savunmas\u0131 yapmaktad\u0131r. Bug\u00fcn de Amasya Genelgesi&#8217;nde belirtildi\u011fi gibi vatan\u0131n<span class=\"excerpt-hellip\"> [\u2026]<\/span><\/p>\n","protected":false},"featured_media":0,"template":"","meta":{"_monsterinsights_skip_tracking":false,"_monsterinsights_sitenote_active":false,"_monsterinsights_sitenote_note":"","_monsterinsights_sitenote_category":0},"product_brand":[],"product_cat":[12370,12304],"product_tag":[],"class_list":{"0":"post-722644","1":"product","2":"type-product","3":"status-publish","5":"product_cat-arastirma-inceleme","6":"product_cat-tarih","7":"pa_cilt-ciltsiz","8":"pa_tur-kitap","9":"pa_yayinevi-kaynak-yayinlari","10":"pa_yazar-mustafa-solak","12":"first","13":"instock","14":"sale","15":"shipping-taxable","16":"purchasable","17":"product-type-simple"},"_links":{"self":[{"href":"https:\/\/roveyayinevi.com.tr\/index.php\/wp-json\/wp\/v2\/product\/722644","targetHints":{"allow":["GET"]}}],"collection":[{"href":"https:\/\/roveyayinevi.com.tr\/index.php\/wp-json\/wp\/v2\/product"}],"about":[{"href":"https:\/\/roveyayinevi.com.tr\/index.php\/wp-json\/wp\/v2\/types\/product"}],"wp:attachment":[{"href":"https:\/\/roveyayinevi.com.tr\/index.php\/wp-json\/wp\/v2\/media?parent=722644"}],"wp:term":[{"taxonomy":"product_brand","embeddable":true,"href":"https:\/\/roveyayinevi.com.tr\/index.php\/wp-json\/wp\/v2\/product_brand?post=722644"},{"taxonomy":"product_cat","embeddable":true,"href":"https:\/\/roveyayinevi.com.tr\/index.php\/wp-json\/wp\/v2\/product_cat?post=722644"},{"taxonomy":"product_tag","embeddable":true,"href":"https:\/\/roveyayinevi.com.tr\/index.php\/wp-json\/wp\/v2\/product_tag?post=722644"}],"curies":[{"name":"wp","href":"https:\/\/api.w.org\/{rel}","templated":true}]}}