{"id":722641,"date":"2025-08-27T19:07:11","date_gmt":"2025-08-27T16:07:11","guid":{"rendered":"https:\/\/roveyayinevi.com.tr\/index.php\/urun\/karamik\/"},"modified":"2026-04-16T02:30:35","modified_gmt":"2026-04-15T23:30:35","slug":"karamik","status":"publish","type":"product","link":"https:\/\/roveyayinevi.com.tr\/index.php\/urun\/karamik\/","title":{"rendered":"Karam\u0131k"},"content":{"rendered":"<p>Neden Otuz K\u00fcsur Y\u0131l serisi? Bu sorunun cevab\u0131n\u0131n ya\u015f\u0131mla alakal\u0131 bir k\u0131sm\u0131 var elbette fakat daha \u00e7ok \u015fiire olan muhabbetimle alakal\u0131. &#8221;Yok art\u0131k bu kadar uzun s\u00fcredir yaz\u0131yor olamazs\u0131n\u0131z&#8221; dedi\u011finizi duyar gibiyim. Otuz k\u00fcsur y\u0131l olmasa da olmak \u00fczere. Ve neden karam\u0131k? Karam\u0131k bildi\u011finiz dikenli, \u00e7al\u0131 formunda bir bitki. K\u00fc\u00e7\u00fck morumsu meyve verir ve toplay\u0131p yemesi cidden zahmetli i\u015ftir. Mutlaka dikeni batar, kollar\u0131n\u0131z\u0131 \u00e7izer, parmak u\u00e7lar\u0131n\u0131z\u0131 kanat\u0131r ve dudaklar\u0131n\u0131z\u0131 boyar. B\u00fclb\u00fcl g\u00fcl i\u00e7in ne \u00e7ile \u00e7ekmi\u015fse, karam\u0131k seven de \u00e7ilesine katlanacakt\u0131r. Ben y\u00e2rimi karam\u0131k&#8217;a benzetiyorum. Kendimden, &#8221;Dilsizler meyhanesinin geveze sakisi&#8221; olarak bahsederim. Buradaki meyhane ve saki kelimeleri divan edebiyat\u0131yla alakal\u0131 terimler. \u015eairler birer sakidir bana g\u00f6re. Kendi duygular\u0131ndan yola \u00e7\u0131karak b\u00fct\u00fcn insani duygulara terc\u00fcman olurlar. Kitab\u0131m elinizde oldu\u011funa g\u00f6re bug\u00fcn sakiniz benim\u2026 <\/p>\n","protected":false},"excerpt":{"rendered":"<p>Neden Otuz K\u00fcsur Y\u0131l serisi? Bu sorunun cevab\u0131n\u0131n ya\u015f\u0131mla alakal\u0131 bir k\u0131sm\u0131 var elbette fakat daha \u00e7ok \u015fiire olan muhabbetimle alakal\u0131. &#8221;Yok art\u0131k bu kadar uzun<span class=\"excerpt-hellip\"> [\u2026]<\/span><\/p>\n","protected":false},"featured_media":0,"template":"","meta":{"_monsterinsights_skip_tracking":false,"_monsterinsights_sitenote_active":false,"_monsterinsights_sitenote_note":"","_monsterinsights_sitenote_category":0},"product_brand":[],"product_cat":[12291,12509],"product_tag":[],"class_list":{"0":"post-722641","1":"product","2":"type-product","3":"status-publish","5":"product_cat-edebiyat","6":"product_cat-siir","7":"pa_cilt-ciltsiz","8":"pa_tur-kitap","9":"pa_yayinevi-gulnar-yayinlari","10":"pa_yazar-mehmet-boran","12":"first","13":"instock","14":"sale","15":"shipping-taxable","16":"purchasable","17":"product-type-simple"},"_links":{"self":[{"href":"https:\/\/roveyayinevi.com.tr\/index.php\/wp-json\/wp\/v2\/product\/722641","targetHints":{"allow":["GET"]}}],"collection":[{"href":"https:\/\/roveyayinevi.com.tr\/index.php\/wp-json\/wp\/v2\/product"}],"about":[{"href":"https:\/\/roveyayinevi.com.tr\/index.php\/wp-json\/wp\/v2\/types\/product"}],"wp:attachment":[{"href":"https:\/\/roveyayinevi.com.tr\/index.php\/wp-json\/wp\/v2\/media?parent=722641"}],"wp:term":[{"taxonomy":"product_brand","embeddable":true,"href":"https:\/\/roveyayinevi.com.tr\/index.php\/wp-json\/wp\/v2\/product_brand?post=722641"},{"taxonomy":"product_cat","embeddable":true,"href":"https:\/\/roveyayinevi.com.tr\/index.php\/wp-json\/wp\/v2\/product_cat?post=722641"},{"taxonomy":"product_tag","embeddable":true,"href":"https:\/\/roveyayinevi.com.tr\/index.php\/wp-json\/wp\/v2\/product_tag?post=722641"}],"curies":[{"name":"wp","href":"https:\/\/api.w.org\/{rel}","templated":true}]}}