{"id":722636,"date":"2025-08-27T19:07:07","date_gmt":"2025-08-27T16:07:07","guid":{"rendered":"https:\/\/roveyayinevi.com.tr\/index.php\/urun\/19-yuzyil-osmanli-savaslari\/"},"modified":"2026-04-16T02:30:35","modified_gmt":"2026-04-15T23:30:35","slug":"19-yuzyil-osmanli-savaslari","status":"publish","type":"product","link":"https:\/\/roveyayinevi.com.tr\/index.php\/urun\/19-yuzyil-osmanli-savaslari\/","title":{"rendered":"19. Y\u00fczy\u0131l Osmanl\u0131 Sava\u015flar\u0131"},"content":{"rendered":"<p>Osmanl\u0131 Devleti, 19. y\u00fczy\u0131lda ger\u00e7ekle\u015ftirdi\u011fi sava\u015flar\u0131n sonucunda, art\u0131k tek ba\u015f\u0131na varl\u0131\u011f\u0131n\u0131 s\u00fcrd\u00fcremeyece\u011finin bilincine yatm\u0131\u015ft\u0131, \u00e7\u00fcnk\u00fc her zaman \u00e7ok g\u00fcvendi\u011fi askeri g\u00fcc\u00fc de 18. y\u00fczy\u0131l\u0131n sonlar\u0131ndan itibaren \u00e7\u00f6k\u00fc\u015f s\u00fcrecine girmi\u015fti. \u0130\u015fte bu \u00e7\u00f6k\u00fc\u015f s\u00fcrecini somut bi\u00e7imde g\u00f6zler \u00f6n\u00fcne sermek i\u00e7in, Osmanl\u0131&#8217;n\u0131n, 19. y\u00fczy\u0131lda girdi\u011fi sava\u015flardaki \u00e2ciz durumunu ve ancak b\u00fcy\u00fck g\u00fc\u00e7lere s\u0131rt\u0131n\u0131 dayamak suretiyle varl\u0131\u011f\u0131n\u0131 bir s\u00fcre daha uzatabildi\u011fini anlatmak istedim.19. y\u00fczy\u0131lda ya\u015fad\u0131\u011f\u0131 bu \u00e7\u00f6k\u00fc\u015f s\u00fcrecinin sonunda Osmanl\u0131 Devleti, 20. y\u00fczy\u0131l\u0131n ba\u015f\u0131nda girdi\u011fi Birinci D\u00fcnya Sava\u015f\u0131&#8217;nda kesin bir yenilgiye u\u011frat\u0131lm\u0131\u015f ve da\u011f\u0131larak tarihin tozlu sayfalar\u0131nda yerini alm\u0131\u015ft\u0131r. Bir zamanlar\u0131n g\u00fc\u00e7l\u00fc imparatorlu\u011funun k\u00fcllerinden yeni bir T\u00fcrk devletinin do\u011fmas\u0131 ise, Mustafa Kemal Atat\u00fcrk adl\u0131 bir d\u00e2hinin eseridir.T\u00fcrkiye&#8217;yi y\u00f6neten b\u00fct\u00fcn h\u00fck\u00fcmetler ve T\u00fcrk ulusu; ba\u011f\u0131ms\u0131z, laik ve \u00e7a\u011fda\u015f bir T\u00fcrkiye Cumhuriyeti&#8217;nde ya\u015famalar\u0131n\u0131 yaln\u0131zca ve yaln\u0131zca tek bir ki\u015fiye, yani B\u00fcy\u00fck \u00d6nderimiz Atat\u00fcrk&#8217;e bor\u00e7ludur! <\/p>\n","protected":false},"excerpt":{"rendered":"<p>Osmanl\u0131 Devleti, 19. y\u00fczy\u0131lda ger\u00e7ekle\u015ftirdi\u011fi sava\u015flar\u0131n sonucunda, art\u0131k tek ba\u015f\u0131na varl\u0131\u011f\u0131n\u0131 s\u00fcrd\u00fcremeyece\u011finin bilincine yatm\u0131\u015ft\u0131, \u00e7\u00fcnk\u00fc her zaman \u00e7ok g\u00fcvendi\u011fi askeri g\u00fcc\u00fc de 18. y\u00fczy\u0131l\u0131n sonlar\u0131ndan itibaren<span class=\"excerpt-hellip\"> [\u2026]<\/span><\/p>\n","protected":false},"featured_media":0,"template":"","meta":{"_monsterinsights_skip_tracking":false,"_monsterinsights_sitenote_active":false,"_monsterinsights_sitenote_note":"","_monsterinsights_sitenote_category":0},"product_brand":[],"product_cat":[12370,12304],"product_tag":[],"class_list":{"0":"post-722636","1":"product","2":"type-product","3":"status-publish","5":"product_cat-arastirma-inceleme","6":"product_cat-tarih","7":"pa_cilt-ciltsiz","8":"pa_tur-kitap","9":"pa_yayinevi-kaynak-yayinlari","10":"pa_yazar-huner-tuncer","12":"first","13":"instock","14":"sale","15":"shipping-taxable","16":"purchasable","17":"product-type-simple"},"_links":{"self":[{"href":"https:\/\/roveyayinevi.com.tr\/index.php\/wp-json\/wp\/v2\/product\/722636","targetHints":{"allow":["GET"]}}],"collection":[{"href":"https:\/\/roveyayinevi.com.tr\/index.php\/wp-json\/wp\/v2\/product"}],"about":[{"href":"https:\/\/roveyayinevi.com.tr\/index.php\/wp-json\/wp\/v2\/types\/product"}],"wp:attachment":[{"href":"https:\/\/roveyayinevi.com.tr\/index.php\/wp-json\/wp\/v2\/media?parent=722636"}],"wp:term":[{"taxonomy":"product_brand","embeddable":true,"href":"https:\/\/roveyayinevi.com.tr\/index.php\/wp-json\/wp\/v2\/product_brand?post=722636"},{"taxonomy":"product_cat","embeddable":true,"href":"https:\/\/roveyayinevi.com.tr\/index.php\/wp-json\/wp\/v2\/product_cat?post=722636"},{"taxonomy":"product_tag","embeddable":true,"href":"https:\/\/roveyayinevi.com.tr\/index.php\/wp-json\/wp\/v2\/product_tag?post=722636"}],"curies":[{"name":"wp","href":"https:\/\/api.w.org\/{rel}","templated":true}]}}