{"id":722631,"date":"2025-08-27T19:07:03","date_gmt":"2025-08-27T16:07:03","guid":{"rendered":"https:\/\/roveyayinevi.com.tr\/index.php\/urun\/armstrong-yeni-versiyon\/"},"modified":"2026-04-16T02:30:35","modified_gmt":"2026-04-15T23:30:35","slug":"armstrong-yeni-versiyon","status":"publish","type":"product","link":"https:\/\/roveyayinevi.com.tr\/index.php\/urun\/armstrong-yeni-versiyon\/","title":{"rendered":"Armstrong (Yeni Versiyon)"},"content":{"rendered":"<p>\u00d6d\u00fcll\u00fc yazar ve \u00e7izer Torben Kuhlmann\u2019dan okurlar\u0131 uzaya \u00e7\u0131karacak harika bir kitap!Bir fare i\u00e7in k\u00fc\u00e7\u00fck, insanl\u0131k i\u00e7inse b\u00fcy\u00fck bir ad\u0131m.Uzun zaman \u00f6nce, minik bir fare merak ve tutkuyla g\u00f6ky\u00fcz\u00fcn\u00fc g\u00f6zlemliyordu.Derken bir g\u00fcn u\u00e7may\u0131 \u00f6\u011frendi ve yola \u00e7\u0131kt\u0131.Peki sonra neler oldu?Nefes kesici \u00e7izimlerle dolu bu hik\u00e2ye, hayallerimizi ger\u00e7ekle\u015ftirmek i\u00e7in kararl\u0131 olup asla pes etmememiz gerekti\u011fini anlat\u0131rken, bir yandan da uzay tarihinin en \u00f6nemli anlar\u0131na tan\u0131k olmam\u0131z\u0131 sa\u011fl\u0131yor.\u201cBir \u00f6nceki kitab\u0131 Lindbergh gibi, Kuhlmann\u2019\u0131n bu kitab\u0131 da muhte\u015fem. Her sayfas\u0131 ola\u011fan\u00fcst\u00fc bir hayal g\u00fcc\u00fcyle \u00e7izilmi\u015f (farenin ilgin\u00e7 uzay k\u0131yafeti, \u00e7alar saatten kendine uzay gemisi yapmas\u0131 vs.) ve NASA\u2019ya yak\u0131\u015f\u0131r uzay g\u00f6rselleriyle dolu. Bu macerayla birlikte Kuhlmann hayranlar\u0131n\u0131n say\u0131s\u0131n\u0131n artaca\u011f\u0131 kesin.\u201d-Publishers Weekly<\/p>\n","protected":false},"excerpt":{"rendered":"<p>\u00d6d\u00fcll\u00fc yazar ve \u00e7izer Torben Kuhlmann\u2019dan okurlar\u0131 uzaya \u00e7\u0131karacak harika bir kitap!Bir fare i\u00e7in k\u00fc\u00e7\u00fck, insanl\u0131k i\u00e7inse b\u00fcy\u00fck bir ad\u0131m.Uzun zaman \u00f6nce, minik bir fare merak<span class=\"excerpt-hellip\"> [\u2026]<\/span><\/p>\n","protected":false},"featured_media":0,"template":"","meta":{"_monsterinsights_skip_tracking":false,"_monsterinsights_sitenote_active":false,"_monsterinsights_sitenote_note":"","_monsterinsights_sitenote_category":0},"product_brand":[],"product_cat":[12274,12518],"product_tag":[],"class_list":{"0":"post-722631","1":"product","2":"type-product","3":"status-publish","5":"product_cat-cocuk-ve-genclik-kitaplari","6":"product_cat-okul-oncesi-kitaplar","7":"pa_cilt-ciltsiz","8":"pa_tur-kitap","9":"pa_yayinevi-ucanfil-ozel-urun","10":"pa_yazar-torben-kuhlmann","12":"first","13":"instock","14":"sale","15":"shipping-taxable","16":"purchasable","17":"product-type-simple"},"_links":{"self":[{"href":"https:\/\/roveyayinevi.com.tr\/index.php\/wp-json\/wp\/v2\/product\/722631","targetHints":{"allow":["GET"]}}],"collection":[{"href":"https:\/\/roveyayinevi.com.tr\/index.php\/wp-json\/wp\/v2\/product"}],"about":[{"href":"https:\/\/roveyayinevi.com.tr\/index.php\/wp-json\/wp\/v2\/types\/product"}],"wp:attachment":[{"href":"https:\/\/roveyayinevi.com.tr\/index.php\/wp-json\/wp\/v2\/media?parent=722631"}],"wp:term":[{"taxonomy":"product_brand","embeddable":true,"href":"https:\/\/roveyayinevi.com.tr\/index.php\/wp-json\/wp\/v2\/product_brand?post=722631"},{"taxonomy":"product_cat","embeddable":true,"href":"https:\/\/roveyayinevi.com.tr\/index.php\/wp-json\/wp\/v2\/product_cat?post=722631"},{"taxonomy":"product_tag","embeddable":true,"href":"https:\/\/roveyayinevi.com.tr\/index.php\/wp-json\/wp\/v2\/product_tag?post=722631"}],"curies":[{"name":"wp","href":"https:\/\/api.w.org\/{rel}","templated":true}]}}