{"id":722630,"date":"2025-08-27T19:07:03","date_gmt":"2025-08-27T16:07:03","guid":{"rendered":"https:\/\/roveyayinevi.com.tr\/index.php\/urun\/soylemeye-korkmak-cocuk-cinsel-istismar-vakalari\/"},"modified":"2026-04-16T02:30:35","modified_gmt":"2026-04-15T23:30:35","slug":"soylemeye-korkmak-cocuk-cinsel-istismar-vakalari","status":"publish","type":"product","link":"https:\/\/roveyayinevi.com.tr\/index.php\/urun\/soylemeye-korkmak-cocuk-cinsel-istismar-vakalari\/","title":{"rendered":"S\u00f6ylemeye Korkmak: \u00c7ocuk Cinsel \u0130stismar Vakalar\u0131"},"content":{"rendered":"<p>\u00c7ocu\u011fa y\u00f6nelik cinsel istismar k\u00fcresel halk sa\u011fl\u0131\u011f\u0131 sorunudur. Sorunun \u00f6nlenmesinde ve m\u00fcdahalesinde \u00e7ok boyutlu, b\u00fct\u00fcnc\u00fcl yakla\u015f\u0131m gereklidir. Koruyucu ve \u00f6nleyici \u00e7al\u0131\u015fmalara y\u00f6nelik politikalar \u00f6ncelikli hedef olmal\u0131; t\u00fcm kurum ve kurulu\u015flarda sistemli uygulamalar ger\u00e7ekle\u015ftirilmelidir.Ancak ne yaz\u0131k ki, \u00e7ocuklar ancak cinsel istismara maruz kald\u0131klar\u0131 a\u00e7\u0131\u011fa \u00e7\u0131kt\u0131ktan sonra, sistemlere d\u00e2hil olmaktad\u0131rlar. Bu s\u00fcre\u00e7lerde bazen adli, sa\u011fl\u0131k, \u00e7ocuk koruma, sosyal hizmet sistemlerinin yap\u0131s\u0131ndan, i\u015fleyi\u015finden dolay\u0131; bazen de sistemlerde yer alan profesyonellerin bak\u0131\u015f a\u00e7\u0131s\u0131, yakla\u015f\u0131m\u0131ndan dolay\u0131 \u00e7ocuklar adeta ikincil \u00f6rselenme ya\u015famaktad\u0131r. Sistemler aras\u0131nda e\u015fg\u00fcd\u00fcm olmas\u0131 \u00f6nemlidir; ama ondan daha da \u00f6nemli olan her a\u015famada \u00e7ocukla kar\u015f\u0131la\u015fan profesyonellerin \u00e7ocu\u011fun \u00f6ncelikli yarar\u0131n\u0131 g\u00f6zeterek, ona bir \u201cdosya\u201d de\u011fil, \u201cbirey\u201d ve \u201cbir ya\u015fam\u201d olarak bakmalar\u0131d\u0131r.Bu kitapta, \u00e7ocuklar\u0131n ve annelerin adli sistemde, sa\u011fl\u0131k sisteminde, \u00e7ocuk koruma, sosyal hizmet sisteminde kar\u015f\u0131la\u015ft\u0131klar\u0131 davran\u0131\u015flar, yakla\u015f\u0131mlar\u0131n onlar\u0131 nas\u0131l \u00f6rseledi\u011fini, incitti\u011fini, bu deneyimlere ili\u015fkin duygu ve d\u00fc\u015f\u00fcncelerini bulacaks\u0131n\u0131z. Ama ayn\u0131 zamanda, incinmi\u015f \u00e7ocuklar\u0131n bu yolculu\u011funda onlara birey olarak, insan olarak, haklar\u0131n\u0131 g\u00f6zeterek yakla\u015fan profesyonellerin de oldu\u011funu g\u00f6receksiniz. Bu profesyoneller onlar\u0131n s\u00fcre\u00e7te bir kez daha \u00f6rselenmemesi i\u00e7in mesleki uygulamalar\u0131nda \u00e7ocuk odakl\u0131 yakla\u015f\u0131m\u0131 benimseyen ve uygulayan ki\u015filerdir. Onlar, \u00e7ocuklarda ya\u015fama ba\u011flanma umudunu ye\u015ferten sosyal hizmet uzmanlar\u0131d\u0131r, psikologlard\u0131r, avukatlard\u0131r, hekimlerdir, hem\u015firelerdir.\u0130ncitilmi\u015f \u00e7ocuklara kendilerini de\u011fersiz hissettiren meslek elemanlar\u0131 oldu\u011fu gibi, onlara kendilerini de\u011ferli hissettirecek yakla\u015f\u0131mlarda bulunan meslek elemanlar\u0131 da vard\u0131r ve onlar her \u015feye kar\u015f\u0131n umudu canl\u0131 tutmaktad\u0131r. Emeklerine bin sayg\u0131yla\u2026<\/p>\n","protected":false},"excerpt":{"rendered":"<p>\u00c7ocu\u011fa y\u00f6nelik cinsel istismar k\u00fcresel halk sa\u011fl\u0131\u011f\u0131 sorunudur. Sorunun \u00f6nlenmesinde ve m\u00fcdahalesinde \u00e7ok boyutlu, b\u00fct\u00fcnc\u00fcl yakla\u015f\u0131m gereklidir. Koruyucu ve \u00f6nleyici \u00e7al\u0131\u015fmalara y\u00f6nelik politikalar \u00f6ncelikli hedef olmal\u0131;<span class=\"excerpt-hellip\"> [\u2026]<\/span><\/p>\n","protected":false},"featured_media":0,"template":"","meta":{"_monsterinsights_skip_tracking":false,"_monsterinsights_sitenote_active":false,"_monsterinsights_sitenote_note":"","_monsterinsights_sitenote_category":0},"product_brand":[],"product_cat":[12325,12324],"product_tag":[],"class_list":{"0":"post-722630","1":"product","2":"type-product","3":"status-publish","5":"product_cat-diger-sosyoloji","6":"product_cat-sosyoloji","7":"pa_cilt-ciltsiz","8":"pa_tur-kitap","9":"pa_yayinevi-nika-yayinevi","10":"pa_yazar-figen-pasli","12":"first","13":"instock","14":"sale","15":"shipping-taxable","16":"purchasable","17":"product-type-simple"},"_links":{"self":[{"href":"https:\/\/roveyayinevi.com.tr\/index.php\/wp-json\/wp\/v2\/product\/722630","targetHints":{"allow":["GET"]}}],"collection":[{"href":"https:\/\/roveyayinevi.com.tr\/index.php\/wp-json\/wp\/v2\/product"}],"about":[{"href":"https:\/\/roveyayinevi.com.tr\/index.php\/wp-json\/wp\/v2\/types\/product"}],"wp:attachment":[{"href":"https:\/\/roveyayinevi.com.tr\/index.php\/wp-json\/wp\/v2\/media?parent=722630"}],"wp:term":[{"taxonomy":"product_brand","embeddable":true,"href":"https:\/\/roveyayinevi.com.tr\/index.php\/wp-json\/wp\/v2\/product_brand?post=722630"},{"taxonomy":"product_cat","embeddable":true,"href":"https:\/\/roveyayinevi.com.tr\/index.php\/wp-json\/wp\/v2\/product_cat?post=722630"},{"taxonomy":"product_tag","embeddable":true,"href":"https:\/\/roveyayinevi.com.tr\/index.php\/wp-json\/wp\/v2\/product_tag?post=722630"}],"curies":[{"name":"wp","href":"https:\/\/api.w.org\/{rel}","templated":true}]}}