{"id":722629,"date":"2025-08-27T19:06:57","date_gmt":"2025-08-27T16:06:57","guid":{"rendered":"https:\/\/roveyayinevi.com.tr\/index.php\/urun\/yurttaslik-ve-demokrasi\/"},"modified":"2026-04-16T02:30:35","modified_gmt":"2026-04-15T23:30:35","slug":"yurttaslik-ve-demokrasi","status":"publish","type":"product","link":"https:\/\/roveyayinevi.com.tr\/index.php\/urun\/yurttaslik-ve-demokrasi\/","title":{"rendered":"Yurtta\u015fl\u0131k ve Demokrasi"},"content":{"rendered":"<p>Demokrasi fikri, topluluk i\u00e7erisindeki iktidar ili\u015fkilerini \u015fekillendirmede yurtta\u015fl\u0131k kavramla\u015ft\u0131rmas\u0131na ihtiya\u00e7 duyar. \u00d6zneleri e\u015fitlik\u00e7i bir d\u00fczlemde bir araya getiren ortak bir uzam\u0131n varl\u0131\u011f\u0131, demokrasinin \u00f6n ko\u015fuludur. \u00d6te yandan yurtta\u015fl\u0131k kavramla\u015ft\u0131rmas\u0131 demokrasinin yeterli ko\u015fulu olmad\u0131\u011f\u0131 gibi, demokrasi de onun zorunlu bir sonucu de\u011fildir. Bu iki kavram aras\u0131nda bundan \u00e7ok daha \u00e7etrefilli bir ili\u015fki bulunmaktad\u0131r. Bu \u00e7etrefilli ili\u015fkinin ara\u015ft\u0131r\u0131lmas\u0131 ise bug\u00fcn her zamankinden elzemdir. Zira g\u00fcn\u00fcm\u00fczde kar\u015f\u0131 kar\u015f\u0131ya kald\u0131\u011f\u0131m\u0131z toplumsal, ekonomik ve siyasi sorunlara demokrasi i\u00e7erisinde bir yan\u0131t bulunamamakta, yurtta\u015fl\u0131k kavram\u0131 g\u00fcn be g\u00fcn \u00f6nemini yitirirken g\u00fcndelik ya\u015fam\u0131n tikel bir sosyalli\u011fe d\u00f6n\u00fc\u015fmekte ve buna paralel olarak da etnik gerilimler yeniden artmaktad\u0131r. Bu kayg\u0131larla kaleme al\u0131nan ortak bir \u00e7al\u0131\u015fma olan Yurtta\u015fl\u0131k ve Demokrasi, hem bug\u00fcn\u00fcn neo-liberal demokratik toplumlar\u0131n\u0131 daha iyi anlamak hem de gelece\u011fe d\u00f6n\u00fck normatif bir bak\u0131\u015f a\u00e7\u0131s\u0131 ortaya koyabilmek i\u00e7in s\u00f6z konusu iki kavram aras\u0131ndaki zorlu ili\u015fkiyi farkl\u0131 boyutlar\u0131 ile analiz etmektedir. <\/p>\n","protected":false},"excerpt":{"rendered":"<p>Demokrasi fikri, topluluk i\u00e7erisindeki iktidar ili\u015fkilerini \u015fekillendirmede yurtta\u015fl\u0131k kavramla\u015ft\u0131rmas\u0131na ihtiya\u00e7 duyar. \u00d6zneleri e\u015fitlik\u00e7i bir d\u00fczlemde bir araya getiren ortak bir uzam\u0131n varl\u0131\u011f\u0131, demokrasinin \u00f6n ko\u015fuludur. \u00d6te<span class=\"excerpt-hellip\"> [\u2026]<\/span><\/p>\n","protected":false},"featured_media":0,"template":"","meta":{"_monsterinsights_skip_tracking":false,"_monsterinsights_sitenote_active":false,"_monsterinsights_sitenote_note":"","_monsterinsights_sitenote_category":0},"product_brand":[],"product_cat":[13590,12337],"product_tag":[],"class_list":{"0":"post-722629","1":"product","2":"type-product","3":"status-publish","5":"product_cat-arastirma-inceleme-politika-siyaset","6":"product_cat-politika-siyaset","7":"pa_cilt-ciltsiz","8":"pa_tur-kitap","9":"pa_yayinevi-nika-yayinevi","10":"pa_yazar-armagan-ozturk-dogancan-ozsel","12":"first","13":"instock","14":"sale","15":"shipping-taxable","16":"purchasable","17":"product-type-simple"},"_links":{"self":[{"href":"https:\/\/roveyayinevi.com.tr\/index.php\/wp-json\/wp\/v2\/product\/722629","targetHints":{"allow":["GET"]}}],"collection":[{"href":"https:\/\/roveyayinevi.com.tr\/index.php\/wp-json\/wp\/v2\/product"}],"about":[{"href":"https:\/\/roveyayinevi.com.tr\/index.php\/wp-json\/wp\/v2\/types\/product"}],"wp:attachment":[{"href":"https:\/\/roveyayinevi.com.tr\/index.php\/wp-json\/wp\/v2\/media?parent=722629"}],"wp:term":[{"taxonomy":"product_brand","embeddable":true,"href":"https:\/\/roveyayinevi.com.tr\/index.php\/wp-json\/wp\/v2\/product_brand?post=722629"},{"taxonomy":"product_cat","embeddable":true,"href":"https:\/\/roveyayinevi.com.tr\/index.php\/wp-json\/wp\/v2\/product_cat?post=722629"},{"taxonomy":"product_tag","embeddable":true,"href":"https:\/\/roveyayinevi.com.tr\/index.php\/wp-json\/wp\/v2\/product_tag?post=722629"}],"curies":[{"name":"wp","href":"https:\/\/api.w.org\/{rel}","templated":true}]}}