{"id":722626,"date":"2025-08-27T19:06:55","date_gmt":"2025-08-27T16:06:55","guid":{"rendered":"https:\/\/roveyayinevi.com.tr\/index.php\/urun\/acayip-bilim-ve-eglenceli-deneyler-pariltili-isiklar-ve-ozellikleri\/"},"modified":"2026-04-16T02:30:34","modified_gmt":"2026-04-15T23:30:34","slug":"acayip-bilim-ve-eglenceli-deneyler-pariltili-isiklar-ve-ozellikleri","status":"publish","type":"product","link":"https:\/\/roveyayinevi.com.tr\/index.php\/urun\/acayip-bilim-ve-eglenceli-deneyler-pariltili-isiklar-ve-ozellikleri\/","title":{"rendered":"Acayip Bilim ve E\u011flenceli Deneyler &#8211; Par\u0131lt\u0131l\u0131 I\u015f\u0131klar ve \u00d6zellikleri"},"content":{"rendered":"<p>S\u0131k\u0131c\u0131 bilim kitaplar\u0131n\u0131z\u0131 bir kenara at\u0131p bilimin ilgi \u00e7ekici oldu\u011fu kadar t\u00fcyler \u00fcrpertici ac\u0131mas\u0131z ger\u00e7ekleriyle y\u00fczle\u015fme zaman\u0131.   Deney t\u00fcplerini ve s\u00fctunlu grafikleri unut!   B\u00f6yle s\u0131k\u0131c\u0131 i\u015fler bize g\u00f6re de\u011fil. Sen iyisi mi g\u00f6zl\u00fcklerini ve laboratuvar \u00f6nl\u00fcklerini giy \u00e7\u00fcnk\u00fc ortal\u0131k birazdan fena halde da\u011f\u0131lacak!<\/p>\n","protected":false},"excerpt":{"rendered":"<p>S\u0131k\u0131c\u0131 bilim kitaplar\u0131n\u0131z\u0131 bir kenara at\u0131p bilimin ilgi \u00e7ekici oldu\u011fu kadar t\u00fcyler \u00fcrpertici ac\u0131mas\u0131z ger\u00e7ekleriyle y\u00fczle\u015fme zaman\u0131. Deney t\u00fcplerini ve s\u00fctunlu grafikleri unut! B\u00f6yle s\u0131k\u0131c\u0131 i\u015fler<span class=\"excerpt-hellip\"> [\u2026]<\/span><\/p>\n","protected":false},"featured_media":0,"template":"","meta":{"_monsterinsights_skip_tracking":false,"_monsterinsights_sitenote_active":false,"_monsterinsights_sitenote_note":"","_monsterinsights_sitenote_category":0},"product_brand":[],"product_cat":[13829,12274],"product_tag":[],"class_list":{"0":"post-722626","1":"product","2":"type-product","3":"status-publish","5":"product_cat-bilimsel-kitaplar","6":"product_cat-cocuk-ve-genclik-kitaplari","7":"pa_cilt-ciltsiz","8":"pa_tur-kitap","9":"pa_yayinevi-the-cocuk","10":"pa_yazar-mike-clark","12":"first","13":"instock","14":"sale","15":"shipping-taxable","16":"purchasable","17":"product-type-simple"},"_links":{"self":[{"href":"https:\/\/roveyayinevi.com.tr\/index.php\/wp-json\/wp\/v2\/product\/722626","targetHints":{"allow":["GET"]}}],"collection":[{"href":"https:\/\/roveyayinevi.com.tr\/index.php\/wp-json\/wp\/v2\/product"}],"about":[{"href":"https:\/\/roveyayinevi.com.tr\/index.php\/wp-json\/wp\/v2\/types\/product"}],"wp:attachment":[{"href":"https:\/\/roveyayinevi.com.tr\/index.php\/wp-json\/wp\/v2\/media?parent=722626"}],"wp:term":[{"taxonomy":"product_brand","embeddable":true,"href":"https:\/\/roveyayinevi.com.tr\/index.php\/wp-json\/wp\/v2\/product_brand?post=722626"},{"taxonomy":"product_cat","embeddable":true,"href":"https:\/\/roveyayinevi.com.tr\/index.php\/wp-json\/wp\/v2\/product_cat?post=722626"},{"taxonomy":"product_tag","embeddable":true,"href":"https:\/\/roveyayinevi.com.tr\/index.php\/wp-json\/wp\/v2\/product_tag?post=722626"}],"curies":[{"name":"wp","href":"https:\/\/api.w.org\/{rel}","templated":true}]}}