{"id":722624,"date":"2025-08-27T19:06:53","date_gmt":"2025-08-27T16:06:53","guid":{"rendered":"https:\/\/roveyayinevi.com.tr\/index.php\/urun\/cumhuriyet-doneminde-boluda-iktisadi-hayat\/"},"modified":"2026-04-16T02:30:34","modified_gmt":"2026-04-15T23:30:34","slug":"cumhuriyet-doneminde-boluda-iktisadi-hayat","status":"publish","type":"product","link":"https:\/\/roveyayinevi.com.tr\/index.php\/urun\/cumhuriyet-doneminde-boluda-iktisadi-hayat\/","title":{"rendered":"Cumhuriyet D\u00f6nemi&#8217;nde Bolu&#8217;da \u0130ktisadi Hayat"},"content":{"rendered":"<p>Bu eserde, T\u00fcrkiye Cumhuriyeti\u2019nin kuruldu\u011fu ve iktisadi temellerinin at\u0131ld\u0131\u011f\u0131 y\u0131llardan 1960\u2019l\u0131 y\u0131llara kadar uzanan d\u00f6nemde, tar\u0131m ve hayvanc\u0131l\u0131k, ormanc\u0131l\u0131k, madencilik, sanayi, ticaret, bankac\u0131l\u0131k ve turizm gibi bir\u00e7ok ba\u015fl\u0131kta Bolu\u2019nun iktisadi tarihi derlenerek mercek alt\u0131na al\u0131nmaktad\u0131r. Ayr\u0131ca Bolu t\u00fcccar ve sanayicisinin kanuni temsilcisi olan Bolu Ticaret ve Sanayi Odas\u0131\u2019n\u0131n da d\u00f6nemsel olarak kesitlerine yer verilmi\u015ftir. \u0130ktisadi ve ticari hayat, sosyal, k\u00fclt\u00fcrel ve toplumsal ya\u015fant\u0131dan ayr\u0131 d\u00fc\u015f\u00fcn\u00fclemeyece\u011finden, \u00e7al\u0131\u015fma ayn\u0131 zamanda \u015fehrin toplumsal ya\u015fant\u0131s\u0131na da ayna tutar niteliktedir. Bir\u00e7ok farkl\u0131 kaynaktan, ar\u015fiv kay\u0131tlar\u0131ndan ve \u015fah\u0131slardan elde edilen \u00e7arp\u0131c\u0131 bilgi ve belgelerle, titizlikle derlenerek haz\u0131rlanan bu eser, bir ba\u015flang\u0131\u00e7 niteli\u011fi ta\u015f\u0131maktad\u0131r. Her yeni g\u00fcn, s\u00f6z konusu d\u00f6neme ili\u015fkin yeni bilgi ve belgeler bulunabilmektedir. Ku\u015fkusuz ula\u015f\u0131lan kaynaklar ve bilgi da\u011farc\u0131\u011f\u0131 geni\u015fledik\u00e7e, bu k\u0131ymetli \u00e7al\u0131\u015fman\u0131n i\u00e7eri\u011fi de bu do\u011frultuda \u00e7ok daha zenginle\u015ferek b\u00fcy\u00fcyecektir. Eserin i\u00e7eri\u011fine ve bas\u0131larak okuyucularla bulu\u015fmas\u0131na Bolu Ticaret ve Sanayi Odas\u0131 olarak katk\u0131 sa\u011flam\u0131\u015f olmaktan dolay\u0131 b\u00fcy\u00fck bir mutluluk ve heyecan duyuyoruz. <\/p>\n","protected":false},"excerpt":{"rendered":"<p>Bu eserde, T\u00fcrkiye Cumhuriyeti\u2019nin kuruldu\u011fu ve iktisadi temellerinin at\u0131ld\u0131\u011f\u0131 y\u0131llardan 1960\u2019l\u0131 y\u0131llara kadar uzanan d\u00f6nemde, tar\u0131m ve hayvanc\u0131l\u0131k, ormanc\u0131l\u0131k, madencilik, sanayi, ticaret, bankac\u0131l\u0131k ve turizm gibi<span class=\"excerpt-hellip\"> [\u2026]<\/span><\/p>\n","protected":false},"featured_media":0,"template":"","meta":{"_monsterinsights_skip_tracking":false,"_monsterinsights_sitenote_active":false,"_monsterinsights_sitenote_note":"","_monsterinsights_sitenote_category":0},"product_brand":[],"product_cat":[14841,13043],"product_tag":[],"class_list":{"0":"post-722624","1":"product","2":"type-product","3":"status-publish","5":"product_cat-arastirma-inceleme-kuram","6":"product_cat-ekonomi","7":"pa_cilt-ciltsiz","8":"pa_tur-kitap","9":"pa_yayinevi-siyasal-kitabevi","10":"pa_yazar-nuray-ozdemir-tiryaki","12":"first","13":"instock","14":"sale","15":"shipping-taxable","16":"purchasable","17":"product-type-simple"},"_links":{"self":[{"href":"https:\/\/roveyayinevi.com.tr\/index.php\/wp-json\/wp\/v2\/product\/722624","targetHints":{"allow":["GET"]}}],"collection":[{"href":"https:\/\/roveyayinevi.com.tr\/index.php\/wp-json\/wp\/v2\/product"}],"about":[{"href":"https:\/\/roveyayinevi.com.tr\/index.php\/wp-json\/wp\/v2\/types\/product"}],"wp:attachment":[{"href":"https:\/\/roveyayinevi.com.tr\/index.php\/wp-json\/wp\/v2\/media?parent=722624"}],"wp:term":[{"taxonomy":"product_brand","embeddable":true,"href":"https:\/\/roveyayinevi.com.tr\/index.php\/wp-json\/wp\/v2\/product_brand?post=722624"},{"taxonomy":"product_cat","embeddable":true,"href":"https:\/\/roveyayinevi.com.tr\/index.php\/wp-json\/wp\/v2\/product_cat?post=722624"},{"taxonomy":"product_tag","embeddable":true,"href":"https:\/\/roveyayinevi.com.tr\/index.php\/wp-json\/wp\/v2\/product_tag?post=722624"}],"curies":[{"name":"wp","href":"https:\/\/api.w.org\/{rel}","templated":true}]}}