{"id":722623,"date":"2025-08-27T19:06:53","date_gmt":"2025-08-27T16:06:53","guid":{"rendered":"https:\/\/roveyayinevi.com.tr\/index.php\/urun\/kamusal-iletisim-ve-bilgi-edinme-hakki\/"},"modified":"2026-04-16T02:30:34","modified_gmt":"2026-04-15T23:30:34","slug":"kamusal-iletisim-ve-bilgi-edinme-hakki","status":"publish","type":"product","link":"https:\/\/roveyayinevi.com.tr\/index.php\/urun\/kamusal-iletisim-ve-bilgi-edinme-hakki\/","title":{"rendered":"Kamusal \u0130leti\u015fim ve Bilgi Edinme Hakk\u0131"},"content":{"rendered":"<p>Elinizdeki \u00e7al\u0131\u015fmada, yurtta\u015f ile devlet aras\u0131ndaki ili\u015fkiyi kurmakta ve s\u00fcrd\u00fcrmekte \u00f6nemli bir yeri oldu\u011funu d\u00fc\u015f\u00fcnd\u00fc\u011f\u00fcm ve kamusal ileti\u015fim, kamusal halkla ili\u015fkiler, ileti\u015fim haklar\u0131 dendi\u011finde ilk akla gelen haklardan biri olan bilgi edinme hakk\u0131, somut uygulamalardan hareketle T\u00fcrkiye ve Avrupa Birli\u011fi \u00f6rnekleriyle incelenmektedir.&#8221;Bilgi nedir?&#8217;; &#8220;bildi\u011fimizi nas\u0131l biliriz?&#8221; ile ba\u015flay\u0131p sonsuza kadar \u00e7e\u015fitlendirilebilecek sorular, g\u00fcn\u00fcm\u00fcze kadar sorulmu\u015f, tart\u0131\u015f\u0131lm\u0131\u015f, farkl\u0131 yan\u0131tlar bulmu\u015ftur kendilerine. Kitapta, bilgi felsefesinin alan\u0131na girebilecek bu sorularla do\u011frudan u\u011fra\u015fmamakla birlikte bilgi edinme hakk\u0131n\u0131n tarihine uzanaca\u011f\u0131z, bilme hakk\u0131n\u0131n birinci ku\u015fak haklar aras\u0131ndaki k\u00f6klerine bakaca\u011f\u0131z. Bu k\u00f6kler \u00fczerinde y\u00fckselen, g\u00fcn\u00fcm\u00fcze kadar uzanan somut uygulama \u00f6rnekleri, kitab\u0131n ana inceleme konusunu olu\u015ftururken, elde etti\u011fimiz bilgilerle, bilgi edinme hakk\u0131n\u0131n gelece\u011fine ili\u015fkin normatif \u00f6nerilerde de bulunaca\u011f\u0131z.Iyi okumalar dile\u011fiyle&#8230;<\/p>\n","protected":false},"excerpt":{"rendered":"<p>Elinizdeki \u00e7al\u0131\u015fmada, yurtta\u015f ile devlet aras\u0131ndaki ili\u015fkiyi kurmakta ve s\u00fcrd\u00fcrmekte \u00f6nemli bir yeri oldu\u011funu d\u00fc\u015f\u00fcnd\u00fc\u011f\u00fcm ve kamusal ileti\u015fim, kamusal halkla ili\u015fkiler, ileti\u015fim haklar\u0131 dendi\u011finde ilk akla<span class=\"excerpt-hellip\"> [\u2026]<\/span><\/p>\n","protected":false},"featured_media":0,"template":"","meta":{"_monsterinsights_skip_tracking":false,"_monsterinsights_sitenote_active":false,"_monsterinsights_sitenote_note":"","_monsterinsights_sitenote_category":0},"product_brand":[],"product_cat":[15983,13488],"product_tag":[],"class_list":{"0":"post-722623","1":"product","2":"type-product","3":"status-publish","5":"product_cat-iletisim-ve-medya","6":"product_cat-toplum-ve-insan","7":"pa_cilt-ciltsiz","8":"pa_tur-kitap","9":"pa_yayinevi-siyasal-kitabevi-akademik-kitaplar","10":"pa_yazar-tugba-asrak-hasdemir","12":"first","13":"instock","14":"sale","15":"shipping-taxable","16":"purchasable","17":"product-type-simple"},"_links":{"self":[{"href":"https:\/\/roveyayinevi.com.tr\/index.php\/wp-json\/wp\/v2\/product\/722623","targetHints":{"allow":["GET"]}}],"collection":[{"href":"https:\/\/roveyayinevi.com.tr\/index.php\/wp-json\/wp\/v2\/product"}],"about":[{"href":"https:\/\/roveyayinevi.com.tr\/index.php\/wp-json\/wp\/v2\/types\/product"}],"wp:attachment":[{"href":"https:\/\/roveyayinevi.com.tr\/index.php\/wp-json\/wp\/v2\/media?parent=722623"}],"wp:term":[{"taxonomy":"product_brand","embeddable":true,"href":"https:\/\/roveyayinevi.com.tr\/index.php\/wp-json\/wp\/v2\/product_brand?post=722623"},{"taxonomy":"product_cat","embeddable":true,"href":"https:\/\/roveyayinevi.com.tr\/index.php\/wp-json\/wp\/v2\/product_cat?post=722623"},{"taxonomy":"product_tag","embeddable":true,"href":"https:\/\/roveyayinevi.com.tr\/index.php\/wp-json\/wp\/v2\/product_tag?post=722623"}],"curies":[{"name":"wp","href":"https:\/\/api.w.org\/{rel}","templated":true}]}}