{"id":722622,"date":"2025-08-27T19:06:52","date_gmt":"2025-08-27T16:06:52","guid":{"rendered":"https:\/\/roveyayinevi.com.tr\/index.php\/urun\/uluslararasi-iliskiler-tahlilleri\/"},"modified":"2026-04-16T02:30:34","modified_gmt":"2026-04-15T23:30:34","slug":"uluslararasi-iliskiler-tahlilleri","status":"publish","type":"product","link":"https:\/\/roveyayinevi.com.tr\/index.php\/urun\/uluslararasi-iliskiler-tahlilleri\/","title":{"rendered":"Uluslararas\u0131 \u0130li\u015fkiler Tahlilleri"},"content":{"rendered":"<p>&#8220;Uluslararas\u0131 \u0130li\u015fkiler Tahlilleri&#8221; daima ilgi \u00e7ekici ve faydal\u0131 olacakt\u0131r. Elinizdeki bu kitap, k\u00fcresel ve b\u00f6lgesel politikalar\u0131 anlamada bir ad\u0131m ileri gidebilmemiz i\u00e7in derlenmi\u015f makalelerle bize b\u00f6lgeden k\u00fcresel politikaya bak\u0131\u015f \u00e7er\u00e7evesi sunuyor. Jeopolitik; geri d\u00f6nd\u00fc, bununla birlikte \u00fcstelik art\u0131k sadece donanmalar\u0131, ordular\u0131 ve hava g\u00fcc\u00fcn\u00fc de\u011fil, \u00fczerinde farkl\u0131 rekabetlerin ger\u00e7ekle\u015fti\u011fi mesele alanlar\u0131n\u0131 da kaps\u0131yor. Orhan Karao\u011flu&#8217;nun derledi\u011fi bu \u00e7al\u0131\u015fma; mezhep siyaseti, \u00f6zel askeri \u015firketlerin operasyonlar\u0131, ter\u00f6r \u00f6rg\u00fctleri&#8217;nin vekille\u015ftirilmesi, enerji kaynak ve ge\u00e7i\u015f yollar\u0131 rekabeti, insani m\u00fcdahale ve \u00e7at\u0131\u015fma sonras\u0131 yeniden yap\u0131lanma gibi konular\u0131n \u00f6nce b\u00f6lgesel sonra da k\u00fcresel jeopoliti\u011fin nas\u0131l konusu oldu\u011funu g\u00f6steriyor, bunu da T\u00fcrkiye, Suudi Arabistan, \u0130ran, \u0130srail gibi b\u00f6lge devletlerinin g\u00fcvenlik strateji ve politikalar\u0131na at\u0131fta bulunarak yap\u0131yor. Kapsay\u0131c\u0131 bir \u00e7al\u0131\u015fma olarak, uluslararas\u0131 ili\u015fkileri anlamak i\u00e7in okumaya ba\u015flayanlara da iyi bir k\u0131lavuz niteli\u011findedir.-Prof. Dr. Nur\u015fin Ate\u015fo\u011flu G\u00fcneyUluslararas\u0131 ili\u015fkiler \u00e7al\u0131\u015fmalar\u0131 eskinin ya da yeninin h\u00fck\u00fcm s\u00fcrmedi\u011fi bir d\u00f6neme girmi\u015ftir. Uluslararas\u0131 ili\u015fkiler; konular, akt\u00f6rler ve olaylar aras\u0131nda bazen i\u015fbirli\u011fi genellikle \u00e7at\u0131\u015fma ama her zaman etkile\u015fim olan karma\u015f\u0131k bir d\u00fcnya sunar. Elinizdeki \u00e7al\u0131\u015fma s\u00f6z konusu karma\u015f\u0131kl\u0131\u011f\u0131 yak\u0131ndan tahlil ederek uluslararas\u0131 ili\u015fkilerin farkl\u0131 y\u00f6nlerine \u0131\u015f\u0131k tutma amac\u0131 ta\u015f\u0131maktad\u0131r.-Prof. Dr. \u00c7a\u011fr\u0131 Erhan<\/p>\n","protected":false},"excerpt":{"rendered":"<p>&#8220;Uluslararas\u0131 \u0130li\u015fkiler Tahlilleri&#8221; daima ilgi \u00e7ekici ve faydal\u0131 olacakt\u0131r. Elinizdeki bu kitap, k\u00fcresel ve b\u00f6lgesel politikalar\u0131 anlamada bir ad\u0131m ileri gidebilmemiz i\u00e7in derlenmi\u015f makalelerle bize b\u00f6lgeden<span class=\"excerpt-hellip\"> [\u2026]<\/span><\/p>\n","protected":false},"featured_media":0,"template":"","meta":{"_monsterinsights_skip_tracking":false,"_monsterinsights_sitenote_active":false,"_monsterinsights_sitenote_note":"","_monsterinsights_sitenote_category":0},"product_brand":[],"product_cat":[12337,17225],"product_tag":[],"class_list":{"0":"post-722622","1":"product","2":"type-product","3":"status-publish","5":"product_cat-politika-siyaset","6":"product_cat-uluslararasi-iliskiler","7":"pa_cilt-ciltsiz","8":"pa_tur-kitap","9":"pa_yayinevi-siyasal-kitabevi-akademik-kitaplar","10":"pa_yazar-orhan-karaoglu","12":"first","13":"instock","14":"sale","15":"shipping-taxable","16":"purchasable","17":"product-type-simple"},"_links":{"self":[{"href":"https:\/\/roveyayinevi.com.tr\/index.php\/wp-json\/wp\/v2\/product\/722622","targetHints":{"allow":["GET"]}}],"collection":[{"href":"https:\/\/roveyayinevi.com.tr\/index.php\/wp-json\/wp\/v2\/product"}],"about":[{"href":"https:\/\/roveyayinevi.com.tr\/index.php\/wp-json\/wp\/v2\/types\/product"}],"wp:attachment":[{"href":"https:\/\/roveyayinevi.com.tr\/index.php\/wp-json\/wp\/v2\/media?parent=722622"}],"wp:term":[{"taxonomy":"product_brand","embeddable":true,"href":"https:\/\/roveyayinevi.com.tr\/index.php\/wp-json\/wp\/v2\/product_brand?post=722622"},{"taxonomy":"product_cat","embeddable":true,"href":"https:\/\/roveyayinevi.com.tr\/index.php\/wp-json\/wp\/v2\/product_cat?post=722622"},{"taxonomy":"product_tag","embeddable":true,"href":"https:\/\/roveyayinevi.com.tr\/index.php\/wp-json\/wp\/v2\/product_tag?post=722622"}],"curies":[{"name":"wp","href":"https:\/\/api.w.org\/{rel}","templated":true}]}}