{"id":722619,"date":"2025-08-27T19:06:50","date_gmt":"2025-08-27T16:06:50","guid":{"rendered":"https:\/\/roveyayinevi.com.tr\/index.php\/urun\/coklu-zeka-ve-dikkat-gelistirme-seti-10-kitap\/"},"modified":"2026-04-16T02:30:34","modified_gmt":"2026-04-15T23:30:34","slug":"coklu-zeka-ve-dikkat-gelistirme-seti-10-kitap","status":"publish","type":"product","link":"https:\/\/roveyayinevi.com.tr\/index.php\/urun\/coklu-zeka-ve-dikkat-gelistirme-seti-10-kitap\/","title":{"rendered":"\u00c7oklu Zeka ve Dikkat Geli\u015ftirme Seti (10 Kitap)"},"content":{"rendered":"<p>Zeka d\u00fczeyi ne kadar y\u00fcksek olursa olsun, odaklanma yetene\u011fi d\u00fc\u015f\u00fck olan \u00e7ocuk ba\u015far\u0131l\u0131 olamayaca\u011f\u0131 i\u00e7in, \u00e7ocuklar\u0131n zeka seviyelerinin yan\u0131 s\u0131ra, dikkat s\u00fcreleri de can al\u0131c\u0131 bir \u00f6nem kazanmaktad\u0131r. Bu y\u00fczden ba\u015far\u0131l\u0131 olmas\u0131na vesile oldu\u011fumuz b\u00fct\u00fcn \u00e7ocuklara ilkokul s\u00fcreci boyunca, hem zeka hem de dikkat s\u00fcrelerini art\u0131racak etkinlikler yapt\u0131rd\u0131k. Bunun sonucunda tecr\u00fcbelerimizden, sizin \u00e7ocuklar\u0131n\u0131z\u0131n da yararlanabilmesi amac\u0131yla ortaya bu kitap seti \u00e7\u0131kt\u0131. \u00dcstelik bu set sadece bilsem s\u0131navlar\u0131 i\u00e7in de\u011fil, \u00e7ocu\u011funuzun dikkat s\u00fcresini art\u0131rmaya y\u00f6nelik olarak da her zaman kullan\u0131labilir. Unutmay\u0131n, \u00e7ocu\u011funuzun hayat\u0131n\u0131 de\u011fi\u015ftirebilecek \u015fey \u015fu an elinizde olabilir.  Bu kitap setinde g\u00f6rsel yetenek, say\u0131sal yetenek, \u015fekil yetene\u011fi, dikkat geli\u015ftirme, \u015fifreli sorular, say\u0131sal zeka, d\u00fc\u015f\u00fcnme, s\u00f6zel zeka, \u00fc\u00e7 boyutlu alg\u0131, g\u00f6rsel zeka, odaklanma, mant\u0131k, kar\u015f\u0131la\u015ft\u0131rma becerileri, par\u00e7a-b\u00fct\u00fcn ili\u015fkisi, el-g\u00f6z koordinasyonu, k\u0131sa s\u00fcreli haf\u0131za, kavram becerileri gibi \u00e7ocu\u011funuzun keyifle yapaca\u011f\u0131 etkinlikler yer almaktad\u0131r.<\/p>\n","protected":false},"excerpt":{"rendered":"<p>Zeka d\u00fczeyi ne kadar y\u00fcksek olursa olsun, odaklanma yetene\u011fi d\u00fc\u015f\u00fck olan \u00e7ocuk ba\u015far\u0131l\u0131 olamayaca\u011f\u0131 i\u00e7in, \u00e7ocuklar\u0131n zeka seviyelerinin yan\u0131 s\u0131ra, dikkat s\u00fcreleri de can al\u0131c\u0131 bir<span class=\"excerpt-hellip\"> [\u2026]<\/span><\/p>\n","protected":false},"featured_media":0,"template":"","meta":{"_monsterinsights_skip_tracking":false,"_monsterinsights_sitenote_active":false,"_monsterinsights_sitenote_note":"","_monsterinsights_sitenote_category":0},"product_brand":[],"product_cat":[12274,24599],"product_tag":[],"class_list":{"0":"post-722619","1":"product","2":"type-product","3":"status-publish","5":"product_cat-cocuk-ve-genclik-kitaplari","6":"product_cat-zeka-gelisimi","7":"pa_cilt-ciltsiz","8":"pa_tur-kitap","9":"pa_yayinevi-nesil-cocuk-yayinlari","10":"pa_yazar-halime-atac-basar-atac","12":"first","13":"instock","14":"sale","15":"shipping-taxable","16":"purchasable","17":"product-type-simple"},"_links":{"self":[{"href":"https:\/\/roveyayinevi.com.tr\/index.php\/wp-json\/wp\/v2\/product\/722619","targetHints":{"allow":["GET"]}}],"collection":[{"href":"https:\/\/roveyayinevi.com.tr\/index.php\/wp-json\/wp\/v2\/product"}],"about":[{"href":"https:\/\/roveyayinevi.com.tr\/index.php\/wp-json\/wp\/v2\/types\/product"}],"wp:attachment":[{"href":"https:\/\/roveyayinevi.com.tr\/index.php\/wp-json\/wp\/v2\/media?parent=722619"}],"wp:term":[{"taxonomy":"product_brand","embeddable":true,"href":"https:\/\/roveyayinevi.com.tr\/index.php\/wp-json\/wp\/v2\/product_brand?post=722619"},{"taxonomy":"product_cat","embeddable":true,"href":"https:\/\/roveyayinevi.com.tr\/index.php\/wp-json\/wp\/v2\/product_cat?post=722619"},{"taxonomy":"product_tag","embeddable":true,"href":"https:\/\/roveyayinevi.com.tr\/index.php\/wp-json\/wp\/v2\/product_tag?post=722619"}],"curies":[{"name":"wp","href":"https:\/\/api.w.org\/{rel}","templated":true}]}}