{"id":722616,"date":"2025-08-27T19:06:48","date_gmt":"2025-08-27T16:06:48","guid":{"rendered":"https:\/\/roveyayinevi.com.tr\/index.php\/urun\/vikingler-ciltli\/"},"modified":"2026-04-16T02:30:34","modified_gmt":"2026-04-15T23:30:34","slug":"vikingler-ciltli","status":"publish","type":"product","link":"https:\/\/roveyayinevi.com.tr\/index.php\/urun\/vikingler-ciltli\/","title":{"rendered":"Vikingler (Ciltli)"},"content":{"rendered":"<p>Denizlerin Efsanevi Sava\u015f\u00e7\u0131lar\u0131: S\u0131ra D\u0131\u015f\u0131 Tarihleriyle Vikingler\u2026Norve\u00e7\u2019ten Sicilya\u2019ya, Rusya\u2019dan \u0130rlanda\u2019ya, Atlantik\u2019in \u00f6tesinden Kuzey Amerika\u2019ya, toprak ve ya\u011fma aray\u0131\u015f\u0131yla yerk\u00fcreyi gezen, hem efsanevi hem de tarihi bir topluluk&#8230; M\u00fcthi\u015f hakimiyetleriyle ve teknik becerileriyle denizleri kendi oyun sahalar\u0131na \u00e7evirmi\u015f ac\u0131mas\u0131z ak\u0131nc\u0131lar&#8230; 250 y\u0131ldan daha fazla bir s\u00fcre boyunca Avrupa k\u0131y\u0131lar\u0131n\u0131 ya\u011fmalam\u0131\u015f, karaya \u00e7\u0131kt\u0131klar\u0131 her yerde kal\u0131c\u0131 izler b\u0131rakan korkusuz sava\u015f\u00e7\u0131lar: Vikingler\u2026Viking sava\u015f\u00e7\u0131lar\u0131 y\u00fczy\u0131llar boyunca Kuzey Denizi\u2019nden Akdeniz\u2019e kadar Avrupa k\u0131y\u0131lar\u0131n\u0131 ve gittikleri di\u011fer her yeri kas\u0131p kavurmu\u015ftur. Lakin bu efsanev\u00ee Nordik gemicilerin hikayesi, kandan, ganimetten ve di\u011fer t\u00fcrl\u00fc hazinelerden \u00e7ok daha fazlas\u0131d\u0131r. Sava\u015f\u00e7\u0131l\u0131klar\u0131 d\u0131\u015f\u0131nda korkusuz birer ka\u015fif ve yerle\u015fimci olan Vikingler, yerk\u00fcrenin her yan\u0131nda yolculuklar yaparak, Kristof Kolomb\u2019dan neredeyse 500 y\u0131l \u00f6nce Kuzey Amerika\u2019ya \u00e7\u0131km\u0131\u015ft\u0131r.Renkli foto\u011fraflara ve \u00e7arp\u0131c\u0131 orijinal \u00e7izimlere yer veren bu kitap, bir ak\u0131nc\u0131 sava\u015f\u00e7\u0131 olan hersir\u2019den, tehlikeli sularda yolculuk yapmalar\u0131na imkan sa\u011flayan ikonik yelkenlilerine kadar Vikinglerin t\u00fcm d\u00fcnyas\u0131n\u0131, ailelerini, topluluklar\u0131n\u0131, kurduklar\u0131 ve bug\u00fcn halen etkisi s\u00fcren k\u00fclt\u00fcrlerini, g\u00fcnl\u00fck ya\u015famlar\u0131n\u0131, k\u0131sacas\u0131 tarihe b\u0131rakt\u0131klar\u0131 k\u00fclt\u00fcrlerinin t\u00fcm detaylar\u0131n\u0131 eksiksiz ve olduk\u00e7a ak\u0131c\u0131 bir bi\u00e7imde anlat\u0131yor.Yuvalar\u0131ndaki, evlerindeki ve sava\u015f alan\u0131ndaki hayat tarzlar\u0131n\u0131 ele almas\u0131yla birlikte bu kitap, Vikinglerin \u015f\u00f6hretli d\u00fcnyas\u0131 i\u00e7in harika g\u00f6rsellerle desteklenen bir rehber niteli\u011finde&#8230;<\/p>\n","protected":false},"excerpt":{"rendered":"<p>Denizlerin Efsanevi Sava\u015f\u00e7\u0131lar\u0131: S\u0131ra D\u0131\u015f\u0131 Tarihleriyle Vikingler\u2026Norve\u00e7\u2019ten Sicilya\u2019ya, Rusya\u2019dan \u0130rlanda\u2019ya, Atlantik\u2019in \u00f6tesinden Kuzey Amerika\u2019ya, toprak ve ya\u011fma aray\u0131\u015f\u0131yla yerk\u00fcreyi gezen, hem efsanevi hem de tarihi bir<span class=\"excerpt-hellip\"> [\u2026]<\/span><\/p>\n","protected":false},"featured_media":0,"template":"","meta":{"_monsterinsights_skip_tracking":false,"_monsterinsights_sitenote_active":false,"_monsterinsights_sitenote_note":"","_monsterinsights_sitenote_category":0},"product_brand":[],"product_cat":[12312,12304],"product_tag":[],"class_list":{"0":"post-722616","1":"product","2":"type-product","3":"status-publish","5":"product_cat-diger","6":"product_cat-tarih","7":"pa_cilt-ciltli","8":"pa_tur-kitap","9":"pa_yayinevi-kronik-kitap","10":"pa_yazar-kolektif","12":"first","13":"instock","14":"sale","15":"shipping-taxable","16":"purchasable","17":"product-type-simple"},"_links":{"self":[{"href":"https:\/\/roveyayinevi.com.tr\/index.php\/wp-json\/wp\/v2\/product\/722616","targetHints":{"allow":["GET"]}}],"collection":[{"href":"https:\/\/roveyayinevi.com.tr\/index.php\/wp-json\/wp\/v2\/product"}],"about":[{"href":"https:\/\/roveyayinevi.com.tr\/index.php\/wp-json\/wp\/v2\/types\/product"}],"wp:attachment":[{"href":"https:\/\/roveyayinevi.com.tr\/index.php\/wp-json\/wp\/v2\/media?parent=722616"}],"wp:term":[{"taxonomy":"product_brand","embeddable":true,"href":"https:\/\/roveyayinevi.com.tr\/index.php\/wp-json\/wp\/v2\/product_brand?post=722616"},{"taxonomy":"product_cat","embeddable":true,"href":"https:\/\/roveyayinevi.com.tr\/index.php\/wp-json\/wp\/v2\/product_cat?post=722616"},{"taxonomy":"product_tag","embeddable":true,"href":"https:\/\/roveyayinevi.com.tr\/index.php\/wp-json\/wp\/v2\/product_tag?post=722616"}],"curies":[{"name":"wp","href":"https:\/\/api.w.org\/{rel}","templated":true}]}}