{"id":722614,"date":"2025-08-27T19:06:46","date_gmt":"2025-08-27T16:06:46","guid":{"rendered":"https:\/\/roveyayinevi.com.tr\/index.php\/urun\/ozur-dilerim\/"},"modified":"2026-04-16T02:30:34","modified_gmt":"2026-04-15T23:30:34","slug":"ozur-dilerim","status":"publish","type":"product","link":"https:\/\/roveyayinevi.com.tr\/index.php\/urun\/ozur-dilerim\/","title":{"rendered":"\u00d6z\u00fcr Dilerim"},"content":{"rendered":"<p>Zavall\u0131 \u00e7ocuk Markus.Annesi ona k\u0131zg\u0131n.Bir tanecik, mini minnac\u0131k bir par\u00e7a pasta yedi diye.N\u2019aps\u0131n elinde de\u011fil.Az\u0131c\u0131k kirlendi diye.N\u2019aps\u0131n elinde de\u011fil.\u201cAptal anne\u201d dedi diye.N\u2019aps\u0131n elinde\u2026Durumu d\u00fczeltmek i\u00e7in Markus ne yapabilir?D\u00fcnyan\u0131n belki de en zor s\u00f6zc\u00fc\u011f\u00fc \u00fczerine Stefan Boonen\u2019in yazd\u0131\u011f\u0131 ve Jan Van Lierde\u2019nin resimledi\u011fi bu komik ve i\u00e7 \u0131s\u0131tan hik\u00e2yeyi Ela Serdaro\u011flu dilimize \u00e7evirdi.<\/p>\n","protected":false},"excerpt":{"rendered":"<p>Zavall\u0131 \u00e7ocuk Markus.Annesi ona k\u0131zg\u0131n.Bir tanecik, mini minnac\u0131k bir par\u00e7a pasta yedi diye.N\u2019aps\u0131n elinde de\u011fil.Az\u0131c\u0131k kirlendi diye.N\u2019aps\u0131n elinde de\u011fil.\u201cAptal anne\u201d dedi diye.N\u2019aps\u0131n elinde\u2026Durumu d\u00fczeltmek i\u00e7in Markus<span class=\"excerpt-hellip\"> [\u2026]<\/span><\/p>\n","protected":false},"featured_media":0,"template":"","meta":{"_monsterinsights_skip_tracking":false,"_monsterinsights_sitenote_active":false,"_monsterinsights_sitenote_note":"","_monsterinsights_sitenote_category":0},"product_brand":[],"product_cat":[12274,12518],"product_tag":[],"class_list":{"0":"post-722614","1":"product","2":"type-product","3":"status-publish","5":"product_cat-cocuk-ve-genclik-kitaplari","6":"product_cat-okul-oncesi-kitaplar","7":"pa_cilt-ciltsiz","8":"pa_tur-kitap","9":"pa_yayinevi-potikare-yayincilik","10":"pa_yazar-stefan-boonen","12":"first","13":"instock","14":"sale","15":"shipping-taxable","16":"purchasable","17":"product-type-simple"},"_links":{"self":[{"href":"https:\/\/roveyayinevi.com.tr\/index.php\/wp-json\/wp\/v2\/product\/722614","targetHints":{"allow":["GET"]}}],"collection":[{"href":"https:\/\/roveyayinevi.com.tr\/index.php\/wp-json\/wp\/v2\/product"}],"about":[{"href":"https:\/\/roveyayinevi.com.tr\/index.php\/wp-json\/wp\/v2\/types\/product"}],"wp:attachment":[{"href":"https:\/\/roveyayinevi.com.tr\/index.php\/wp-json\/wp\/v2\/media?parent=722614"}],"wp:term":[{"taxonomy":"product_brand","embeddable":true,"href":"https:\/\/roveyayinevi.com.tr\/index.php\/wp-json\/wp\/v2\/product_brand?post=722614"},{"taxonomy":"product_cat","embeddable":true,"href":"https:\/\/roveyayinevi.com.tr\/index.php\/wp-json\/wp\/v2\/product_cat?post=722614"},{"taxonomy":"product_tag","embeddable":true,"href":"https:\/\/roveyayinevi.com.tr\/index.php\/wp-json\/wp\/v2\/product_tag?post=722614"}],"curies":[{"name":"wp","href":"https:\/\/api.w.org\/{rel}","templated":true}]}}