{"id":722613,"date":"2025-08-27T19:06:45","date_gmt":"2025-08-27T16:06:45","guid":{"rendered":"https:\/\/roveyayinevi.com.tr\/index.php\/urun\/devrim-golge\/"},"modified":"2026-04-08T02:38:08","modified_gmt":"2026-04-07T23:38:08","slug":"devrim-golge","status":"publish","type":"product","link":"https:\/\/roveyayinevi.com.tr\/index.php\/urun\/devrim-golge\/","title":{"rendered":"Devrim &#8211; G\u00f6lge"},"content":{"rendered":"<p>Birka\u00e7 yanl\u0131\u015f tercihin ve amans\u0131z bir adama a\u015f\u0131k olman\u0131n hayat\u0131n\u0131 ne kadar de\u011fi\u015ftirece\u011fini bilmiyordu Devrim. \u00d6l\u00fcm\u00fcn k\u0131y\u0131s\u0131nda dolanmak, i\u00e7indeki s\u0131z\u0131ya g\u00f6\u011f\u00fcs germekten daha kolayd\u0131.Peki ya zihninde dolanan g\u00f6lgeler bir insan formunu ald\u0131\u011f\u0131nda, kaybedilecek tek \u015feyin benli\u011fin oldu\u011fu noktada, her \u015feye kafa tutmak yine de m\u00fcmk\u00fcn m\u00fcyd\u00fc?\u201cDevrim Altun. Bu benim. Devrim ismini lay\u0131\u011f\u0131yla ta\u015f\u0131yorum, \u00e7\u00fcnk\u00fc \u2018devrim\u2019 say\u0131labilecek i\u015flere imza att\u0131\u011f\u0131m s\u00f6ylenebilir. Mesela, ben yat\u0131l\u0131 bir erkek kolejindeki tek k\u0131z\u0131m. Biricik (!) oda arkada\u015f\u0131m ise inanmak istemesem de bir erkek. En tuhaf\u0131ndan, \u00e7ekicisinden \u00fcstelik ve yava\u015f yava\u015f fark etti\u011fim \u00fczere olduk\u00e7a karanl\u0131\u011f\u0131ndan.Neyse ki k\u00f6t\u00fc kararlar, anlat\u0131lmaya de\u011fer iyi hik\u00e2yeler yarat\u0131r.\u201d<\/p>\n","protected":false},"excerpt":{"rendered":"<p>Birka\u00e7 yanl\u0131\u015f tercihin ve amans\u0131z bir adama a\u015f\u0131k olman\u0131n hayat\u0131n\u0131 ne kadar de\u011fi\u015ftirece\u011fini bilmiyordu Devrim. \u00d6l\u00fcm\u00fcn k\u0131y\u0131s\u0131nda dolanmak, i\u00e7indeki s\u0131z\u0131ya g\u00f6\u011f\u00fcs germekten daha kolayd\u0131.Peki ya zihninde<span class=\"excerpt-hellip\"> [\u2026]<\/span><\/p>\n","protected":false},"featured_media":0,"template":"","meta":{"_monsterinsights_skip_tracking":false,"_monsterinsights_sitenote_active":false,"_monsterinsights_sitenote_note":"","_monsterinsights_sitenote_category":0},"product_brand":[],"product_cat":[12291,12711],"product_tag":[],"class_list":{"0":"post-722613","1":"product","2":"type-product","3":"status-publish","5":"product_cat-edebiyat","6":"product_cat-roman-oyku","7":"pa_cilt-ciltsiz","8":"pa_tur-kitap","9":"pa_yayinevi-epsilon-yayinlari","10":"pa_yazar-elif-torun","12":"first","13":"instock","14":"sale","15":"shipping-taxable","16":"purchasable","17":"product-type-simple"},"_links":{"self":[{"href":"https:\/\/roveyayinevi.com.tr\/index.php\/wp-json\/wp\/v2\/product\/722613","targetHints":{"allow":["GET"]}}],"collection":[{"href":"https:\/\/roveyayinevi.com.tr\/index.php\/wp-json\/wp\/v2\/product"}],"about":[{"href":"https:\/\/roveyayinevi.com.tr\/index.php\/wp-json\/wp\/v2\/types\/product"}],"wp:attachment":[{"href":"https:\/\/roveyayinevi.com.tr\/index.php\/wp-json\/wp\/v2\/media?parent=722613"}],"wp:term":[{"taxonomy":"product_brand","embeddable":true,"href":"https:\/\/roveyayinevi.com.tr\/index.php\/wp-json\/wp\/v2\/product_brand?post=722613"},{"taxonomy":"product_cat","embeddable":true,"href":"https:\/\/roveyayinevi.com.tr\/index.php\/wp-json\/wp\/v2\/product_cat?post=722613"},{"taxonomy":"product_tag","embeddable":true,"href":"https:\/\/roveyayinevi.com.tr\/index.php\/wp-json\/wp\/v2\/product_tag?post=722613"}],"curies":[{"name":"wp","href":"https:\/\/api.w.org\/{rel}","templated":true}]}}