{"id":722610,"date":"2025-08-27T19:06:43","date_gmt":"2025-08-27T16:06:43","guid":{"rendered":"https:\/\/roveyayinevi.com.tr\/index.php\/urun\/cocuk-kasabasi-haklarimizi-ogrenelim\/"},"modified":"2026-04-16T02:30:34","modified_gmt":"2026-04-15T23:30:34","slug":"cocuk-kasabasi-haklarimizi-ogrenelim","status":"publish","type":"product","link":"https:\/\/roveyayinevi.com.tr\/index.php\/urun\/cocuk-kasabasi-haklarimizi-ogrenelim\/","title":{"rendered":"\u00c7ocuk Kasabas\u0131 &#8211; Haklar\u0131m\u0131z\u0131 \u00d6\u011frenelim"},"content":{"rendered":"<p>&#8221; G\u00f6zlerimi kapat\u0131p hayal kurmaya ba\u015flard\u0131m. G\u00f6ky\u00fcz\u00fcnden \u00e7a\u011f\u0131rd\u0131\u011f\u0131m ku\u015f beni al\u0131r ve bulutlara \u00e7\u0131kar\u0131rd\u0131. Bir buluttan di\u011ferine atlar, G\u00fcne\u015f&#8217;i kucaklard\u0131m.Bulutlar\u0131n \u00fcst\u00fcnde b\u00fct\u00fcn D\u00fcnya&#8217;y\u0131 dola\u015f\u0131rd\u0131m. K\u00f6ylerin, kasabalar\u0131n, \u015fehirlerin \u00fcst\u00fcnden ge\u00e7erken Oyun oynayan \u00e7ocuklara el sallard\u0131m. Ve \u015fark\u0131 s\u00f6ylerdim.&#8221;Bu kitap T\u00fcrkiye&#8217;nin de imzalad\u0131\u011f\u0131 \u00c7ocuk haklar\u0131 S\u00f6zle\u015fmesi&#8217;ne g\u00f6re kurguland\u0131.&#8221; \u0130stemedi\u011finiz s\u00fcrece hi\u00e7 kimse size dokunamaz. &#8221; B\u00f6yle bir durumla kar\u015f\u0131la\u015ft\u0131\u011f\u0131n\u0131zda mahallenizin muhtar\u0131na, \u00f6\u011fretmeninize, polise veya jandarmaya bildirmelisiniz. ALO 183&#8217;\u00fc arayabilirsiniz.<\/p>\n","protected":false},"excerpt":{"rendered":"<p>&#8221; G\u00f6zlerimi kapat\u0131p hayal kurmaya ba\u015flard\u0131m. G\u00f6ky\u00fcz\u00fcnden \u00e7a\u011f\u0131rd\u0131\u011f\u0131m ku\u015f beni al\u0131r ve bulutlara \u00e7\u0131kar\u0131rd\u0131. Bir buluttan di\u011ferine atlar, G\u00fcne\u015f&#8217;i kucaklard\u0131m.Bulutlar\u0131n \u00fcst\u00fcnde b\u00fct\u00fcn D\u00fcnya&#8217;y\u0131 dola\u015f\u0131rd\u0131m. K\u00f6ylerin, kasabalar\u0131n,<span class=\"excerpt-hellip\"> [\u2026]<\/span><\/p>\n","protected":false},"featured_media":0,"template":"","meta":{"_monsterinsights_skip_tracking":false,"_monsterinsights_sitenote_active":false,"_monsterinsights_sitenote_note":"","_monsterinsights_sitenote_category":0},"product_brand":[],"product_cat":[12274,15842],"product_tag":[],"class_list":{"0":"post-722610","1":"product","2":"type-product","3":"status-publish","5":"product_cat-cocuk-ve-genclik-kitaplari","6":"product_cat-egitici-kitaplar","7":"pa_cilt-ciltsiz","8":"pa_tur-kitap","9":"pa_yayinevi-somut-yayinlari","10":"pa_yazar-aynur-karabulut","12":"first","13":"instock","14":"sale","15":"shipping-taxable","16":"purchasable","17":"product-type-simple"},"_links":{"self":[{"href":"https:\/\/roveyayinevi.com.tr\/index.php\/wp-json\/wp\/v2\/product\/722610","targetHints":{"allow":["GET"]}}],"collection":[{"href":"https:\/\/roveyayinevi.com.tr\/index.php\/wp-json\/wp\/v2\/product"}],"about":[{"href":"https:\/\/roveyayinevi.com.tr\/index.php\/wp-json\/wp\/v2\/types\/product"}],"wp:attachment":[{"href":"https:\/\/roveyayinevi.com.tr\/index.php\/wp-json\/wp\/v2\/media?parent=722610"}],"wp:term":[{"taxonomy":"product_brand","embeddable":true,"href":"https:\/\/roveyayinevi.com.tr\/index.php\/wp-json\/wp\/v2\/product_brand?post=722610"},{"taxonomy":"product_cat","embeddable":true,"href":"https:\/\/roveyayinevi.com.tr\/index.php\/wp-json\/wp\/v2\/product_cat?post=722610"},{"taxonomy":"product_tag","embeddable":true,"href":"https:\/\/roveyayinevi.com.tr\/index.php\/wp-json\/wp\/v2\/product_tag?post=722610"}],"curies":[{"name":"wp","href":"https:\/\/api.w.org\/{rel}","templated":true}]}}