{"id":722609,"date":"2025-08-27T19:06:42","date_gmt":"2025-08-27T16:06:42","guid":{"rendered":"https:\/\/roveyayinevi.com.tr\/index.php\/urun\/gonul-yazilari\/"},"modified":"2026-04-16T02:30:34","modified_gmt":"2026-04-15T23:30:34","slug":"gonul-yazilari","status":"publish","type":"product","link":"https:\/\/roveyayinevi.com.tr\/index.php\/urun\/gonul-yazilari\/","title":{"rendered":"G\u00f6n\u00fcl Yaz\u0131lar\u0131"},"content":{"rendered":"<p>Olumlu D\u00fc\u015f\u00fcnen \u0130nsan OlmakGitti\u011fi her yere bar\u0131\u015f g\u00f6t\u00fcrebilen, b\u00f6l\u00fcc\u00fc de\u011fil ba\u011fda\u015ft\u0131r\u0131c\u0131 olabilen, nefret olan yere sevgi, yaralanma olan yere affedicilik, ku\u015fku olan yere inan\u00e7, \u00fcmitsizlik olan yere \u00fcmit, karanl\u0131k olan yere ayd\u0131nl\u0131k ve \u00fcz\u00fcnt\u00fc olan yere sevin\u00e7 payla\u015ft\u0131ran bir insan\u2026Kusurlar\u0131 g\u00f6renlerden de\u011fil kusurlar\u0131 \u00f6rtenlerden, teselli arayanlardan de\u011fil teselli edenlerden, anlay\u0131\u015f bekleyenlerden de\u011fil anlay\u0131\u015f g\u00f6sterenlerden, yaln\u0131z sevilmeyi isteyenlerden de\u011fil sevenlerden olabilen bir insan\u2026Ya\u011fmur gibi hi\u00e7bir \u015fey ay\u0131rmadan akt\u0131\u011f\u0131 her yere canl\u0131l\u0131k bah\u015feden, g\u00fcne\u015f gibi hi\u00e7bir \u015fey ay\u0131rt etmeyip \u0131\u015f\u0131\u011f\u0131 ile t\u00fcm varl\u0131klar\u0131 ayd\u0131nlatan, toprak gibi her \u015feyin \u00fczerine bas\u0131ld\u0131\u011f\u0131 halde hi\u00e7bir \u015feyini esirgemeyip nimetlerini verebilecek bir insan\u2026Alan de\u011fil veren ellerin, affedici oldu\u011fu i\u00e7in affedenlerin ve sonsuz ya\u015famda yeniden do\u011fanlara sevgi katabilecek bir insan olmak\u2026Murat Ertan<\/p>\n","protected":false},"excerpt":{"rendered":"<p>Olumlu D\u00fc\u015f\u00fcnen \u0130nsan OlmakGitti\u011fi her yere bar\u0131\u015f g\u00f6t\u00fcrebilen, b\u00f6l\u00fcc\u00fc de\u011fil ba\u011fda\u015ft\u0131r\u0131c\u0131 olabilen, nefret olan yere sevgi, yaralanma olan yere affedicilik, ku\u015fku olan yere inan\u00e7, \u00fcmitsizlik olan<span class=\"excerpt-hellip\"> [\u2026]<\/span><\/p>\n","protected":false},"featured_media":0,"template":"","meta":{"_monsterinsights_skip_tracking":false,"_monsterinsights_sitenote_active":false,"_monsterinsights_sitenote_note":"","_monsterinsights_sitenote_category":0},"product_brand":[],"product_cat":[12291,12711],"product_tag":[],"class_list":{"0":"post-722609","1":"product","2":"type-product","3":"status-publish","5":"product_cat-edebiyat","6":"product_cat-roman-oyku","7":"pa_cilt-ciltsiz","8":"pa_tur-kitap","9":"pa_yayinevi-fark-yayinlari","10":"pa_yazar-murat-ertan","12":"first","13":"instock","14":"sale","15":"shipping-taxable","16":"purchasable","17":"product-type-simple"},"_links":{"self":[{"href":"https:\/\/roveyayinevi.com.tr\/index.php\/wp-json\/wp\/v2\/product\/722609","targetHints":{"allow":["GET"]}}],"collection":[{"href":"https:\/\/roveyayinevi.com.tr\/index.php\/wp-json\/wp\/v2\/product"}],"about":[{"href":"https:\/\/roveyayinevi.com.tr\/index.php\/wp-json\/wp\/v2\/types\/product"}],"wp:attachment":[{"href":"https:\/\/roveyayinevi.com.tr\/index.php\/wp-json\/wp\/v2\/media?parent=722609"}],"wp:term":[{"taxonomy":"product_brand","embeddable":true,"href":"https:\/\/roveyayinevi.com.tr\/index.php\/wp-json\/wp\/v2\/product_brand?post=722609"},{"taxonomy":"product_cat","embeddable":true,"href":"https:\/\/roveyayinevi.com.tr\/index.php\/wp-json\/wp\/v2\/product_cat?post=722609"},{"taxonomy":"product_tag","embeddable":true,"href":"https:\/\/roveyayinevi.com.tr\/index.php\/wp-json\/wp\/v2\/product_tag?post=722609"}],"curies":[{"name":"wp","href":"https:\/\/api.w.org\/{rel}","templated":true}]}}