{"id":722608,"date":"2025-08-27T19:06:41","date_gmt":"2025-08-27T16:06:41","guid":{"rendered":"https:\/\/roveyayinevi.com.tr\/index.php\/urun\/neo-kolonyalizm-yeni-somurgecilik-araci-olarak-kitle-turizmi\/"},"modified":"2026-04-16T02:30:34","modified_gmt":"2026-04-15T23:30:34","slug":"neo-kolonyalizm-yeni-somurgecilik-araci-olarak-kitle-turizmi","status":"publish","type":"product","link":"https:\/\/roveyayinevi.com.tr\/index.php\/urun\/neo-kolonyalizm-yeni-somurgecilik-araci-olarak-kitle-turizmi\/","title":{"rendered":"Neo &#8211; Kolonyalizm (Yeni S\u00f6m\u00fcrgecilik) Arac\u0131 Olarak Kitle Turizmi"},"content":{"rendered":"<p>21. y\u00fczy\u0131la gelindi\u011finde klasik anlamda kolonyalizm sona erse de bat\u0131n\u0131n eski s\u00f6m\u00fcrgeleri \u00fczerinde egemenlik kurma gayretleri sona ermemi\u015ftir. Eski s\u00f6m\u00fcrgeci \u00fclkeler ayn\u0131 ama\u00e7lar\u0131n\u0131 \u00e7o\u011funlukla farkl\u0131 y\u00f6ntemlerle devam ettirme gayretindedir. \u0130kinci D\u00fcnya Sava\u015f\u0131\u2019ndan sonra ortaya \u00e7\u0131kan ve neo-kolonyalizm olarak adland\u0131r\u0131lan bu d\u00f6nemde modern kitle turizminin de neo-kolonyalizm arac\u0131 olarak kullan\u0131ld\u0131\u011f\u0131 \u00f6zellikle uluslararas\u0131 alanyaz\u0131nda s\u0131k s\u0131k dile getirilmektedir. Kitle turizminin neo-kolonyalist etkileri ile T\u00fcrkiye\u2019de m\u00fccedele etmek zorunda b\u0131rak\u0131lm\u0131\u015fsa da ulusal alanyaz\u0131nda kitle turizmi ve neo-kolonyalizm ili\u015fkisini ortaya koyan, bu do\u011frultuda kitle turizmine farkl\u0131 bir bak\u0131\u015f a\u00e7\u0131s\u0131 getirerek inceleyen bir \u00e7al\u0131\u015fmaya rastlanmam\u0131\u015ft\u0131r. Bu nedenle alanyaz\u0131ndaki \u00f6nemli bir bo\u015flu\u011fu doldurmak amac\u0131yla kitle turizmi ve neo-kolonyalizm ili\u015fkisini ele alan bir \u00e7al\u0131\u015fman\u0131n yap\u0131lmas\u0131na gereksinim duyulmu\u015ftur.<\/p>\n","protected":false},"excerpt":{"rendered":"<p>21. y\u00fczy\u0131la gelindi\u011finde klasik anlamda kolonyalizm sona erse de bat\u0131n\u0131n eski s\u00f6m\u00fcrgeleri \u00fczerinde egemenlik kurma gayretleri sona ermemi\u015ftir. Eski s\u00f6m\u00fcrgeci \u00fclkeler ayn\u0131 ama\u00e7lar\u0131n\u0131 \u00e7o\u011funlukla farkl\u0131 y\u00f6ntemlerle<span class=\"excerpt-hellip\"> [\u2026]<\/span><\/p>\n","protected":false},"featured_media":0,"template":"","meta":{"_monsterinsights_skip_tracking":false,"_monsterinsights_sitenote_active":false,"_monsterinsights_sitenote_note":"","_monsterinsights_sitenote_category":0},"product_brand":[],"product_cat":[20333,13043],"product_tag":[],"class_list":{"0":"post-722608","1":"product","2":"type-product","3":"status-publish","5":"product_cat-diger-ekonomi","6":"product_cat-ekonomi","7":"pa_cilt-ciltsiz","8":"pa_tur-kitap","9":"pa_yayinevi-gazi-kitabevi","10":"pa_yazar-yusuf-dundar","12":"first","13":"instock","14":"sale","15":"shipping-taxable","16":"purchasable","17":"product-type-simple"},"_links":{"self":[{"href":"https:\/\/roveyayinevi.com.tr\/index.php\/wp-json\/wp\/v2\/product\/722608","targetHints":{"allow":["GET"]}}],"collection":[{"href":"https:\/\/roveyayinevi.com.tr\/index.php\/wp-json\/wp\/v2\/product"}],"about":[{"href":"https:\/\/roveyayinevi.com.tr\/index.php\/wp-json\/wp\/v2\/types\/product"}],"wp:attachment":[{"href":"https:\/\/roveyayinevi.com.tr\/index.php\/wp-json\/wp\/v2\/media?parent=722608"}],"wp:term":[{"taxonomy":"product_brand","embeddable":true,"href":"https:\/\/roveyayinevi.com.tr\/index.php\/wp-json\/wp\/v2\/product_brand?post=722608"},{"taxonomy":"product_cat","embeddable":true,"href":"https:\/\/roveyayinevi.com.tr\/index.php\/wp-json\/wp\/v2\/product_cat?post=722608"},{"taxonomy":"product_tag","embeddable":true,"href":"https:\/\/roveyayinevi.com.tr\/index.php\/wp-json\/wp\/v2\/product_tag?post=722608"}],"curies":[{"name":"wp","href":"https:\/\/api.w.org\/{rel}","templated":true}]}}