{"id":722607,"date":"2025-08-27T19:06:41","date_gmt":"2025-08-27T16:06:41","guid":{"rendered":"https:\/\/roveyayinevi.com.tr\/index.php\/urun\/blizzard-futbol-kultur-dergisi-sayi-3\/"},"modified":"2026-04-16T02:30:34","modified_gmt":"2026-04-15T23:30:34","slug":"blizzard-futbol-kultur-dergisi-sayi-3","status":"publish","type":"product","link":"https:\/\/roveyayinevi.com.tr\/index.php\/urun\/blizzard-futbol-kultur-dergisi-sayi-3\/","title":{"rendered":"Blizzard Futbol K\u00fclt\u00fcr Dergisi Say\u0131: 3"},"content":{"rendered":"<p>Futbol k\u00fclt\u00fcr\u00fcn\u00fcn en s\u0131rad\u0131\u015f\u0131 dergisi The Blizzard\u2019\u0131n T\u00fcrkiye aya\u011f\u0131 The Blizzard T\u00fcrkiye \u00fc\u00e7\u00fcnc\u00fc say\u0131s\u0131yla devam ediyor. \u00dc\u00e7\u00fcnc\u00fc say\u0131 da ilk iki say\u0131da oldu\u011fu gibi hem \u00f6zg\u00fcn hem de \u0130ngiltere\u2019de \u015fimdiye dek yay\u0131mlanm\u0131\u015f otuzdan fazla say\u0131dan se\u00e7ilen yaz\u0131lardan olu\u015fan bir derlemeyle okurlarla bulu\u015fuyor.\u201cVelhas\u0131l, mottomuz belli; Cesar Luis Menotti\u2019den geliyor: \u2018Sadece futboldan anlayan, asl\u0131nda futboldan da anlamaz&#8230;\u2019\u201dYeni bir Blizzard, kendimize ve tabii okuyucumuza verdi\u011fimiz tarihten biraz sonra \u00e7\u0131k\u0131yor. Bu vesileyle \u00f6z\u00fcr dilemeyi de ihmal etmeyelim. Bu say\u0131daki yaz\u0131lar\u0131n derlenmesinde, derginin edit\u00f6r\u00fc ve 10 numaras\u0131 Bora \u0130\u015fyar\u2019\u0131n haz\u0131rl\u0131k paslar\u0131 ve oyun kurgusu son derece \u00f6nemliydi\u2026 Buyurun \u00fc\u00e7\u00fcnc\u00fc say\u0131n\u0131n i\u00e7eri\u011fi:Kit Holden \u2013 Do\u011fu\u2019nun \u00c7ocuklar\u0131. Lokomotif Leipzig tak\u0131m\u0131n\u0131n hikayesini anlat\u0131rken, Do\u011fu Almaya\u2019da, birle\u015fme \u00f6ncesi ve sonras\u0131, futbol, siyaset, ve k\u00fclt\u00fcr aras\u0131ndaki ili\u015fkilere dikkat \u00e7ekiyor.Uli Hesse \u2013 St. Pauli Din mi De\u011fi\u015ftiriyor? Kar\u015f\u0131 k\u00fclt\u00fcrel duru\u015fu ile tan\u0131nan St. Pauli\u2019nin etik de\u011ferler sistemi ve sa\u011flam mali gelecek kayg\u0131lar\u0131 aras\u0131nda nas\u0131l bir denge kurabilece\u011fini inceliyor.David Owen \u2013 Sa\u011f \u00dcst K\u00f6\u015fe. Posta pullar\u0131 \u00fczerine resmedilerek \u00f6l\u00fcms\u00fczle\u015ftirilen futbol anlar\u0131ndan bir derleme sunuyor.Justin Muchnick \u2013 Cantona Partenondur. Muchnick bizi AEK ile ba\u015flayan, oradan Akropol\u2019e, Jackson Pollock\u2019a, ve en sonunda Eric Cantona\u2019ya kadar uzanan felsefi, k\u00fclt\u00fcrel, ve tarihsel bir yolculu\u011fa \u00e7\u0131kar\u0131yor.Christopher Lash \u2013 Muhalafet Etmek. Lash, Terlecki ve Kosecki\u2019nin Polonya\u2019daki otoriter rejime nas\u0131l kar\u015f\u0131 geldiklerini anlat\u0131yor.Rob Kirby \u2013 \u00d6l\u00fcm Tarlalar\u0131\u2019n\u0131n Ard\u0131ndan. K\u0131z\u0131l Kmerler taraf\u0131ndan neredeyse tamam\u0131yla yok edilen Kambo\u00e7ya futbolunun geri d\u00f6n\u00fc\u015f maceras\u0131.Vladimir Novak\u2019tan D\u00fc\u015f\u00fcn\u00fcr. Bursaspor ile \u015fampiyonluk ya\u015fayan Ivan Ergi\u00e7 ile futbol, felsefe, ve sosyal adalet \u00fczerine bir s\u00f6yle\u015fi.Muazzez \u015ea\u015fmaz Ata\u00e7ocu\u011fu\u2019ndan Futbolda Emek. Futboldaki emek ve sermaye ili\u015fkisini T\u00fcrkiye\u2019deki alt ligler \u00fczerinden sorunsalla\u015ft\u0131r\u0131yor.\u0130brahim Alt\u0131nsay\u2019dan Varbol Futbola Kar\u015f\u0131. Mutlak ger\u00e7eklik ve adalet iddias\u0131yla ortaya \u00e7\u0131kan VAR\u2019\u0131n oyun \u00fczerindeki olumsuz etkileri.Girdi\u011fimiz y\u0131l\u0131n s\u00f6ylemesi kolay, yazmas\u0131 kolay&#8230; Ya\u015famas\u0131 da kolay olsun. Sakin, huzurlu, bol goll\u00fc ve okumal\u0131 bir 2020 dileriz&#8230;\u201d- Tan Morg\u00fcl<\/p>\n","protected":false},"excerpt":{"rendered":"<p>Futbol k\u00fclt\u00fcr\u00fcn\u00fcn en s\u0131rad\u0131\u015f\u0131 dergisi The Blizzard\u2019\u0131n T\u00fcrkiye aya\u011f\u0131 The Blizzard T\u00fcrkiye \u00fc\u00e7\u00fcnc\u00fc say\u0131s\u0131yla devam ediyor. \u00dc\u00e7\u00fcnc\u00fc say\u0131 da ilk iki say\u0131da oldu\u011fu gibi hem \u00f6zg\u00fcn<span class=\"excerpt-hellip\"> [\u2026]<\/span><\/p>\n","protected":false},"featured_media":0,"template":"","meta":{"_monsterinsights_skip_tracking":false,"_monsterinsights_sitenote_active":false,"_monsterinsights_sitenote_note":"","_monsterinsights_sitenote_category":0},"product_brand":[],"product_cat":[13527],"product_tag":[],"class_list":{"0":"post-722607","1":"product","2":"type-product","3":"status-publish","5":"product_cat-sureli-yayinlar","6":"pa_cilt-ciltsiz","7":"pa_tur-dergi","8":"pa_yayinevi-ithaki-yayinlari","9":"pa_yazar-kolektif","11":"first","12":"instock","13":"sale","14":"shipping-taxable","15":"purchasable","16":"product-type-simple"},"_links":{"self":[{"href":"https:\/\/roveyayinevi.com.tr\/index.php\/wp-json\/wp\/v2\/product\/722607","targetHints":{"allow":["GET"]}}],"collection":[{"href":"https:\/\/roveyayinevi.com.tr\/index.php\/wp-json\/wp\/v2\/product"}],"about":[{"href":"https:\/\/roveyayinevi.com.tr\/index.php\/wp-json\/wp\/v2\/types\/product"}],"wp:attachment":[{"href":"https:\/\/roveyayinevi.com.tr\/index.php\/wp-json\/wp\/v2\/media?parent=722607"}],"wp:term":[{"taxonomy":"product_brand","embeddable":true,"href":"https:\/\/roveyayinevi.com.tr\/index.php\/wp-json\/wp\/v2\/product_brand?post=722607"},{"taxonomy":"product_cat","embeddable":true,"href":"https:\/\/roveyayinevi.com.tr\/index.php\/wp-json\/wp\/v2\/product_cat?post=722607"},{"taxonomy":"product_tag","embeddable":true,"href":"https:\/\/roveyayinevi.com.tr\/index.php\/wp-json\/wp\/v2\/product_tag?post=722607"}],"curies":[{"name":"wp","href":"https:\/\/api.w.org\/{rel}","templated":true}]}}