{"id":722601,"date":"2025-08-27T19:06:35","date_gmt":"2025-08-27T16:06:35","guid":{"rendered":"https:\/\/roveyayinevi.com.tr\/index.php\/urun\/adam-manfried\/"},"modified":"2026-04-16T02:30:34","modified_gmt":"2026-04-15T23:30:34","slug":"adam-manfried","status":"publish","type":"product","link":"https:\/\/roveyayinevi.com.tr\/index.php\/urun\/adam-manfried\/","title":{"rendered":"Adam Manfried"},"content":{"rendered":"<p>Ya d\u00fcnyay\u0131 kediler y\u00f6netseydi?Steve Kedio\u011flu, t\u00fcm arkada\u015flar\u0131 \u00e7oktan aile kurup yavrulam\u0131\u015fken \u00e7a\u011fr\u0131 merkezindeki s\u0131k\u0131c\u0131 i\u015fi ve bomba patlam\u0131\u015f gibi darmada\u011f\u0131n evi aras\u0131nda kapana k\u0131s\u0131lm\u0131\u015ft\u0131. Hayat\u0131ndaki tek mutlulu\u011fu, evcil adam\u0131 Manfried\u2019d\u0131. Bir g\u00fcn dikkatsizli\u011fi y\u00fcz\u00fcnden Manfried evden ka\u00e7\u0131nca, hem dostunun k\u0131ymetini anlayacak hem de yepyeni bir fark\u0131ndal\u0131\u011fa ula\u015facakt\u0131. Kedilerle insanlar\u0131n yer de\u011fi\u015ftirdi\u011fi bu d\u00fcnyaya dald\u0131\u011f\u0131n\u0131zda, bir daha kedinize asla ayn\u0131 g\u00f6zle bakamayacaks\u0131n\u0131z!A.V. Club\u2019a g\u00f6re 2018\u2019in en iyi \u00e7izgi roman\u0131, Paste\u2019e g\u00f6re 2018\u2019in en iyi 25 \u00e7izgi roman\u0131ndan biri.\u201cEvcil hayvan\u0131 olan herkes okumal\u0131.\u201d -A. V. Club\u201cBeklenmedik derecede duygusal.\u201d -The Comics Beat\u201cBu hik\u00e2yede herkes kendinden bir \u015feyler bulacak.\u201d -Newsarama\u201cEvcil hayvanlar\u0131n\u0131 da di\u011fer insanlar\u0131 sevdi\u011fi kadar seven herkes keyifle okuyacak.\u201d -Philadelphia Life\u201c\u0130nsanla kedi aras\u0131ndaki ili\u015fkiye dair beklenmedik bir bak\u0131\u015f a\u00e7\u0131s\u0131 sunuyor.\u201d -Library Journal\u201cGer\u00e7eklik alg\u0131n\u0131z\u0131 zorlayacak kadar e\u011flenceli.\u201d -Foreword Reviews\u201cDostluk \u00fczerine i\u00e7inizi \u0131s\u0131tacak bir hikaye.\u201d -Publishers Weekly\u201cBa\u015f\u0131ndan sonuna ger\u00e7ekten duygusal ama mizah\u0131 kesinlikle daha \u00f6n planda.\u201d -Book Mine Set<\/p>\n","protected":false},"excerpt":{"rendered":"<p>Ya d\u00fcnyay\u0131 kediler y\u00f6netseydi?Steve Kedio\u011flu, t\u00fcm arkada\u015flar\u0131 \u00e7oktan aile kurup yavrulam\u0131\u015fken \u00e7a\u011fr\u0131 merkezindeki s\u0131k\u0131c\u0131 i\u015fi ve bomba patlam\u0131\u015f gibi darmada\u011f\u0131n evi aras\u0131nda kapana k\u0131s\u0131lm\u0131\u015ft\u0131. Hayat\u0131ndaki tek<span class=\"excerpt-hellip\"> [\u2026]<\/span><\/p>\n","protected":false},"featured_media":0,"template":"","meta":{"_monsterinsights_skip_tracking":false,"_monsterinsights_sitenote_active":false,"_monsterinsights_sitenote_note":"","_monsterinsights_sitenote_category":0},"product_brand":[],"product_cat":[12416,12291],"product_tag":[],"class_list":{"0":"post-722601","1":"product","2":"type-product","3":"status-publish","5":"product_cat-cizgi-roman","6":"product_cat-edebiyat","7":"pa_cilt-ciltsiz","8":"pa_tur-kitap","9":"pa_yayinevi-yabanci-yayinevi","10":"pa_yazar-caitlin-major-kelly-bastow","12":"first","13":"instock","14":"sale","15":"shipping-taxable","16":"purchasable","17":"product-type-simple"},"_links":{"self":[{"href":"https:\/\/roveyayinevi.com.tr\/index.php\/wp-json\/wp\/v2\/product\/722601","targetHints":{"allow":["GET"]}}],"collection":[{"href":"https:\/\/roveyayinevi.com.tr\/index.php\/wp-json\/wp\/v2\/product"}],"about":[{"href":"https:\/\/roveyayinevi.com.tr\/index.php\/wp-json\/wp\/v2\/types\/product"}],"wp:attachment":[{"href":"https:\/\/roveyayinevi.com.tr\/index.php\/wp-json\/wp\/v2\/media?parent=722601"}],"wp:term":[{"taxonomy":"product_brand","embeddable":true,"href":"https:\/\/roveyayinevi.com.tr\/index.php\/wp-json\/wp\/v2\/product_brand?post=722601"},{"taxonomy":"product_cat","embeddable":true,"href":"https:\/\/roveyayinevi.com.tr\/index.php\/wp-json\/wp\/v2\/product_cat?post=722601"},{"taxonomy":"product_tag","embeddable":true,"href":"https:\/\/roveyayinevi.com.tr\/index.php\/wp-json\/wp\/v2\/product_tag?post=722601"}],"curies":[{"name":"wp","href":"https:\/\/api.w.org\/{rel}","templated":true}]}}