{"id":722600,"date":"2025-08-27T19:06:35","date_gmt":"2025-08-27T16:06:35","guid":{"rendered":"https:\/\/roveyayinevi.com.tr\/index.php\/urun\/7-farkli-ses\/"},"modified":"2026-04-16T02:30:34","modified_gmt":"2026-04-15T23:30:34","slug":"7-farkli-ses","status":"publish","type":"product","link":"https:\/\/roveyayinevi.com.tr\/index.php\/urun\/7-farkli-ses\/","title":{"rendered":"7 Farkl\u0131 Ses"},"content":{"rendered":"<p>Yedi farkl\u0131 \u00f6yk\u00fcc\u00fcn\u00fcn \u00e7al\u0131\u015fmalar\u0131ndan derlenen bu k\u00fc\u00e7\u00fck kitab\u0131, yay\u0131na haz\u0131rlayan Ferhat Uludere \u015f\u00f6yle anlat\u0131yor: \u2018Kitab\u0131n sayfalar\u0131 aras\u0131nda birbirinden farkl\u0131 yedi \u00f6yk\u00fc yer al\u0131yor. Her biri farkl\u0131 tarzda ve farkl\u0131 bir teknikle yaz\u0131ld\u0131\u2026 Elinizde tuttu\u011funuz kitap k\u00fc\u00e7\u00fck bir kitap olabilir ama her bir \u00f6yk\u00fcn\u00fcn hayatla bir derdi var.Kitapta yer alan \u00f6yk\u00fcler \u0130stanbul M\u00fcjdat Gezen Sanat Merkezi ve \u0130zmir Yaz\u0131 \u00c7izi \u00c7eki At\u00f6lyesi\u2019nin ortakla\u015fa ger\u00e7ekle\u015ftirdi\u011fi Yarat\u0131c\u0131 Yazarl\u0131k At\u00f6lyelerinin \u00fcr\u00fcnleri. Nerdeyse bir y\u0131la yak\u0131n bir s\u00fcre, \u00fczerinde \u00e7al\u0131\u015f\u0131lm\u0131\u015f metotlar\u0131n ka\u011f\u0131da d\u00f6k\u00fclm\u00fc\u015f halleri. T\u00fcrk \u00f6yk\u00fcc\u00fcl\u00fc\u011f\u00fcn\u00fcn yeni seslerini tan\u0131mak i\u00e7in g\u00fczel bir derleme oldu\u011funu d\u00fc\u015f\u00fcn\u00fcyoruz, keyifli okumalar.<\/p>\n","protected":false},"excerpt":{"rendered":"<p>Yedi farkl\u0131 \u00f6yk\u00fcc\u00fcn\u00fcn \u00e7al\u0131\u015fmalar\u0131ndan derlenen bu k\u00fc\u00e7\u00fck kitab\u0131, yay\u0131na haz\u0131rlayan Ferhat Uludere \u015f\u00f6yle anlat\u0131yor: \u2018Kitab\u0131n sayfalar\u0131 aras\u0131nda birbirinden farkl\u0131 yedi \u00f6yk\u00fc yer al\u0131yor. Her biri farkl\u0131<span class=\"excerpt-hellip\"> [\u2026]<\/span><\/p>\n","protected":false},"featured_media":0,"template":"","meta":{"_monsterinsights_skip_tracking":false,"_monsterinsights_sitenote_active":false,"_monsterinsights_sitenote_note":"","_monsterinsights_sitenote_category":0},"product_brand":[],"product_cat":[12291,12711],"product_tag":[],"class_list":{"0":"post-722600","1":"product","2":"type-product","3":"status-publish","5":"product_cat-edebiyat","6":"product_cat-roman-oyku","7":"pa_cilt-ciltsiz","8":"pa_tur-kitap","9":"pa_yayinevi-chiviyazilari-yayinevi","10":"pa_yazar-kolektif","12":"first","13":"instock","14":"sale","15":"shipping-taxable","16":"purchasable","17":"product-type-simple"},"_links":{"self":[{"href":"https:\/\/roveyayinevi.com.tr\/index.php\/wp-json\/wp\/v2\/product\/722600","targetHints":{"allow":["GET"]}}],"collection":[{"href":"https:\/\/roveyayinevi.com.tr\/index.php\/wp-json\/wp\/v2\/product"}],"about":[{"href":"https:\/\/roveyayinevi.com.tr\/index.php\/wp-json\/wp\/v2\/types\/product"}],"wp:attachment":[{"href":"https:\/\/roveyayinevi.com.tr\/index.php\/wp-json\/wp\/v2\/media?parent=722600"}],"wp:term":[{"taxonomy":"product_brand","embeddable":true,"href":"https:\/\/roveyayinevi.com.tr\/index.php\/wp-json\/wp\/v2\/product_brand?post=722600"},{"taxonomy":"product_cat","embeddable":true,"href":"https:\/\/roveyayinevi.com.tr\/index.php\/wp-json\/wp\/v2\/product_cat?post=722600"},{"taxonomy":"product_tag","embeddable":true,"href":"https:\/\/roveyayinevi.com.tr\/index.php\/wp-json\/wp\/v2\/product_tag?post=722600"}],"curies":[{"name":"wp","href":"https:\/\/api.w.org\/{rel}","templated":true}]}}