{"id":722599,"date":"2025-08-27T19:06:34","date_gmt":"2025-08-27T16:06:34","guid":{"rendered":"https:\/\/roveyayinevi.com.tr\/index.php\/urun\/hesaplasma-5\/"},"modified":"2026-04-16T02:30:34","modified_gmt":"2026-04-15T23:30:34","slug":"hesaplasma-5","status":"publish","type":"product","link":"https:\/\/roveyayinevi.com.tr\/index.php\/urun\/hesaplasma-5\/","title":{"rendered":"Hesapla\u015fma"},"content":{"rendered":"<p>Nedeni son ana kadar tahmin edilemeyen bir cinayet&#8230; Metodist kilisesine ba\u011fl\u0131 olan Pete Banning, serin bir ekim sabah\u0131 yola \u00e7\u0131kt\u0131, kasabadaki kiliseye girdi ve arkada\u015f\u0131 olan Rahip Dexter Bell\u2019e so\u011fukkanl\u0131l\u0131kla \u00fc\u00e7 el ate\u015f etti. Cinayet kadar \u015fa\u015f\u0131rt\u0131c\u0131 olan bir ba\u015fka \u015fey de katilin avukatlar\u0131na, yarg\u0131ca, j\u00fcriye ve kendi ailesine s\u00f6yledi\u011fi tek c\u00fcmleydi: \u201cS\u00f6yleyecek bir \u015feyim yok!\u201d Banning idam edilmekten korkmuyordu ve s\u0131rr\u0131n\u0131 elektrikli sandalyeye g\u00f6t\u00fcrmeye haz\u0131rd\u0131. \u00d6nceki romanlar\u0131ndan \u00e7ok farkl\u0131 olan bu kitapta John Grisham, bizi \u0131rk\u00e7\u0131 d\u00fczenin s\u00fcrd\u00fc\u011f\u00fc G\u00fcney\u2019den sava\u015f y\u0131llar\u0131ndaki Filipinler\u2019e, s\u0131rlarla dolu bir ak\u0131l hastanesinden, avukat\u0131n\u0131n Banning\u2019i kurtarmak i\u00e7in \u00e7\u0131rp\u0131nd\u0131\u011f\u0131 mahkeme salonuna do\u011fru inan\u0131lmaz bir yolculu\u011fa \u00e7\u0131kar\u0131yor. <\/p>\n","protected":false},"excerpt":{"rendered":"<p>Nedeni son ana kadar tahmin edilemeyen bir cinayet&#8230; Metodist kilisesine ba\u011fl\u0131 olan Pete Banning, serin bir ekim sabah\u0131 yola \u00e7\u0131kt\u0131, kasabadaki kiliseye girdi ve arkada\u015f\u0131 olan<span class=\"excerpt-hellip\"> [\u2026]<\/span><\/p>\n","protected":false},"featured_media":0,"template":"","meta":{"_monsterinsights_skip_tracking":false,"_monsterinsights_sitenote_active":false,"_monsterinsights_sitenote_note":"","_monsterinsights_sitenote_category":0},"product_brand":[],"product_cat":[12291,12711],"product_tag":[],"class_list":{"0":"post-722599","1":"product","2":"type-product","3":"status-publish","5":"product_cat-edebiyat","6":"product_cat-roman-oyku","7":"pa_cilt-ciltsiz","8":"pa_tur-kitap","9":"pa_yayinevi-remzi-kitabevi","10":"pa_yazar-john-grisham","12":"first","13":"instock","14":"sale","15":"shipping-taxable","16":"purchasable","17":"product-type-simple"},"_links":{"self":[{"href":"https:\/\/roveyayinevi.com.tr\/index.php\/wp-json\/wp\/v2\/product\/722599","targetHints":{"allow":["GET"]}}],"collection":[{"href":"https:\/\/roveyayinevi.com.tr\/index.php\/wp-json\/wp\/v2\/product"}],"about":[{"href":"https:\/\/roveyayinevi.com.tr\/index.php\/wp-json\/wp\/v2\/types\/product"}],"wp:attachment":[{"href":"https:\/\/roveyayinevi.com.tr\/index.php\/wp-json\/wp\/v2\/media?parent=722599"}],"wp:term":[{"taxonomy":"product_brand","embeddable":true,"href":"https:\/\/roveyayinevi.com.tr\/index.php\/wp-json\/wp\/v2\/product_brand?post=722599"},{"taxonomy":"product_cat","embeddable":true,"href":"https:\/\/roveyayinevi.com.tr\/index.php\/wp-json\/wp\/v2\/product_cat?post=722599"},{"taxonomy":"product_tag","embeddable":true,"href":"https:\/\/roveyayinevi.com.tr\/index.php\/wp-json\/wp\/v2\/product_tag?post=722599"}],"curies":[{"name":"wp","href":"https:\/\/api.w.org\/{rel}","templated":true}]}}