{"id":722598,"date":"2025-08-27T19:06:33","date_gmt":"2025-08-27T16:06:33","guid":{"rendered":"https:\/\/roveyayinevi.com.tr\/index.php\/urun\/mutlulugumun-sabahi\/"},"modified":"2026-04-16T02:30:34","modified_gmt":"2026-04-15T23:30:34","slug":"mutlulugumun-sabahi","status":"publish","type":"product","link":"https:\/\/roveyayinevi.com.tr\/index.php\/urun\/mutlulugumun-sabahi\/","title":{"rendered":"Mutlulu\u011fumun Sabah\u0131"},"content":{"rendered":"<p>2001 Elaz\u0131\u011f do\u011fumluyum. Liseyi yeni bitirdim.  \u015eu an 19 ya\u015f\u0131nday\u0131m. Ve daha yolun ba\u015f\u0131nday\u0131m.  \u0130lk kitab\u0131m olan \u2018\u2019Mutlulu\u011fumun Sabah\u0131\u2019\u2019 eserimden sizlere i\u00e7imden ge\u00e7en duygular\u0131 aktarmak istedim. Umar\u0131m yazm\u0131\u015f oldu\u011fum \u015fiirlerimi be\u011fenirsiniz.  Hayat\u0131mda de\u011fer verdi\u011fim insanlar oldu. Bazen bir insan\u0131n i\u00e7ti\u011fi sigaraya,  bazen kahvesini i\u00e7ti\u011fi barda\u011fa,  bazen att\u0131\u011f\u0131 ad\u0131ma ve daha ba\u015fka \u00f6zeliklerine\u2026 De\u011fer verdi\u011fin insan\u0131n baz\u0131 halleri ve davran\u0131\u015flar\u0131 insan\u0131 a\u015f\u0131k eder. Bu duygular ile yaz\u0131lm\u0131\u015f \u015fiir demetlerinden bir kesit okuyacaks\u0131n\u0131z\u2026 <\/p>\n","protected":false},"excerpt":{"rendered":"<p>2001 Elaz\u0131\u011f do\u011fumluyum. Liseyi yeni bitirdim. \u015eu an 19 ya\u015f\u0131nday\u0131m. Ve daha yolun ba\u015f\u0131nday\u0131m. \u0130lk kitab\u0131m olan \u2018\u2019Mutlulu\u011fumun Sabah\u0131\u2019\u2019 eserimden sizlere i\u00e7imden ge\u00e7en duygular\u0131 aktarmak istedim.<span class=\"excerpt-hellip\"> [\u2026]<\/span><\/p>\n","protected":false},"featured_media":0,"template":"","meta":{"_monsterinsights_skip_tracking":false,"_monsterinsights_sitenote_active":false,"_monsterinsights_sitenote_note":"","_monsterinsights_sitenote_category":0},"product_brand":[],"product_cat":[12291,12509],"product_tag":[],"class_list":{"0":"post-722598","1":"product","2":"type-product","3":"status-publish","5":"product_cat-edebiyat","6":"product_cat-siir","7":"pa_cilt-ciltsiz","8":"pa_tur-kitap","9":"pa_yayinevi-gulnar-yayinlari","10":"pa_yazar-gorkem-telceken","12":"first","13":"instock","14":"sale","15":"shipping-taxable","16":"purchasable","17":"product-type-simple"},"_links":{"self":[{"href":"https:\/\/roveyayinevi.com.tr\/index.php\/wp-json\/wp\/v2\/product\/722598","targetHints":{"allow":["GET"]}}],"collection":[{"href":"https:\/\/roveyayinevi.com.tr\/index.php\/wp-json\/wp\/v2\/product"}],"about":[{"href":"https:\/\/roveyayinevi.com.tr\/index.php\/wp-json\/wp\/v2\/types\/product"}],"wp:attachment":[{"href":"https:\/\/roveyayinevi.com.tr\/index.php\/wp-json\/wp\/v2\/media?parent=722598"}],"wp:term":[{"taxonomy":"product_brand","embeddable":true,"href":"https:\/\/roveyayinevi.com.tr\/index.php\/wp-json\/wp\/v2\/product_brand?post=722598"},{"taxonomy":"product_cat","embeddable":true,"href":"https:\/\/roveyayinevi.com.tr\/index.php\/wp-json\/wp\/v2\/product_cat?post=722598"},{"taxonomy":"product_tag","embeddable":true,"href":"https:\/\/roveyayinevi.com.tr\/index.php\/wp-json\/wp\/v2\/product_tag?post=722598"}],"curies":[{"name":"wp","href":"https:\/\/api.w.org\/{rel}","templated":true}]}}