{"id":722597,"date":"2025-08-27T19:06:32","date_gmt":"2025-08-27T16:06:32","guid":{"rendered":"https:\/\/roveyayinevi.com.tr\/index.php\/urun\/yucel-teskilati\/"},"modified":"2026-04-16T02:30:34","modified_gmt":"2026-04-15T23:30:34","slug":"yucel-teskilati","status":"publish","type":"product","link":"https:\/\/roveyayinevi.com.tr\/index.php\/urun\/yucel-teskilati\/","title":{"rendered":"Y\u00fccel Te\u015fkilat\u0131"},"content":{"rendered":"<p>Yugoslavya T\u00fcrkl\u00fc\u011f\u00fcn\u00fcn selameti i\u00e7in kurulan Y\u00fccel Te\u015fkilat\u0131 (1945) hi\u00e7 \u015f\u00fcphesiz Makedonya\u2019daki kurulu\u015flar aras\u0131nda \u00f6nemli bir sivil toplum \u00f6rg\u00fct\u00fc olma \u00f6zelli\u011fine sahipti. Di\u011fer yandan Y\u00fccel Te\u015fkilat\u0131, II. D\u00fcnya Sava\u015f\u0131 d\u00f6neminde Bulgaristan ve Yugoslavya taraf\u0131ndan Makedonya T\u00fcrklerine kar\u015f\u0131 yap\u0131lan sistemli bask\u0131lara kar\u015f\u0131 direni\u015f g\u00f6stermi\u015ftir.19 il\u00e2 25 Ocak 1948 tarihleri aras\u0131nda Y\u00fccel mensuplar\u0131 bir tak\u0131m mesnetsiz iddialarla h\u00e2kim \u00f6n\u00fcne \u00e7\u0131kar\u0131larak yarg\u0131lanm\u0131\u015flar ve i\u00e7lerinden d\u00f6rd\u00fc idama, di\u011ferleri ise \u00e7e\u015fitli hapis ve s\u00fcrg\u00fcn cezalar\u0131na \u00e7arpt\u0131r\u0131lm\u0131\u015flard\u0131r. Bu \u00e7al\u0131\u015fmada Y\u00fccel Te\u015fkilat\u0131 s\u00f6z konusu d\u00f6nemde Yugoslavya\u2019da kurulmu\u015f di\u011fer direni\u015f \u00f6rg\u00fctleriyle kar\u015f\u0131la\u015ft\u0131rmal\u0131 bir y\u00f6ntemle analiz edilmektedir. Elinizde tutmu\u015f oldu\u011funuz bu kitap \u00f6zellikle Y\u00fccel mensuplar\u0131n\u0131n tutulduklar\u0131 hapishaneler hakk\u0131nda yeni bilgiler ortaya koymaktad\u0131r. Ayr\u0131ca \u00dcsk\u00fcp B\u00f6lge Mahkemesi\u2019nde 1945 il\u00e2 1960 y\u0131llar\u0131 aras\u0131nda yarg\u0131lanan 164 T\u00fcrk\u00fcn isimleri ilk kez bu \u00e7al\u0131\u015fmayla g\u00fcn y\u00fcz\u00fcne \u00e7\u0131kar\u0131lmaktad\u0131r. Y\u00fccel bir bak\u0131ma Kuzey K\u0131br\u0131s T\u00fcrkl\u00fc\u011f\u00fcn\u00fcn varl\u0131\u011f\u0131 tehdit alt\u0131na girdi\u011fi vakit adada T\u00fcrkler taraf\u0131ndan hayata ge\u00e7irilmi\u015f olan T\u00fcrk Mukavemet Te\u015fkilat\u0131n\u0131 hat\u0131rlatmaktad\u0131r.Ger\u00e7ek manada bir direni\u015f \u00f6yk\u00fcs\u00fcn\u00fcn anlat\u0131ld\u0131\u011f\u0131 bu eser yo\u011fun bir mesainin sonucunda haz\u0131rlanm\u0131\u015f ve siz de\u011ferli okuyucular\u0131m\u0131z\u0131n istifadesine sunulmu\u015ftur. Bilim d\u00fcnyas\u0131n-da ufuklar a\u00e7mas\u0131 dile\u011fiyle&#8230;<\/p>\n","protected":false},"excerpt":{"rendered":"<p>Yugoslavya T\u00fcrkl\u00fc\u011f\u00fcn\u00fcn selameti i\u00e7in kurulan Y\u00fccel Te\u015fkilat\u0131 (1945) hi\u00e7 \u015f\u00fcphesiz Makedonya\u2019daki kurulu\u015flar aras\u0131nda \u00f6nemli bir sivil toplum \u00f6rg\u00fct\u00fc olma \u00f6zelli\u011fine sahipti. Di\u011fer yandan Y\u00fccel Te\u015fkilat\u0131, II.<span class=\"excerpt-hellip\"> [\u2026]<\/span><\/p>\n","protected":false},"featured_media":0,"template":"","meta":{"_monsterinsights_skip_tracking":false,"_monsterinsights_sitenote_active":false,"_monsterinsights_sitenote_note":"","_monsterinsights_sitenote_category":0},"product_brand":[],"product_cat":[12305,12304],"product_tag":[],"class_list":{"0":"post-722597","1":"product","2":"type-product","3":"status-publish","5":"product_cat-dunya-tarihi","6":"product_cat-tarih","7":"pa_cilt-ciltsiz","8":"pa_tur-kitap","9":"pa_yayinevi-astana-yayinlari","10":"pa_yazar-ercan-turksoylu","12":"first","13":"instock","14":"sale","15":"shipping-taxable","16":"purchasable","17":"product-type-simple"},"_links":{"self":[{"href":"https:\/\/roveyayinevi.com.tr\/index.php\/wp-json\/wp\/v2\/product\/722597","targetHints":{"allow":["GET"]}}],"collection":[{"href":"https:\/\/roveyayinevi.com.tr\/index.php\/wp-json\/wp\/v2\/product"}],"about":[{"href":"https:\/\/roveyayinevi.com.tr\/index.php\/wp-json\/wp\/v2\/types\/product"}],"wp:attachment":[{"href":"https:\/\/roveyayinevi.com.tr\/index.php\/wp-json\/wp\/v2\/media?parent=722597"}],"wp:term":[{"taxonomy":"product_brand","embeddable":true,"href":"https:\/\/roveyayinevi.com.tr\/index.php\/wp-json\/wp\/v2\/product_brand?post=722597"},{"taxonomy":"product_cat","embeddable":true,"href":"https:\/\/roveyayinevi.com.tr\/index.php\/wp-json\/wp\/v2\/product_cat?post=722597"},{"taxonomy":"product_tag","embeddable":true,"href":"https:\/\/roveyayinevi.com.tr\/index.php\/wp-json\/wp\/v2\/product_tag?post=722597"}],"curies":[{"name":"wp","href":"https:\/\/api.w.org\/{rel}","templated":true}]}}