{"id":722593,"date":"2025-08-27T19:06:29","date_gmt":"2025-08-27T16:06:29","guid":{"rendered":"https:\/\/roveyayinevi.com.tr\/index.php\/urun\/asya-hun-imparatorlugu\/"},"modified":"2026-04-16T02:30:34","modified_gmt":"2026-04-15T23:30:34","slug":"asya-hun-imparatorlugu","status":"publish","type":"product","link":"https:\/\/roveyayinevi.com.tr\/index.php\/urun\/asya-hun-imparatorlugu\/","title":{"rendered":"Asya Hun \u0130mparatorlu\u011fu"},"content":{"rendered":"<p>Asker\u00ee meziyetleri y\u00fcksek ve muzaffer bir T\u00fcrk devleti olan Asya Hun \u0130mparatorlu\u011fu\u2019nun (M\u00d6 209 &#8211; MS 216) kurulu\u015fundan y\u0131k\u0131l\u0131\u015f\u0131na kadar siyasi tarihinin anlat\u0131ld\u0131\u011f\u0131 elinizdeki eserde; y\u00fcr\u00fctt\u00fc\u011f\u00fc i\u00e7 ve d\u0131\u015f siyaseti, diplomatik ve ticari faaliyetleri, alabildi\u011fince geni\u015f topraklar\u0131nda hassasiyetle i\u015fletti\u011fi g\u00fcvenlik a\u011f\u0131, liderlik, sadakat ve liyakate verdi\u011fi de\u011fer gibi \u00f6zelliklerine de vurgu yap\u0131lm\u0131\u015ft\u0131r. Ayr\u0131ca bu \u00e7al\u0131\u015fmada Motun\u2019un en iyi \u00c7in yemeklerini bile \u201cpis kokulu ve i\u011fren\u00e7\u201d diye nitelendirerek halk\u0131n\u0131n \u00c7in k\u00fclt\u00fcr\u00fcne ilgi duymas\u0131na engel olmaya \u00e7al\u0131\u015fmas\u0131, Wu-wei Ch\u2019an-y\u00fc\u2019n\u00fcn kendisine hakaret eden \u00c7in el\u00e7isinin de\u011fil, onu iyi incelemeden huzuruna \u00e7\u0131kartan g\u00f6revlinin ba\u015f\u0131n\u0131 almas\u0131, \u00c7in \u0130mparatoru Wu-ti\u2019nin Hunlar kar\u015f\u0131s\u0131ndaki yenilgilerini yap\u0131lan b\u00fcy\u00fclere ba\u011flamas\u0131 gibi ilgin\u00e7 olaylar, devletin par\u00e7alanma ve y\u0131k\u0131lma sebepleri, Ge\u00e7 D\u00f6nem Hun devletlerindeki Buddhizm \u00e7al\u0131\u015fmalar\u0131 g\u00f6r\u00fclecek, Hun kurganlar\u0131nda bulunan ola\u011fan\u00fcst\u00fc eserler ile de zamanda yolculuk yap\u0131larak \u00fcst\u00fcn Hun medeniyetine \u015fahit olunacakt\u0131r.. <\/p>\n","protected":false},"excerpt":{"rendered":"<p>Asker\u00ee meziyetleri y\u00fcksek ve muzaffer bir T\u00fcrk devleti olan Asya Hun \u0130mparatorlu\u011fu\u2019nun (M\u00d6 209 &#8211; MS 216) kurulu\u015fundan y\u0131k\u0131l\u0131\u015f\u0131na kadar siyasi tarihinin anlat\u0131ld\u0131\u011f\u0131 elinizdeki eserde; y\u00fcr\u00fctt\u00fc\u011f\u00fc<span class=\"excerpt-hellip\"> [\u2026]<\/span><\/p>\n","protected":false},"featured_media":0,"template":"","meta":{"_monsterinsights_skip_tracking":false,"_monsterinsights_sitenote_active":false,"_monsterinsights_sitenote_note":"","_monsterinsights_sitenote_category":0},"product_brand":[],"product_cat":[12304,13650],"product_tag":[],"class_list":{"0":"post-722593","1":"product","2":"type-product","3":"status-publish","5":"product_cat-tarih","6":"product_cat-turk-tarihi-arastirmalari","7":"pa_cilt-ciltsiz","8":"pa_tur-kitap","9":"pa_yayinevi-bilge-kultur-sanat","10":"pa_yazar-tilla-deniz-baykuzu","12":"first","13":"instock","14":"sale","15":"shipping-taxable","16":"purchasable","17":"product-type-simple"},"_links":{"self":[{"href":"https:\/\/roveyayinevi.com.tr\/index.php\/wp-json\/wp\/v2\/product\/722593","targetHints":{"allow":["GET"]}}],"collection":[{"href":"https:\/\/roveyayinevi.com.tr\/index.php\/wp-json\/wp\/v2\/product"}],"about":[{"href":"https:\/\/roveyayinevi.com.tr\/index.php\/wp-json\/wp\/v2\/types\/product"}],"wp:attachment":[{"href":"https:\/\/roveyayinevi.com.tr\/index.php\/wp-json\/wp\/v2\/media?parent=722593"}],"wp:term":[{"taxonomy":"product_brand","embeddable":true,"href":"https:\/\/roveyayinevi.com.tr\/index.php\/wp-json\/wp\/v2\/product_brand?post=722593"},{"taxonomy":"product_cat","embeddable":true,"href":"https:\/\/roveyayinevi.com.tr\/index.php\/wp-json\/wp\/v2\/product_cat?post=722593"},{"taxonomy":"product_tag","embeddable":true,"href":"https:\/\/roveyayinevi.com.tr\/index.php\/wp-json\/wp\/v2\/product_tag?post=722593"}],"curies":[{"name":"wp","href":"https:\/\/api.w.org\/{rel}","templated":true}]}}