{"id":722592,"date":"2025-08-27T19:06:29","date_gmt":"2025-08-27T16:06:29","guid":{"rendered":"https:\/\/roveyayinevi.com.tr\/index.php\/urun\/15-yuzyil-osmanli-kronikleri\/"},"modified":"2026-04-16T02:30:34","modified_gmt":"2026-04-15T23:30:34","slug":"15-yuzyil-osmanli-kronikleri","status":"publish","type":"product","link":"https:\/\/roveyayinevi.com.tr\/index.php\/urun\/15-yuzyil-osmanli-kronikleri\/","title":{"rendered":"15. Y\u00fczy\u0131l Osmanl\u0131 Kronikleri"},"content":{"rendered":"<p>Cihan\u015f\u00fcmul bir devlet kurdu Osmano\u011fullar\u0131. Bu devletin, ilk 215 y\u0131l\u0131na dair temel kaynaklar\u0131m\u0131z 15. y\u00fczy\u0131l Osmanl\u0131 kronikleridir. Osmanl\u0131 imparatorluk tarihinin idari, siyasi, asker\u00ee, mali, hukuki, sosyal vesair konular\u0131na dair ilk bilgiler, \u00e2deta \u2018ilk iki asr\u0131n ya\u015fayan haf\u0131zas\u0131\u2019 olan bu eserlerde sakl\u0131d\u0131r. Tarih\u00e7i, edebiyat\u00e7\u0131 veya tarih merakl\u0131s\u0131 birinin ilk m\u00fcracaat edece\u011fi tarih malzemesi bu kaynaklard\u0131r. Ne var ki, kroniklerde baz\u0131 tarih\u00ee olaylar\u0131n anlat\u0131m\u0131nda ger\u00e7ek ile ger\u00e7ek d\u0131\u015f\u0131, tarih ile efsane tam anlam\u0131yla i\u00e7 i\u00e7e ge\u00e7mi\u015f; mesele, \u00e7\u00f6z\u00fclmesi imk\u00e2ns\u0131z bir k\u00f6rd\u00fc\u011f\u00fcm h\u00e2lini alm\u0131\u015ft\u0131r. Bu eserde, Osmanl\u0131 tarihine dair az veya yanl\u0131\u015f bilinen \u015fu hususlar inceleme konusu yap\u0131lm\u0131\u015ft\u0131r: \u201cErtu\u011frul Gazi\u2019nin Tarih\u00ee Kimli\u011fi\u201d \/ \u201cRumeli\u2019ye Ge\u00e7i\u015f Hik\u00e2yesi (Ger\u00e7ek ile efsane i\u00e7 i\u00e7e)\u201d \/ \u201cSultan Orhan Ad\u0131na Rumeli\u2019de \u0130lk Hutbe\u201d \/ \u201cY\u0131ld\u0131r\u0131m Bayezid\u2019in Vefat\u0131 Meselesi\u201d \/ \u201cYer Adlar\u0131n\u0131n Verili\u015f Hik\u00e2yesi\u201d \/ \u201c15. Y\u00fczy\u0131l Osmanl\u0131 Kronikleri (\u0130lk iki asr\u0131n ya\u015fayan haf\u0131zas\u0131): Devlet \u0130daresi ve Te\u015fkilat\u0131; Sosyal Hayat\u201d \/ \u201cKurulu\u015f D\u00f6nemi Osmanl\u0131 Padi\u015fahlar\u0131 (\u015fiir)\u201d. Birbirinden ilgin\u00e7 bu konular\u0131n i\u015flendi\u011fi elinizdeki eserin tarih merakl\u0131lar\u0131na faydal\u0131 olmas\u0131 temennisiyle&#8230;   <\/p>\n","protected":false},"excerpt":{"rendered":"<p>Cihan\u015f\u00fcmul bir devlet kurdu Osmano\u011fullar\u0131. Bu devletin, ilk 215 y\u0131l\u0131na dair temel kaynaklar\u0131m\u0131z 15. y\u00fczy\u0131l Osmanl\u0131 kronikleridir. Osmanl\u0131 imparatorluk tarihinin idari, siyasi, asker\u00ee, mali, hukuki, sosyal<span class=\"excerpt-hellip\"> [\u2026]<\/span><\/p>\n","protected":false},"featured_media":0,"template":"","meta":{"_monsterinsights_skip_tracking":false,"_monsterinsights_sitenote_active":false,"_monsterinsights_sitenote_note":"","_monsterinsights_sitenote_category":0},"product_brand":[],"product_cat":[13517,12304],"product_tag":[],"class_list":{"0":"post-722592","1":"product","2":"type-product","3":"status-publish","5":"product_cat-osmanli-tarihi","6":"product_cat-tarih","7":"pa_cilt-ciltsiz","8":"pa_tur-kitap","9":"pa_yayinevi-bilge-kultur-sanat","10":"pa_yazar-necdet-ozturk","12":"first","13":"instock","14":"sale","15":"shipping-taxable","16":"purchasable","17":"product-type-simple"},"_links":{"self":[{"href":"https:\/\/roveyayinevi.com.tr\/index.php\/wp-json\/wp\/v2\/product\/722592","targetHints":{"allow":["GET"]}}],"collection":[{"href":"https:\/\/roveyayinevi.com.tr\/index.php\/wp-json\/wp\/v2\/product"}],"about":[{"href":"https:\/\/roveyayinevi.com.tr\/index.php\/wp-json\/wp\/v2\/types\/product"}],"wp:attachment":[{"href":"https:\/\/roveyayinevi.com.tr\/index.php\/wp-json\/wp\/v2\/media?parent=722592"}],"wp:term":[{"taxonomy":"product_brand","embeddable":true,"href":"https:\/\/roveyayinevi.com.tr\/index.php\/wp-json\/wp\/v2\/product_brand?post=722592"},{"taxonomy":"product_cat","embeddable":true,"href":"https:\/\/roveyayinevi.com.tr\/index.php\/wp-json\/wp\/v2\/product_cat?post=722592"},{"taxonomy":"product_tag","embeddable":true,"href":"https:\/\/roveyayinevi.com.tr\/index.php\/wp-json\/wp\/v2\/product_tag?post=722592"}],"curies":[{"name":"wp","href":"https:\/\/api.w.org\/{rel}","templated":true}]}}