{"id":722590,"date":"2025-08-27T19:06:27","date_gmt":"2025-08-27T16:06:27","guid":{"rendered":"https:\/\/roveyayinevi.com.tr\/index.php\/urun\/zamanin-esiginde\/"},"modified":"2026-04-16T02:30:34","modified_gmt":"2026-04-15T23:30:34","slug":"zamanin-esiginde","status":"publish","type":"product","link":"https:\/\/roveyayinevi.com.tr\/index.php\/urun\/zamanin-esiginde\/","title":{"rendered":"Zaman\u0131n E\u015fi\u011finde"},"content":{"rendered":"<p>D\u00fcnle yar\u0131n aras\u0131nda hayat s\u00fcren insano\u011flu varl\u0131\u011f\u0131n\u0131 zaman\u0131n \u00fcst\u00fcne \u00e7\u0131karma endi\u015fesi ta\u015f\u0131r. Zaman\u0131n \u00fcst\u00fcne \u00e7\u0131kmak, ge\u00e7mi\u015fi bilmek ve b\u00f6ylece gelece\u011fe uzanmak \u015fuuru \u015feklinde tezah\u00fcr eder. Bug\u00fcnk\u00fc varl\u0131\u011f\u0131m\u0131z as\u0131rlar\u0131n miras\u0131d\u0131r, bu miras\u0131 yok sayarak ger\u00e7ek anlamda var olmak m\u00fcmk\u00fcn de\u011fildir. B\u00fcy\u00fck bir k\u00fclt\u00fcr ve medeniyet birikiminin v\u00e2risiyiz. Miras hepimizin, kavgam\u0131z payla\u015fma kavgas\u0131 de\u011fil, reddimiras kavgas\u0131. Reddimiras\u0131n yol a\u00e7t\u0131\u011f\u0131 a\u011f\u0131r tahribat\u0131 g\u00f6rmezden gelerek de yolumuza devam edebiliriz, bu yollardan biridir. Bu, kimliksizli\u011fi se\u00e7me veya yeni ve yapma bir kimlik edinme demektir. \u0130kinci yol mirasla kavgad\u0131r, yani onu \u00e7at\u0131\u015fma konusu yapmakt\u0131r. T\u00fcrkiye reddimirasla yetinmemi\u015f miras\u0131n\u0131 \u00e7at\u0131\u015fma konusu yapm\u0131\u015ft\u0131r. Bin y\u0131ll\u0131k k\u00fclt\u00fcrel birikim ve meden\u00ee miras, \u015furas\u0131ndan buras\u0131ndan didiklenerek \u00f6nemsizle\u015ftirilmi\u015f ve b\u00f6ylece ge\u00e7mi\u015fiyle kavgal\u0131 bir kimlik yap\u0131s\u0131 olu\u015fturulmu\u015ftur. Mustafa Atikeba\u015f, bu konular \u00fczerinde ciddi olarak d\u00fc\u015f\u00fcnen ve k\u00fclt\u00fcrel miras\u0131m\u0131z\u0131 do\u011fru kavrayarak de\u011ferlendirmeler yapan sorumlu bir ayd\u0131n\u0131m\u0131z. Bu kitapta yer alan yaz\u0131lar onun a\u011f\u0131r hasara u\u011fram\u0131\u015f zihnimizi sa\u011fl\u0131\u011f\u0131na kavu\u015fturma cehdinin sonucu. Bu konular \u00fczerinde hakk\u0131n\u0131 vererek duran kalem sahibi \u00e7ok fazla de\u011fil. Zaman\u0131n E\u015fi\u011finde kitab\u0131 yazar\u0131n e\u015fikten a\u015fma yolunda g\u00fc\u00e7l\u00fc bir ad\u0131m\u0131 olarak g\u00f6r\u00fclmeli.                                                                                         \u23bcD. Mehmet Do\u011fan <\/p>\n","protected":false},"excerpt":{"rendered":"<p>D\u00fcnle yar\u0131n aras\u0131nda hayat s\u00fcren insano\u011flu varl\u0131\u011f\u0131n\u0131 zaman\u0131n \u00fcst\u00fcne \u00e7\u0131karma endi\u015fesi ta\u015f\u0131r. Zaman\u0131n \u00fcst\u00fcne \u00e7\u0131kmak, ge\u00e7mi\u015fi bilmek ve b\u00f6ylece gelece\u011fe uzanmak \u015fuuru \u015feklinde tezah\u00fcr eder. Bug\u00fcnk\u00fc<span class=\"excerpt-hellip\"> [\u2026]<\/span><\/p>\n","protected":false},"featured_media":0,"template":"","meta":{"_monsterinsights_skip_tracking":false,"_monsterinsights_sitenote_active":false,"_monsterinsights_sitenote_note":"","_monsterinsights_sitenote_category":0},"product_brand":[],"product_cat":[12777,12291],"product_tag":[],"class_list":{"0":"post-722590","1":"product","2":"type-product","3":"status-publish","5":"product_cat-deneme","6":"product_cat-edebiyat","7":"pa_cilt-ciltsiz","8":"pa_tur-kitap","9":"pa_yayinevi-bilge-kultur-sanat","10":"pa_yazar-mustafa-atikebas","12":"first","13":"instock","14":"sale","15":"shipping-taxable","16":"purchasable","17":"product-type-simple"},"_links":{"self":[{"href":"https:\/\/roveyayinevi.com.tr\/index.php\/wp-json\/wp\/v2\/product\/722590","targetHints":{"allow":["GET"]}}],"collection":[{"href":"https:\/\/roveyayinevi.com.tr\/index.php\/wp-json\/wp\/v2\/product"}],"about":[{"href":"https:\/\/roveyayinevi.com.tr\/index.php\/wp-json\/wp\/v2\/types\/product"}],"wp:attachment":[{"href":"https:\/\/roveyayinevi.com.tr\/index.php\/wp-json\/wp\/v2\/media?parent=722590"}],"wp:term":[{"taxonomy":"product_brand","embeddable":true,"href":"https:\/\/roveyayinevi.com.tr\/index.php\/wp-json\/wp\/v2\/product_brand?post=722590"},{"taxonomy":"product_cat","embeddable":true,"href":"https:\/\/roveyayinevi.com.tr\/index.php\/wp-json\/wp\/v2\/product_cat?post=722590"},{"taxonomy":"product_tag","embeddable":true,"href":"https:\/\/roveyayinevi.com.tr\/index.php\/wp-json\/wp\/v2\/product_tag?post=722590"}],"curies":[{"name":"wp","href":"https:\/\/api.w.org\/{rel}","templated":true}]}}