{"id":722589,"date":"2025-08-27T19:06:26","date_gmt":"2025-08-27T16:06:26","guid":{"rendered":"https:\/\/roveyayinevi.com.tr\/index.php\/urun\/alfabe-sirki-laf-cambazi\/"},"modified":"2026-04-16T02:30:33","modified_gmt":"2026-04-15T23:30:33","slug":"alfabe-sirki-laf-cambazi","status":"publish","type":"product","link":"https:\/\/roveyayinevi.com.tr\/index.php\/urun\/alfabe-sirki-laf-cambazi\/","title":{"rendered":"Alfabe Sirki &#8211; Laf Cambaz\u0131"},"content":{"rendered":"<p>Buras\u0131 Alfabe Sirki, t\u00fcm oyunlar harflerle ilgili, bu sirkin jongl\u00f6r\u00fc de sensin akrobat\u0131 da!Haydi hopla, z\u0131pla, \u00e7evir harfleri, E\u011flenceye kat\u0131l, tamamla etkinlikleri!<\/p>\n","protected":false},"excerpt":{"rendered":"<p>Buras\u0131 Alfabe Sirki, t\u00fcm oyunlar harflerle ilgili, bu sirkin jongl\u00f6r\u00fc de sensin akrobat\u0131 da!Haydi hopla, z\u0131pla, \u00e7evir harfleri, E\u011flenceye kat\u0131l, tamamla etkinlikleri!<\/p>\n","protected":false},"featured_media":0,"template":"","meta":{"_monsterinsights_skip_tracking":false,"_monsterinsights_sitenote_active":false,"_monsterinsights_sitenote_note":"","_monsterinsights_sitenote_category":0},"product_brand":[],"product_cat":[12274,12518],"product_tag":[],"class_list":{"0":"post-722589","1":"product","2":"type-product","3":"status-publish","5":"product_cat-cocuk-ve-genclik-kitaplari","6":"product_cat-okul-oncesi-kitaplar","7":"pa_cilt-ciltsiz","8":"pa_tur-kitap","9":"pa_yayinevi-abm-yayinevi","10":"pa_yazar-seda-akipek","12":"first","13":"instock","14":"sale","15":"shipping-taxable","16":"purchasable","17":"product-type-simple"},"_links":{"self":[{"href":"https:\/\/roveyayinevi.com.tr\/index.php\/wp-json\/wp\/v2\/product\/722589","targetHints":{"allow":["GET"]}}],"collection":[{"href":"https:\/\/roveyayinevi.com.tr\/index.php\/wp-json\/wp\/v2\/product"}],"about":[{"href":"https:\/\/roveyayinevi.com.tr\/index.php\/wp-json\/wp\/v2\/types\/product"}],"wp:attachment":[{"href":"https:\/\/roveyayinevi.com.tr\/index.php\/wp-json\/wp\/v2\/media?parent=722589"}],"wp:term":[{"taxonomy":"product_brand","embeddable":true,"href":"https:\/\/roveyayinevi.com.tr\/index.php\/wp-json\/wp\/v2\/product_brand?post=722589"},{"taxonomy":"product_cat","embeddable":true,"href":"https:\/\/roveyayinevi.com.tr\/index.php\/wp-json\/wp\/v2\/product_cat?post=722589"},{"taxonomy":"product_tag","embeddable":true,"href":"https:\/\/roveyayinevi.com.tr\/index.php\/wp-json\/wp\/v2\/product_tag?post=722589"}],"curies":[{"name":"wp","href":"https:\/\/api.w.org\/{rel}","templated":true}]}}