{"id":722585,"date":"2025-08-27T19:06:23","date_gmt":"2025-08-27T16:06:23","guid":{"rendered":"https:\/\/roveyayinevi.com.tr\/index.php\/urun\/alti-numara\/"},"modified":"2026-04-16T02:30:33","modified_gmt":"2026-04-15T23:30:33","slug":"alti-numara","status":"publish","type":"product","link":"https:\/\/roveyayinevi.com.tr\/index.php\/urun\/alti-numara\/","title":{"rendered":"Alt\u0131 Numara"},"content":{"rendered":"<p>\u201cUnutma! Kimseye G\u00fcvenemezsin.\u201d2022 y\u0131l\u0131nda d\u00fcnya nereden geldi\u011fi anla\u015f\u0131lamayan bir vir\u00fcs\u00fcn pen\u00e7esine d\u00fc\u015fer. Vir\u00fcs\u00fcn ba\u015fkalar\u0131na bula\u015fmas\u0131 i\u00e7in fiziksel temas yetmektedir. \u0130nsanlar kaosa s\u00fcr\u00fcklenir, h\u00fck\u00fcmetler d\u00fc\u015fer. Herkes kendi ba\u015f\u0131n\u0131n \u00e7aresine bakmak zorunda kal\u0131r. T\u00fcm bu kaosun i\u00e7inde vir\u00fcsten ar\u0131nd\u0131r\u0131lm\u0131\u015f, insanlar\u0131n refah i\u00e7inde ya\u015famlar\u0131n\u0131 s\u00fcrd\u00fcrebildi\u011fi bir yer oldu\u011fu yay\u0131l\u0131r kulaktan kula\u011fa: Beyaz Ada. Beyaz Ada\u2019ya nereden ve nas\u0131l gidilece\u011fi ise bilinmemektedir.Bir mucize ger\u00e7ekle\u015fir ve \u00e7ocuklu\u011funu \u00e7e\u015fitli zorbal\u0131klara maruz kalarak ge\u00e7iren albinizm hastas\u0131 Kaan Kutay vir\u00fcs kapan bir kimseyle fiziksel temasta bulunmas\u0131na ra\u011fmen yarat\u0131\u011fa d\u00f6n\u00fc\u015fmez. \u0130nsan \u0131rk\u0131n\u0131 kurtarmak i\u00e7in \u00e7e\u015fitli ara\u015ft\u0131rmalar yapan ve vir\u00fcs\u00fc yok etmeye \u00e7al\u0131\u015fan bilim insanlar\u0131n\u0131n hemen dikkatini \u00e7eker Kaan\u2019\u0131n bu \u00f6zel durumu. Kaan kendisini asl\u0131nda hi\u00e7 de istemedi\u011fi, bedellerinin \u00e7ok a\u011f\u0131r oldu\u011fu garip bir oyunun i\u00e7inde bulur.Bir tesad\u00fcf sonucu Kaan yaln\u0131z olmad\u0131\u011f\u0131n\u0131, kendisi gibi ba\u015fka insanlar da oldu\u011funu \u00f6\u011frenir. G\u00f6revi bellidir, bir an \u00f6nce yeteneklerini ke\u015ffedip kendisi gibi albino olan di\u011fer insanlar\u0131 bulmal\u0131d\u0131r. Yoksa Buta Deneyleri sonucu yarat\u0131lmaya \u00e7al\u0131\u015f\u0131lan \u00fcst\u00fcn \u0131rk d\u00fcnyan\u0131n sonunu getirecektir.<\/p>\n","protected":false},"excerpt":{"rendered":"<p>\u201cUnutma! Kimseye G\u00fcvenemezsin.\u201d2022 y\u0131l\u0131nda d\u00fcnya nereden geldi\u011fi anla\u015f\u0131lamayan bir vir\u00fcs\u00fcn pen\u00e7esine d\u00fc\u015fer. Vir\u00fcs\u00fcn ba\u015fkalar\u0131na bula\u015fmas\u0131 i\u00e7in fiziksel temas yetmektedir. \u0130nsanlar kaosa s\u00fcr\u00fcklenir, h\u00fck\u00fcmetler d\u00fc\u015fer. Herkes kendi<span class=\"excerpt-hellip\"> [\u2026]<\/span><\/p>\n","protected":false},"featured_media":0,"template":"","meta":{"_monsterinsights_skip_tracking":false,"_monsterinsights_sitenote_active":false,"_monsterinsights_sitenote_note":"","_monsterinsights_sitenote_category":0},"product_brand":[],"product_cat":[12540,12291],"product_tag":[],"class_list":{"0":"post-722585","1":"product","2":"type-product","3":"status-publish","5":"product_cat-bilim-kurgu","6":"product_cat-edebiyat","7":"pa_cilt-ciltsiz","8":"pa_tur-kitap","9":"pa_yayinevi-herdem-kitap","10":"pa_yazar-ahmet-bahadir-sarikaya","12":"first","13":"instock","14":"sale","15":"shipping-taxable","16":"purchasable","17":"product-type-simple"},"_links":{"self":[{"href":"https:\/\/roveyayinevi.com.tr\/index.php\/wp-json\/wp\/v2\/product\/722585","targetHints":{"allow":["GET"]}}],"collection":[{"href":"https:\/\/roveyayinevi.com.tr\/index.php\/wp-json\/wp\/v2\/product"}],"about":[{"href":"https:\/\/roveyayinevi.com.tr\/index.php\/wp-json\/wp\/v2\/types\/product"}],"wp:attachment":[{"href":"https:\/\/roveyayinevi.com.tr\/index.php\/wp-json\/wp\/v2\/media?parent=722585"}],"wp:term":[{"taxonomy":"product_brand","embeddable":true,"href":"https:\/\/roveyayinevi.com.tr\/index.php\/wp-json\/wp\/v2\/product_brand?post=722585"},{"taxonomy":"product_cat","embeddable":true,"href":"https:\/\/roveyayinevi.com.tr\/index.php\/wp-json\/wp\/v2\/product_cat?post=722585"},{"taxonomy":"product_tag","embeddable":true,"href":"https:\/\/roveyayinevi.com.tr\/index.php\/wp-json\/wp\/v2\/product_tag?post=722585"}],"curies":[{"name":"wp","href":"https:\/\/api.w.org\/{rel}","templated":true}]}}