{"id":722583,"date":"2025-08-27T19:06:21","date_gmt":"2025-08-27T16:06:21","guid":{"rendered":"https:\/\/roveyayinevi.com.tr\/index.php\/urun\/50-maddede-siyasi-cinayetler\/"},"modified":"2026-04-16T02:30:33","modified_gmt":"2026-04-15T23:30:33","slug":"50-maddede-siyasi-cinayetler","status":"publish","type":"product","link":"https:\/\/roveyayinevi.com.tr\/index.php\/urun\/50-maddede-siyasi-cinayetler\/","title":{"rendered":"50 Maddede Siyasi Cinayetler"},"content":{"rendered":"<p>T\u00fcrkiye, Cumhuriyet d\u00f6neminin ba\u015f\u0131ndan g\u00fcn\u00fcm\u00fcze kadar bir\u00e7ok siyasi cinayete tan\u0131k oldu. Sebebi ne olursa olsun \u00fclkenin bir\u00e7ok parlak zihninin yitmesine sebep olan bu cinayetleri, t\u00fcm detaylar\u0131, arka plan\u0131 ve sonu\u00e7lar\u0131yla 50 maddede bir araya getirdik!  Orhan T\u00fcleylio\u011flu\u2019nun kaleminden 50 maddede Siyasi Cinayetler etkileyici bir memleket panaromas\u0131 \u00e7iziyor. Aste\u011fmen Kubilay\u2019dan Sabahattin Ali\u2019ye, Do\u011fan \u00d6z\u2019den Bedrettin C\u00f6mert\u2019e ve Mara\u015f Katliam\u0131ndan askeri darbe d\u00f6nemlerine kadar siyasi cinayetlerin izinde bir zaman yolculu\u011funa \u00e7\u0131kacak, b\u00f6ylece bug\u00fcn\u00fcn siyasi ortam\u0131n\u0131 daha etkili bir \u015fekilde yorumlayacaks\u0131n\u0131z<\/p>\n","protected":false},"excerpt":{"rendered":"<p>T\u00fcrkiye, Cumhuriyet d\u00f6neminin ba\u015f\u0131ndan g\u00fcn\u00fcm\u00fcze kadar bir\u00e7ok siyasi cinayete tan\u0131k oldu. Sebebi ne olursa olsun \u00fclkenin bir\u00e7ok parlak zihninin yitmesine sebep olan bu cinayetleri, t\u00fcm detaylar\u0131,<span class=\"excerpt-hellip\"> [\u2026]<\/span><\/p>\n","protected":false},"featured_media":0,"template":"","meta":{"_monsterinsights_skip_tracking":false,"_monsterinsights_sitenote_active":false,"_monsterinsights_sitenote_note":"","_monsterinsights_sitenote_category":0},"product_brand":[],"product_cat":[12370,12304],"product_tag":[],"class_list":{"0":"post-722583","1":"product","2":"type-product","3":"status-publish","5":"product_cat-arastirma-inceleme","6":"product_cat-tarih","7":"pa_cilt-ciltsiz","8":"pa_tur-kitap","9":"pa_yayinevi-kara-karga-yayinlari","10":"pa_yazar-orhan-tuleylioglu","12":"first","13":"instock","14":"sale","15":"shipping-taxable","16":"purchasable","17":"product-type-simple"},"_links":{"self":[{"href":"https:\/\/roveyayinevi.com.tr\/index.php\/wp-json\/wp\/v2\/product\/722583","targetHints":{"allow":["GET"]}}],"collection":[{"href":"https:\/\/roveyayinevi.com.tr\/index.php\/wp-json\/wp\/v2\/product"}],"about":[{"href":"https:\/\/roveyayinevi.com.tr\/index.php\/wp-json\/wp\/v2\/types\/product"}],"wp:attachment":[{"href":"https:\/\/roveyayinevi.com.tr\/index.php\/wp-json\/wp\/v2\/media?parent=722583"}],"wp:term":[{"taxonomy":"product_brand","embeddable":true,"href":"https:\/\/roveyayinevi.com.tr\/index.php\/wp-json\/wp\/v2\/product_brand?post=722583"},{"taxonomy":"product_cat","embeddable":true,"href":"https:\/\/roveyayinevi.com.tr\/index.php\/wp-json\/wp\/v2\/product_cat?post=722583"},{"taxonomy":"product_tag","embeddable":true,"href":"https:\/\/roveyayinevi.com.tr\/index.php\/wp-json\/wp\/v2\/product_tag?post=722583"}],"curies":[{"name":"wp","href":"https:\/\/api.w.org\/{rel}","templated":true}]}}