{"id":722582,"date":"2025-08-27T19:06:20","date_gmt":"2025-08-27T16:06:20","guid":{"rendered":"https:\/\/roveyayinevi.com.tr\/index.php\/urun\/sairin-sehrinden\/"},"modified":"2026-04-16T02:30:33","modified_gmt":"2026-04-15T23:30:33","slug":"sairin-sehrinden","status":"publish","type":"product","link":"https:\/\/roveyayinevi.com.tr\/index.php\/urun\/sairin-sehrinden\/","title":{"rendered":"\u015eairin \u015eehrinden"},"content":{"rendered":"<p>Al\u0131\u015f\u0131lm\u0131\u015fl\u0131klara ket vuran \u015fairiniz bendeniz ile g\u00f6n\u00fcl bah\u00e7emde do\u011fa serenatlar\u0131 e\u015fli\u011finde bir fincan kahve i\u00e7meye, dertle\u015fmeye ve rayihalar e\u015fli\u011finde yudumlad\u0131\u011f\u0131n\u0131z her kahvede sevgiyi, sadakati ve anlay\u0131\u015f\u0131 baz alarak huzura ula\u015fmaya ne dersiniz?<\/p>\n","protected":false},"excerpt":{"rendered":"<p>Al\u0131\u015f\u0131lm\u0131\u015fl\u0131klara ket vuran \u015fairiniz bendeniz ile g\u00f6n\u00fcl bah\u00e7emde do\u011fa serenatlar\u0131 e\u015fli\u011finde bir fincan kahve i\u00e7meye, dertle\u015fmeye ve rayihalar e\u015fli\u011finde yudumlad\u0131\u011f\u0131n\u0131z her kahvede sevgiyi, sadakati ve anlay\u0131\u015f\u0131<span class=\"excerpt-hellip\"> [\u2026]<\/span><\/p>\n","protected":false},"featured_media":0,"template":"","meta":{"_monsterinsights_skip_tracking":false,"_monsterinsights_sitenote_active":false,"_monsterinsights_sitenote_note":"","_monsterinsights_sitenote_category":0},"product_brand":[],"product_cat":[12291,12509],"product_tag":[],"class_list":{"0":"post-722582","1":"product","2":"type-product","3":"status-publish","5":"product_cat-edebiyat","6":"product_cat-siir","7":"pa_cilt-ciltsiz","8":"pa_tur-kitap","9":"pa_yayinevi-herdem-kitap","10":"pa_yazar-ercan-bulut","12":"first","13":"instock","14":"sale","15":"shipping-taxable","16":"purchasable","17":"product-type-simple"},"_links":{"self":[{"href":"https:\/\/roveyayinevi.com.tr\/index.php\/wp-json\/wp\/v2\/product\/722582","targetHints":{"allow":["GET"]}}],"collection":[{"href":"https:\/\/roveyayinevi.com.tr\/index.php\/wp-json\/wp\/v2\/product"}],"about":[{"href":"https:\/\/roveyayinevi.com.tr\/index.php\/wp-json\/wp\/v2\/types\/product"}],"wp:attachment":[{"href":"https:\/\/roveyayinevi.com.tr\/index.php\/wp-json\/wp\/v2\/media?parent=722582"}],"wp:term":[{"taxonomy":"product_brand","embeddable":true,"href":"https:\/\/roveyayinevi.com.tr\/index.php\/wp-json\/wp\/v2\/product_brand?post=722582"},{"taxonomy":"product_cat","embeddable":true,"href":"https:\/\/roveyayinevi.com.tr\/index.php\/wp-json\/wp\/v2\/product_cat?post=722582"},{"taxonomy":"product_tag","embeddable":true,"href":"https:\/\/roveyayinevi.com.tr\/index.php\/wp-json\/wp\/v2\/product_tag?post=722582"}],"curies":[{"name":"wp","href":"https:\/\/api.w.org\/{rel}","templated":true}]}}