{"id":722579,"date":"2025-08-27T19:06:17","date_gmt":"2025-08-27T16:06:17","guid":{"rendered":"https:\/\/roveyayinevi.com.tr\/index.php\/urun\/osmanlidan-notlar\/"},"modified":"2026-04-16T02:30:33","modified_gmt":"2026-04-15T23:30:33","slug":"osmanlidan-notlar","status":"publish","type":"product","link":"https:\/\/roveyayinevi.com.tr\/index.php\/urun\/osmanlidan-notlar\/","title":{"rendered":"Osmanl\u0131\u2019dan Notlar"},"content":{"rendered":"<p>Kitap 13 ba\u015fl\u0131ktan ibaret olup genel olarak Osmanl\u0131\u2019n\u0131n hukuk mekanizmas\u0131n\u0131, eski devir insan\u0131n\u0131n hayat\u0131, merak\u0131 ve sultanlar\u0131n hayat\u0131na dair bilgileri i\u00e7ermektedir. Osmanl\u0131\u2019n\u0131n cinsel hayat\u0131na dair bahislere de rastlayaca\u011f\u0131n\u0131z kitapta Osmanl\u0131 insan\u0131n\u0131n sorunlar kar\u015f\u0131s\u0131nda ba\u015fvurdu\u011fu metotlar da incelenmi\u015ftir.<\/p>\n","protected":false},"excerpt":{"rendered":"<p>Kitap 13 ba\u015fl\u0131ktan ibaret olup genel olarak Osmanl\u0131\u2019n\u0131n hukuk mekanizmas\u0131n\u0131, eski devir insan\u0131n\u0131n hayat\u0131, merak\u0131 ve sultanlar\u0131n hayat\u0131na dair bilgileri i\u00e7ermektedir. Osmanl\u0131\u2019n\u0131n cinsel hayat\u0131na dair bahislere<span class=\"excerpt-hellip\"> [\u2026]<\/span><\/p>\n","protected":false},"featured_media":0,"template":"","meta":{"_monsterinsights_skip_tracking":false,"_monsterinsights_sitenote_active":false,"_monsterinsights_sitenote_note":"","_monsterinsights_sitenote_category":0},"product_brand":[],"product_cat":[13072,12291],"product_tag":[],"class_list":{"0":"post-722579","1":"product","2":"type-product","3":"status-publish","5":"product_cat-arastirma-inceleme-referans","6":"product_cat-edebiyat","7":"pa_cilt-ciltsiz","8":"pa_tur-kitap","9":"pa_yayinevi-herdem-kitap","10":"pa_yazar-mehdi-kara","12":"first","13":"instock","14":"sale","15":"shipping-taxable","16":"purchasable","17":"product-type-simple"},"_links":{"self":[{"href":"https:\/\/roveyayinevi.com.tr\/index.php\/wp-json\/wp\/v2\/product\/722579","targetHints":{"allow":["GET"]}}],"collection":[{"href":"https:\/\/roveyayinevi.com.tr\/index.php\/wp-json\/wp\/v2\/product"}],"about":[{"href":"https:\/\/roveyayinevi.com.tr\/index.php\/wp-json\/wp\/v2\/types\/product"}],"wp:attachment":[{"href":"https:\/\/roveyayinevi.com.tr\/index.php\/wp-json\/wp\/v2\/media?parent=722579"}],"wp:term":[{"taxonomy":"product_brand","embeddable":true,"href":"https:\/\/roveyayinevi.com.tr\/index.php\/wp-json\/wp\/v2\/product_brand?post=722579"},{"taxonomy":"product_cat","embeddable":true,"href":"https:\/\/roveyayinevi.com.tr\/index.php\/wp-json\/wp\/v2\/product_cat?post=722579"},{"taxonomy":"product_tag","embeddable":true,"href":"https:\/\/roveyayinevi.com.tr\/index.php\/wp-json\/wp\/v2\/product_tag?post=722579"}],"curies":[{"name":"wp","href":"https:\/\/api.w.org\/{rel}","templated":true}]}}