{"id":722578,"date":"2025-08-27T19:06:17","date_gmt":"2025-08-27T16:06:17","guid":{"rendered":"https:\/\/roveyayinevi.com.tr\/index.php\/urun\/temel-cizim-teknikleri\/"},"modified":"2026-02-02T02:34:26","modified_gmt":"2026-02-01T23:34:26","slug":"temel-cizim-teknikleri","status":"publish","type":"product","link":"https:\/\/roveyayinevi.com.tr\/index.php\/urun\/temel-cizim-teknikleri\/","title":{"rendered":"Temel \u00c7izim Teknikleri"},"content":{"rendered":"<p>\u00c7izim yapmak \u00f6d\u00fcllendirici bir me\u015fgaledir, dikkatli bakarak ve d\u00fczenli al\u0131\u015ft\u0131rma ile size ve ba\u015fkalar\u0131na keyif verecek eserler yaratman\u0131z m\u00fcmk\u00fcnd\u00fcr. Bu kitapta \u00e7izmek i\u00e7in evinizde bulabilece\u011finiz basit cisimlerden, a\u00e7\u0131k hava sahneleri ve manzaralar\u0131na kadar uzanan elli konuyu ele ald\u0131m. Zamanla kendi ilgi alanlar\u0131n\u0131za ve \u00e7evrenizdeki cisimlere g\u00f6re kendi konular\u0131n\u0131z\u0131 se\u00e7mek isteyeceksiniz&#8230; D\u00fcnya \u00e7izecek \u015feylerle doludur. \u00c7izim s\u00f6z konusu oldu\u011funda al\u0131\u015ft\u0131rma yapman\u0131n yerini hi\u00e7bir \u015fey tutamaz, haydi kaleminizi al\u0131n ve \u00e7izmeye ba\u015flay\u0131n! <\/p>\n","protected":false},"excerpt":{"rendered":"<p>\u00c7izim yapmak \u00f6d\u00fcllendirici bir me\u015fgaledir, dikkatli bakarak ve d\u00fczenli al\u0131\u015ft\u0131rma ile size ve ba\u015fkalar\u0131na keyif verecek eserler yaratman\u0131z m\u00fcmk\u00fcnd\u00fcr. Bu kitapta \u00e7izmek i\u00e7in evinizde bulabilece\u011finiz basit<span class=\"excerpt-hellip\"> [\u2026]<\/span><\/p>\n","protected":false},"featured_media":0,"template":"","meta":{"_monsterinsights_skip_tracking":false,"_monsterinsights_sitenote_active":false,"_monsterinsights_sitenote_note":"","_monsterinsights_sitenote_category":0},"product_brand":[],"product_cat":[12364,12376],"product_tag":[],"class_list":{"0":"post-722578","1":"product","2":"type-product","3":"status-publish","5":"product_cat-genel-konular","6":"product_cat-kisisel-gelisim","7":"pa_cilt-ciltsiz","8":"pa_tur-kitap","9":"pa_yayinevi-yakamoz-yayinevi","10":"pa_yazar-barrington-barber","12":"first","13":"instock","14":"sale","15":"shipping-taxable","16":"purchasable","17":"product-type-simple"},"_links":{"self":[{"href":"https:\/\/roveyayinevi.com.tr\/index.php\/wp-json\/wp\/v2\/product\/722578","targetHints":{"allow":["GET"]}}],"collection":[{"href":"https:\/\/roveyayinevi.com.tr\/index.php\/wp-json\/wp\/v2\/product"}],"about":[{"href":"https:\/\/roveyayinevi.com.tr\/index.php\/wp-json\/wp\/v2\/types\/product"}],"wp:attachment":[{"href":"https:\/\/roveyayinevi.com.tr\/index.php\/wp-json\/wp\/v2\/media?parent=722578"}],"wp:term":[{"taxonomy":"product_brand","embeddable":true,"href":"https:\/\/roveyayinevi.com.tr\/index.php\/wp-json\/wp\/v2\/product_brand?post=722578"},{"taxonomy":"product_cat","embeddable":true,"href":"https:\/\/roveyayinevi.com.tr\/index.php\/wp-json\/wp\/v2\/product_cat?post=722578"},{"taxonomy":"product_tag","embeddable":true,"href":"https:\/\/roveyayinevi.com.tr\/index.php\/wp-json\/wp\/v2\/product_tag?post=722578"}],"curies":[{"name":"wp","href":"https:\/\/api.w.org\/{rel}","templated":true}]}}