{"id":722576,"date":"2025-08-27T19:06:15","date_gmt":"2025-08-27T16:06:15","guid":{"rendered":"https:\/\/roveyayinevi.com.tr\/index.php\/urun\/dogan-bir-isiktim-karanlikta\/"},"modified":"2026-04-11T02:37:43","modified_gmt":"2026-04-10T23:37:43","slug":"dogan-bir-isiktim-karanlikta","status":"publish","type":"product","link":"https:\/\/roveyayinevi.com.tr\/index.php\/urun\/dogan-bir-isiktim-karanlikta\/","title":{"rendered":"Do\u011fan Bir I\u015f\u0131kt\u0131m Karanl\u0131kta"},"content":{"rendered":"<p>Bir gencin bir yaz maceras\u0131 olarak okuyaca\u011f\u0131n\u0131z bu kitapta hayatta bazen planlamad\u0131\u011f\u0131m\u0131z \u015feylerin bizi bamba\u015fka yerlere g\u00f6t\u00fcrebilece\u011fini ve asl\u0131nda bize iyi gelen \u015feyin bu olaca\u011f\u0131n\u0131 g\u00f6rece\u011fiz.Hayat \u00e7o\u011fu zaman bizim umdu\u011fumuzdan fazlas\u0131d\u0131r. Bazen yazd\u0131\u011f\u0131m\u0131z \u015fiirler bazen hi\u00e7 ummad\u0131\u011f\u0131m\u0131z bir kavgada ba\u015frol\u2026 Bazen en yak\u0131n\u0131m\u0131zla imtihan oluruz, bazen kendi i\u00e7imizde hapsoluruz, kendini ararken kaybolmay\u0131 g\u00f6ze alm\u0131\u015f gen\u00e7lerin kitab\u0131 olarak \u201cDo\u011fan bir \u0131\u015f\u0131kt\u0131m karanl\u0131kta\u201d kar\u015f\u0131n\u0131zda\u2026<\/p>\n","protected":false},"excerpt":{"rendered":"<p>Bir gencin bir yaz maceras\u0131 olarak okuyaca\u011f\u0131n\u0131z bu kitapta hayatta bazen planlamad\u0131\u011f\u0131m\u0131z \u015feylerin bizi bamba\u015fka yerlere g\u00f6t\u00fcrebilece\u011fini ve asl\u0131nda bize iyi gelen \u015feyin bu olaca\u011f\u0131n\u0131 g\u00f6rece\u011fiz.Hayat<span class=\"excerpt-hellip\"> [\u2026]<\/span><\/p>\n","protected":false},"featured_media":0,"template":"","meta":{"_monsterinsights_skip_tracking":false,"_monsterinsights_sitenote_active":false,"_monsterinsights_sitenote_note":"","_monsterinsights_sitenote_category":0},"product_brand":[],"product_cat":[12291,12711],"product_tag":[],"class_list":{"0":"post-722576","1":"product","2":"type-product","3":"status-publish","5":"product_cat-edebiyat","6":"product_cat-roman-oyku","7":"pa_cilt-ciltsiz","8":"pa_tur-kitap","9":"pa_yayinevi-perseus","10":"pa_yazar-dogan-isik","12":"first","13":"instock","14":"sale","15":"shipping-taxable","16":"purchasable","17":"product-type-simple"},"_links":{"self":[{"href":"https:\/\/roveyayinevi.com.tr\/index.php\/wp-json\/wp\/v2\/product\/722576","targetHints":{"allow":["GET"]}}],"collection":[{"href":"https:\/\/roveyayinevi.com.tr\/index.php\/wp-json\/wp\/v2\/product"}],"about":[{"href":"https:\/\/roveyayinevi.com.tr\/index.php\/wp-json\/wp\/v2\/types\/product"}],"wp:attachment":[{"href":"https:\/\/roveyayinevi.com.tr\/index.php\/wp-json\/wp\/v2\/media?parent=722576"}],"wp:term":[{"taxonomy":"product_brand","embeddable":true,"href":"https:\/\/roveyayinevi.com.tr\/index.php\/wp-json\/wp\/v2\/product_brand?post=722576"},{"taxonomy":"product_cat","embeddable":true,"href":"https:\/\/roveyayinevi.com.tr\/index.php\/wp-json\/wp\/v2\/product_cat?post=722576"},{"taxonomy":"product_tag","embeddable":true,"href":"https:\/\/roveyayinevi.com.tr\/index.php\/wp-json\/wp\/v2\/product_tag?post=722576"}],"curies":[{"name":"wp","href":"https:\/\/api.w.org\/{rel}","templated":true}]}}