{"id":722575,"date":"2025-08-27T19:06:14","date_gmt":"2025-08-27T16:06:14","guid":{"rendered":"https:\/\/roveyayinevi.com.tr\/index.php\/urun\/degisken-kainat-teorisi\/"},"modified":"2026-04-08T02:38:07","modified_gmt":"2026-04-07T23:38:07","slug":"degisken-kainat-teorisi","status":"publish","type":"product","link":"https:\/\/roveyayinevi.com.tr\/index.php\/urun\/degisken-kainat-teorisi\/","title":{"rendered":"De\u011fi\u015fken Kainat Teorisi"},"content":{"rendered":"<p>Kurayla belirlenen devlet ba\u015fkanlar\u0131\u2026Hayvan haklar\u0131 u\u011fruna ayaklanan robotlar\u2026Hapishanelerin ba\u015fka gezegenlere in\u015fa edilebildi\u011fi bir d\u00fcnya\u2026\u201cHer sene, y\u0131lba\u015f\u0131ndan \u00f6nceki son per\u015fembe g\u00fcn\u00fcnde \u00fclkede \u201cBa\u015fbakan \u00c7ekili\u015fi\u201d yap\u0131l\u0131rd\u0131. Demokrasinin ve genel se\u00e7imlerin \u00e7\u0131kmazlar\u0131n\u0131n toplumca fark\u0131na var\u0131lm\u0131\u015ft\u0131. Genel se\u00e7imler kald\u0131r\u0131lm\u0131\u015ft\u0131. \u0130nsano\u011flunun iktidar\u0131 ele ge\u00e7irmek i\u00e7in \u00e7o\u011funlu\u011fu elde etme \u00e7abas\u0131yla yapt\u0131\u011f\u0131 her t\u00fcrl\u00fc \u00e7irkeflikler ve doland\u0131r\u0131c\u0131l\u0131klar da bir nevi \u00f6nlenmi\u015f oluyordu b\u00f6ylece. Politikac\u0131lar\u0131n yalan s\u00f6ylemesine, siyasetin malzemesi olan ger\u00e7ek d\u0131\u015f\u0131 vaatlere ihtiya\u00e7 kalmam\u0131\u015ft\u0131 art\u0131k.\u201d<\/p>\n","protected":false},"excerpt":{"rendered":"<p>Kurayla belirlenen devlet ba\u015fkanlar\u0131\u2026Hayvan haklar\u0131 u\u011fruna ayaklanan robotlar\u2026Hapishanelerin ba\u015fka gezegenlere in\u015fa edilebildi\u011fi bir d\u00fcnya\u2026\u201cHer sene, y\u0131lba\u015f\u0131ndan \u00f6nceki son per\u015fembe g\u00fcn\u00fcnde \u00fclkede \u201cBa\u015fbakan \u00c7ekili\u015fi\u201d yap\u0131l\u0131rd\u0131. Demokrasinin ve<span class=\"excerpt-hellip\"> [\u2026]<\/span><\/p>\n","protected":false},"featured_media":0,"template":"","meta":{"_monsterinsights_skip_tracking":false,"_monsterinsights_sitenote_active":false,"_monsterinsights_sitenote_note":"","_monsterinsights_sitenote_category":0},"product_brand":[],"product_cat":[12291,12711],"product_tag":[],"class_list":{"0":"post-722575","1":"product","2":"type-product","3":"status-publish","5":"product_cat-edebiyat","6":"product_cat-roman-oyku","7":"pa_cilt-ciltsiz","8":"pa_tur-kitap","9":"pa_yayinevi-perseus","10":"pa_yazar-polat-onat","12":"first","13":"instock","14":"sale","15":"shipping-taxable","16":"purchasable","17":"product-type-simple"},"_links":{"self":[{"href":"https:\/\/roveyayinevi.com.tr\/index.php\/wp-json\/wp\/v2\/product\/722575","targetHints":{"allow":["GET"]}}],"collection":[{"href":"https:\/\/roveyayinevi.com.tr\/index.php\/wp-json\/wp\/v2\/product"}],"about":[{"href":"https:\/\/roveyayinevi.com.tr\/index.php\/wp-json\/wp\/v2\/types\/product"}],"wp:attachment":[{"href":"https:\/\/roveyayinevi.com.tr\/index.php\/wp-json\/wp\/v2\/media?parent=722575"}],"wp:term":[{"taxonomy":"product_brand","embeddable":true,"href":"https:\/\/roveyayinevi.com.tr\/index.php\/wp-json\/wp\/v2\/product_brand?post=722575"},{"taxonomy":"product_cat","embeddable":true,"href":"https:\/\/roveyayinevi.com.tr\/index.php\/wp-json\/wp\/v2\/product_cat?post=722575"},{"taxonomy":"product_tag","embeddable":true,"href":"https:\/\/roveyayinevi.com.tr\/index.php\/wp-json\/wp\/v2\/product_tag?post=722575"}],"curies":[{"name":"wp","href":"https:\/\/api.w.org\/{rel}","templated":true}]}}