{"id":722573,"date":"2025-08-27T19:06:12","date_gmt":"2025-08-27T16:06:12","guid":{"rendered":"https:\/\/roveyayinevi.com.tr\/index.php\/urun\/3-2-1-firlat\/"},"modified":"2026-04-16T02:30:33","modified_gmt":"2026-04-15T23:30:33","slug":"3-2-1-firlat","status":"publish","type":"product","link":"https:\/\/roveyayinevi.com.tr\/index.php\/urun\/3-2-1-firlat\/","title":{"rendered":"3, 2, 1 F\u0131rlat!"},"content":{"rendered":"<p>Uzay\u0131 ke\u015ffetmeye haz\u0131r m\u0131s\u0131n\u0131z?Astronot k\u0131yafeti?Giyildi.Roketin kap\u0131s\u0131?Kapat\u0131ld\u0131.5, 4, 3, 2, 1 F\u0131rlat!Bu kitapla \u00e7ocuklar g\u00fcne\u015f sistemindeki b\u00fct\u00fcn gezegenleri tek tek dola\u015ft\u0131klar\u0131 ve onlarla ilgili k\u0131sa bilgiler \u00f6\u011frendikleri e\u011flenceli bir yolculu\u011fa \u00e7\u0131k\u0131yor.<\/p>\n","protected":false},"excerpt":{"rendered":"<p>Uzay\u0131 ke\u015ffetmeye haz\u0131r m\u0131s\u0131n\u0131z?Astronot k\u0131yafeti?Giyildi.Roketin kap\u0131s\u0131?Kapat\u0131ld\u0131.5, 4, 3, 2, 1 F\u0131rlat!Bu kitapla \u00e7ocuklar g\u00fcne\u015f sistemindeki b\u00fct\u00fcn gezegenleri tek tek dola\u015ft\u0131klar\u0131 ve onlarla ilgili k\u0131sa bilgiler \u00f6\u011frendikleri<span class=\"excerpt-hellip\"> [\u2026]<\/span><\/p>\n","protected":false},"featured_media":0,"template":"","meta":{"_monsterinsights_skip_tracking":false,"_monsterinsights_sitenote_active":false,"_monsterinsights_sitenote_note":"","_monsterinsights_sitenote_category":0},"product_brand":[],"product_cat":[12274,12284],"product_tag":[],"class_list":{"0":"post-722573","1":"product","2":"type-product","3":"status-publish","5":"product_cat-cocuk-ve-genclik-kitaplari","6":"product_cat-hikayeler","7":"pa_cilt-ciltsiz","8":"pa_tur-kitap","9":"pa_yayinevi-bilgi-yayinevi","10":"pa_yazar-shelly-unwin","12":"first","13":"instock","14":"sale","15":"shipping-taxable","16":"purchasable","17":"product-type-simple"},"_links":{"self":[{"href":"https:\/\/roveyayinevi.com.tr\/index.php\/wp-json\/wp\/v2\/product\/722573","targetHints":{"allow":["GET"]}}],"collection":[{"href":"https:\/\/roveyayinevi.com.tr\/index.php\/wp-json\/wp\/v2\/product"}],"about":[{"href":"https:\/\/roveyayinevi.com.tr\/index.php\/wp-json\/wp\/v2\/types\/product"}],"wp:attachment":[{"href":"https:\/\/roveyayinevi.com.tr\/index.php\/wp-json\/wp\/v2\/media?parent=722573"}],"wp:term":[{"taxonomy":"product_brand","embeddable":true,"href":"https:\/\/roveyayinevi.com.tr\/index.php\/wp-json\/wp\/v2\/product_brand?post=722573"},{"taxonomy":"product_cat","embeddable":true,"href":"https:\/\/roveyayinevi.com.tr\/index.php\/wp-json\/wp\/v2\/product_cat?post=722573"},{"taxonomy":"product_tag","embeddable":true,"href":"https:\/\/roveyayinevi.com.tr\/index.php\/wp-json\/wp\/v2\/product_tag?post=722573"}],"curies":[{"name":"wp","href":"https:\/\/api.w.org\/{rel}","templated":true}]}}