{"id":722572,"date":"2025-08-27T19:06:11","date_gmt":"2025-08-27T16:06:11","guid":{"rendered":"https:\/\/roveyayinevi.com.tr\/index.php\/urun\/benim-annem-evrenin-en-harika-annesi\/"},"modified":"2026-04-16T02:30:33","modified_gmt":"2026-04-15T23:30:33","slug":"benim-annem-evrenin-en-harika-annesi","status":"publish","type":"product","link":"https:\/\/roveyayinevi.com.tr\/index.php\/urun\/benim-annem-evrenin-en-harika-annesi\/","title":{"rendered":"Benim Annem&#8230; Evrenin En Harika Annesi"},"content":{"rendered":"<p>Herkesin annesi en harika annedir ve her anne-\u00e7ocuk ili\u015fkisi \u00f6zeldir. \u00c7ocuklar bu kitab\u0131 okurken kitab\u0131n i\u00e7inde kendilerine ayr\u0131lan yerleri doldurarak kitab\u0131 tamaml\u0131yor ve anneleriyle ili\u015fkilerini anlatan en g\u00fczel kitap ortaya \u00e7\u0131k\u0131yor.<\/p>\n","protected":false},"excerpt":{"rendered":"<p>Herkesin annesi en harika annedir ve her anne-\u00e7ocuk ili\u015fkisi \u00f6zeldir. \u00c7ocuklar bu kitab\u0131 okurken kitab\u0131n i\u00e7inde kendilerine ayr\u0131lan yerleri doldurarak kitab\u0131 tamaml\u0131yor ve anneleriyle ili\u015fkilerini anlatan<span class=\"excerpt-hellip\"> [\u2026]<\/span><\/p>\n","protected":false},"featured_media":0,"template":"","meta":{"_monsterinsights_skip_tracking":false,"_monsterinsights_sitenote_active":false,"_monsterinsights_sitenote_note":"","_monsterinsights_sitenote_category":0},"product_brand":[],"product_cat":[12274,12284],"product_tag":[],"class_list":{"0":"post-722572","1":"product","2":"type-product","3":"status-publish","5":"product_cat-cocuk-ve-genclik-kitaplari","6":"product_cat-hikayeler","7":"pa_cilt-ciltsiz","8":"pa_tur-kitap","9":"pa_yayinevi-bilgi-yayinevi","10":"pa_yazar-carme-dolz","12":"first","13":"instock","14":"sale","15":"shipping-taxable","16":"purchasable","17":"product-type-simple"},"_links":{"self":[{"href":"https:\/\/roveyayinevi.com.tr\/index.php\/wp-json\/wp\/v2\/product\/722572","targetHints":{"allow":["GET"]}}],"collection":[{"href":"https:\/\/roveyayinevi.com.tr\/index.php\/wp-json\/wp\/v2\/product"}],"about":[{"href":"https:\/\/roveyayinevi.com.tr\/index.php\/wp-json\/wp\/v2\/types\/product"}],"wp:attachment":[{"href":"https:\/\/roveyayinevi.com.tr\/index.php\/wp-json\/wp\/v2\/media?parent=722572"}],"wp:term":[{"taxonomy":"product_brand","embeddable":true,"href":"https:\/\/roveyayinevi.com.tr\/index.php\/wp-json\/wp\/v2\/product_brand?post=722572"},{"taxonomy":"product_cat","embeddable":true,"href":"https:\/\/roveyayinevi.com.tr\/index.php\/wp-json\/wp\/v2\/product_cat?post=722572"},{"taxonomy":"product_tag","embeddable":true,"href":"https:\/\/roveyayinevi.com.tr\/index.php\/wp-json\/wp\/v2\/product_tag?post=722572"}],"curies":[{"name":"wp","href":"https:\/\/api.w.org\/{rel}","templated":true}]}}