{"id":722570,"date":"2025-08-27T19:06:09","date_gmt":"2025-08-27T16:06:09","guid":{"rendered":"https:\/\/roveyayinevi.com.tr\/index.php\/urun\/bilge-cicek\/"},"modified":"2026-04-16T02:30:33","modified_gmt":"2026-04-15T23:30:33","slug":"bilge-cicek","status":"publish","type":"product","link":"https:\/\/roveyayinevi.com.tr\/index.php\/urun\/bilge-cicek\/","title":{"rendered":"Bilge \u00c7i\u00e7ek"},"content":{"rendered":"<p>Bir i\u015f i\u00e7in do\u011fru zaman ne zamand\u0131r? Neden bazen erken davran\u0131r, bazen ge\u00e7 kal\u0131r\u0131z?Do\u011fruyu bulmak i\u00e7in k\u0131sa yollara ba\u015fvurursak ne olur? Hak etmeden kazanmak istersek ne olur?K\u00fc\u00e7\u00fck \u015feyler b\u00fcy\u00fck dersler verebilir mi? Bir \u00e7i\u00e7ek bize erdemli olmay\u0131 \u00f6\u011fretebilir mi?Sab\u0131rl\u0131 olmak neden zordur? Sab\u0131rl\u0131 insanlar\u0131 ne bekler?Umudumuzu yitirdi\u011fimizde vazge\u00e7meli miyiz? Yoksa eksikleri ara\u015ft\u0131r\u0131p onlar\u0131 gidermeli miyiz?Kendi i\u015fini kendi yapan insanlar\u0131 ne bekler?Erdem kimleri se\u00e7er?Bu sorulardan baz\u0131lar\u0131n\u0131n yan\u0131t\u0131n\u0131 merak ediyorsan\u0131z Bilge \u00c7i\u00e7ek onu okuman\u0131z\u0131 bekliyor.Filozof Me\u015fe, Samanadam, Muz Cenneti gibi sevilen \u00e7ocuk kitaplar\u0131m\u0131z\u0131n yazar\u0131, Samed Behrengi kitaplar\u0131m\u0131z\u0131n \u00e7evirmeni Anooshirvan Miandji&#8217;den yine \u00e7ocuklar\u0131n \u00e7ok sevece\u011fi bir kitap.<\/p>\n","protected":false},"excerpt":{"rendered":"<p>Bir i\u015f i\u00e7in do\u011fru zaman ne zamand\u0131r? Neden bazen erken davran\u0131r, bazen ge\u00e7 kal\u0131r\u0131z?Do\u011fruyu bulmak i\u00e7in k\u0131sa yollara ba\u015fvurursak ne olur? Hak etmeden kazanmak istersek ne<span class=\"excerpt-hellip\"> [\u2026]<\/span><\/p>\n","protected":false},"featured_media":0,"template":"","meta":{"_monsterinsights_skip_tracking":false,"_monsterinsights_sitenote_active":false,"_monsterinsights_sitenote_note":"","_monsterinsights_sitenote_category":0},"product_brand":[],"product_cat":[12274,12284],"product_tag":[],"class_list":{"0":"post-722570","1":"product","2":"type-product","3":"status-publish","5":"product_cat-cocuk-ve-genclik-kitaplari","6":"product_cat-hikayeler","7":"pa_cilt-ciltsiz","8":"pa_tur-kitap","9":"pa_yayinevi-bilgi-yayinevi","10":"pa_yazar-anooshirvan-miandji","12":"first","13":"instock","14":"sale","15":"shipping-taxable","16":"purchasable","17":"product-type-simple"},"_links":{"self":[{"href":"https:\/\/roveyayinevi.com.tr\/index.php\/wp-json\/wp\/v2\/product\/722570","targetHints":{"allow":["GET"]}}],"collection":[{"href":"https:\/\/roveyayinevi.com.tr\/index.php\/wp-json\/wp\/v2\/product"}],"about":[{"href":"https:\/\/roveyayinevi.com.tr\/index.php\/wp-json\/wp\/v2\/types\/product"}],"wp:attachment":[{"href":"https:\/\/roveyayinevi.com.tr\/index.php\/wp-json\/wp\/v2\/media?parent=722570"}],"wp:term":[{"taxonomy":"product_brand","embeddable":true,"href":"https:\/\/roveyayinevi.com.tr\/index.php\/wp-json\/wp\/v2\/product_brand?post=722570"},{"taxonomy":"product_cat","embeddable":true,"href":"https:\/\/roveyayinevi.com.tr\/index.php\/wp-json\/wp\/v2\/product_cat?post=722570"},{"taxonomy":"product_tag","embeddable":true,"href":"https:\/\/roveyayinevi.com.tr\/index.php\/wp-json\/wp\/v2\/product_tag?post=722570"}],"curies":[{"name":"wp","href":"https:\/\/api.w.org\/{rel}","templated":true}]}}