{"id":722569,"date":"2025-08-27T19:06:08","date_gmt":"2025-08-27T16:06:08","guid":{"rendered":"https:\/\/roveyayinevi.com.tr\/index.php\/urun\/gorulmeyen-hikayeler\/"},"modified":"2026-04-16T02:30:33","modified_gmt":"2026-04-15T23:30:33","slug":"gorulmeyen-hikayeler","status":"publish","type":"product","link":"https:\/\/roveyayinevi.com.tr\/index.php\/urun\/gorulmeyen-hikayeler\/","title":{"rendered":"G\u00f6r\u00fclmeyen Hikayeler"},"content":{"rendered":"<p>Hepsini tan\u0131yoruz.Hepsi annemiz, karde\u015fimiz, kuzenimiz, arkada\u015f\u0131m\u0131z, dostumuz, kom\u015fumuz\u2026 Hepsi biz.Ruhlar\u0131, bedenleri, hissiyatlar\u0131 ve varl\u0131klar\u0131 g\u00f6rmezden gelinen, hik\u00e2yeleri hal\u0131n\u0131n alt\u0131na s\u00fcp\u00fcr\u00fclm\u00fc\u015f kad\u0131nlar\u2026 \u015eimdi bahar temizli\u011fi zaman\u0131.<\/p>\n","protected":false},"excerpt":{"rendered":"<p>Hepsini tan\u0131yoruz.Hepsi annemiz, karde\u015fimiz, kuzenimiz, arkada\u015f\u0131m\u0131z, dostumuz, kom\u015fumuz\u2026 Hepsi biz.Ruhlar\u0131, bedenleri, hissiyatlar\u0131 ve varl\u0131klar\u0131 g\u00f6rmezden gelinen, hik\u00e2yeleri hal\u0131n\u0131n alt\u0131na s\u00fcp\u00fcr\u00fclm\u00fc\u015f kad\u0131nlar\u2026 \u015eimdi bahar temizli\u011fi zaman\u0131.<\/p>\n","protected":false},"featured_media":0,"template":"","meta":{"_monsterinsights_skip_tracking":false,"_monsterinsights_sitenote_active":false,"_monsterinsights_sitenote_note":"","_monsterinsights_sitenote_category":0},"product_brand":[],"product_cat":[12291,12711],"product_tag":[],"class_list":{"0":"post-722569","1":"product","2":"type-product","3":"status-publish","5":"product_cat-edebiyat","6":"product_cat-roman-oyku","7":"pa_cilt-ciltsiz","8":"pa_tur-kitap","9":"pa_yayinevi-the-roman","10":"pa_yazar-aysegul-yazmaci","12":"first","13":"instock","14":"sale","15":"shipping-taxable","16":"purchasable","17":"product-type-simple"},"_links":{"self":[{"href":"https:\/\/roveyayinevi.com.tr\/index.php\/wp-json\/wp\/v2\/product\/722569","targetHints":{"allow":["GET"]}}],"collection":[{"href":"https:\/\/roveyayinevi.com.tr\/index.php\/wp-json\/wp\/v2\/product"}],"about":[{"href":"https:\/\/roveyayinevi.com.tr\/index.php\/wp-json\/wp\/v2\/types\/product"}],"wp:attachment":[{"href":"https:\/\/roveyayinevi.com.tr\/index.php\/wp-json\/wp\/v2\/media?parent=722569"}],"wp:term":[{"taxonomy":"product_brand","embeddable":true,"href":"https:\/\/roveyayinevi.com.tr\/index.php\/wp-json\/wp\/v2\/product_brand?post=722569"},{"taxonomy":"product_cat","embeddable":true,"href":"https:\/\/roveyayinevi.com.tr\/index.php\/wp-json\/wp\/v2\/product_cat?post=722569"},{"taxonomy":"product_tag","embeddable":true,"href":"https:\/\/roveyayinevi.com.tr\/index.php\/wp-json\/wp\/v2\/product_tag?post=722569"}],"curies":[{"name":"wp","href":"https:\/\/api.w.org\/{rel}","templated":true}]}}