{"id":722568,"date":"2025-08-27T19:06:08","date_gmt":"2025-08-27T16:06:08","guid":{"rendered":"https:\/\/roveyayinevi.com.tr\/index.php\/urun\/articles-on-the-path-of-science\/"},"modified":"2026-04-16T02:30:33","modified_gmt":"2026-04-15T23:30:33","slug":"articles-on-the-path-of-science","status":"publish","type":"product","link":"https:\/\/roveyayinevi.com.tr\/index.php\/urun\/articles-on-the-path-of-science\/","title":{"rendered":"Articles On The Path Of Science"},"content":{"rendered":"<p>PrefaceIn terms of subject and area, all articles in this book are primarily directed to foreign languages departments, but will also be useful for other majors and readers. In particular, this book is planned to be an important course material for students majoring in the departments of foreign languages, especially of German language, in Turkey. But it is also expected to serve this purpose outside the borders of Turkey.\u00d6ns\u00f6zBilim, insan\u0131n bilme ve ara\u015ft\u0131rma yoluyla bilgi elde etme arzusuna dayanmaktad\u0131r. \u00dcniversiteler bilim ve bilginin merkezidir. Bilim insanlar\u0131 da \u00fcniversitelerde yeti\u015fmektedir. Bu ba\u011flamda, t\u00fcm d\u00fcnyada \u00fcniversitelerde bilim insanlar\u0131n\u0131 bilgi payla\u015f\u0131m\u0131 i\u00e7in bir araya getiren \u00e7e\u015fitli disiplinlere ait etkinlikler d\u00fczenlenmektedir. Bu kitap, uluslararas\u0131 nitelik ta\u015f\u0131yan bilimsel makalelerden olu\u015fmaktad\u0131r. Kitap ile ama\u00e7, okurlara bilim yolunda e\u015flik etmektir.<\/p>\n","protected":false},"excerpt":{"rendered":"<p>PrefaceIn terms of subject and area, all articles in this book are primarily directed to foreign languages departments, but will also be useful for other majors<span class=\"excerpt-hellip\"> [\u2026]<\/span><\/p>\n","protected":false},"featured_media":0,"template":"","meta":{"_monsterinsights_skip_tracking":false,"_monsterinsights_sitenote_active":false,"_monsterinsights_sitenote_note":"","_monsterinsights_sitenote_category":0},"product_brand":[],"product_cat":[12573,12566],"product_tag":[],"class_list":{"0":"post-722568","1":"product","2":"type-product","3":"status-publish","5":"product_cat-akademik-kitaplar","6":"product_cat-egitim","7":"pa_cilt-ciltsiz","8":"pa_tur-kitap","9":"pa_yayinevi-ani-yayincilik","10":"pa_yazar-ozlem-firtina","12":"first","13":"instock","14":"sale","15":"shipping-taxable","16":"purchasable","17":"product-type-simple"},"_links":{"self":[{"href":"https:\/\/roveyayinevi.com.tr\/index.php\/wp-json\/wp\/v2\/product\/722568","targetHints":{"allow":["GET"]}}],"collection":[{"href":"https:\/\/roveyayinevi.com.tr\/index.php\/wp-json\/wp\/v2\/product"}],"about":[{"href":"https:\/\/roveyayinevi.com.tr\/index.php\/wp-json\/wp\/v2\/types\/product"}],"wp:attachment":[{"href":"https:\/\/roveyayinevi.com.tr\/index.php\/wp-json\/wp\/v2\/media?parent=722568"}],"wp:term":[{"taxonomy":"product_brand","embeddable":true,"href":"https:\/\/roveyayinevi.com.tr\/index.php\/wp-json\/wp\/v2\/product_brand?post=722568"},{"taxonomy":"product_cat","embeddable":true,"href":"https:\/\/roveyayinevi.com.tr\/index.php\/wp-json\/wp\/v2\/product_cat?post=722568"},{"taxonomy":"product_tag","embeddable":true,"href":"https:\/\/roveyayinevi.com.tr\/index.php\/wp-json\/wp\/v2\/product_tag?post=722568"}],"curies":[{"name":"wp","href":"https:\/\/api.w.org\/{rel}","templated":true}]}}