{"id":722566,"date":"2025-08-27T19:06:07","date_gmt":"2025-08-27T16:06:07","guid":{"rendered":"https:\/\/roveyayinevi.com.tr\/index.php\/urun\/sagligin-dogru-sifreleri\/"},"modified":"2026-04-16T02:30:33","modified_gmt":"2026-04-15T23:30:33","slug":"sagligin-dogru-sifreleri","status":"publish","type":"product","link":"https:\/\/roveyayinevi.com.tr\/index.php\/urun\/sagligin-dogru-sifreleri\/","title":{"rendered":"Sa\u011fl\u0131\u011f\u0131n Do\u011fru \u015eifreleri"},"content":{"rendered":"<p>Siz deneme tahtas\u0131 de\u011filsiniz!Evet, biliyorum. Her g\u00fcn yeni bir bilgiyle uyan\u0131yorsunuz. De\u011fi\u015fimlerin neredeyse \u0131\u015f\u0131k h\u0131z\u0131nda ya\u015fand\u0131\u011f\u0131, herkesin farkl\u0131 bir \u015fey s\u00f6yledi\u011fi g\u00fcn\u00fcm\u00fczde neyin do\u011fru neyin yanl\u0131\u015f oldu\u011funu \u00e7\u00f6zmeye \u00e7al\u0131\u015f\u0131yorsunuz. Evet, anl\u0131yorum. G\u00f6rselli\u011fin alt\u0131n \u00e7a\u011f\u0131nda geride kalmak istemiyorsunuz. Yeni bulu\u015flar\u0131n, i\u015flemlerin nimetlerinden siz de yararlan\u0131p g\u00f6r\u00fcn\u00fc\u015f\u00fcn\u00fczle ilgili o k\u0131r\u0131c\u0131 ele\u015ftirilerden kurtulmay\u0131, \u00f6vg\u00fcleri duymay\u0131 arzuluyorsunuz. Evet, hak veriyorum. \u015eimdiye kadar ad\u0131n\u0131 bile duymad\u0131\u011f\u0131n\u0131z ancak sa\u011fl\u0131\u011f\u0131n\u0131z\u0131 d\u00fczeltecek, sizi gen\u00e7le\u015ftirecek, zay\u0131flatacak mucize g\u0131dalar, \u00e7aylar, haplar sadece bir ad\u0131m belki de bir \u201ct\u0131k\u201d \u00f6n\u00fcn\u00fczde, haz\u0131r bekliyor. Siz de insans\u0131n\u0131z. Elbette sa\u011fl\u0131kl\u0131, gen\u00e7 ve g\u00fczel kalmak isteyeceksiniz.Ancak hedefleriniz u\u011fruna, herkes kullan\u0131yor diye, herkes yapt\u0131r\u0131yor diye sizi robotla\u015ft\u0131rmalar\u0131na izin vermeyin.  Bu kitapta hastal\u0131klara yol a\u00e7abilen nedenleri, risk fakt\u00f6rlerini, do\u011fru bildi\u011finiz yanl\u0131\u015flar\u0131, bilimsel olarak kan\u0131tlanmam\u0131\u015f ancak ticari nedenlerle pop\u00fcler olan ak\u0131mlar ve \u00fcr\u00fcnler konusunda uyar\u0131lar\u0131 okuyacak, sa\u011fl\u0131kl\u0131 beden-zihin ili\u015fkisi i\u00e7in do\u011fru \u015fifreleri \u00f6\u011freneceksiniz. Ya\u015fam\u0131n\u0131z\u0131 do\u011fru zamanlama ile planlay\u0131p, bedenin kendini iyile\u015ftirme g\u00fcc\u00fcnden yararlanarak hastal\u0131klar\u0131 \u00f6nlemenin, sa\u011fl\u0131kl\u0131 ve gen\u00e7 kalman\u0131n, ruhsal olarak dingin, zihinsel olarak aktif olman\u0131n yollar\u0131n\u0131 ke\u015ffedeceksiniz.<\/p>\n","protected":false},"excerpt":{"rendered":"<p>Siz deneme tahtas\u0131 de\u011filsiniz!Evet, biliyorum. Her g\u00fcn yeni bir bilgiyle uyan\u0131yorsunuz. De\u011fi\u015fimlerin neredeyse \u0131\u015f\u0131k h\u0131z\u0131nda ya\u015fand\u0131\u011f\u0131, herkesin farkl\u0131 bir \u015fey s\u00f6yledi\u011fi g\u00fcn\u00fcm\u00fczde neyin do\u011fru neyin yanl\u0131\u015f<span class=\"excerpt-hellip\"> [\u2026]<\/span><\/p>\n","protected":false},"featured_media":0,"template":"","meta":{"_monsterinsights_skip_tracking":false,"_monsterinsights_sitenote_active":false,"_monsterinsights_sitenote_note":"","_monsterinsights_sitenote_category":0},"product_brand":[],"product_cat":[20313,13365],"product_tag":[],"class_list":{"0":"post-722566","1":"product","2":"type-product","3":"status-publish","5":"product_cat-basvuru-kitaplari-saglik","6":"product_cat-saglik","7":"pa_cilt-ciltsiz","8":"pa_tur-kitap","9":"pa_yayinevi-dogan-kitap","10":"pa_yazar-sedef-bingul","12":"first","13":"instock","14":"sale","15":"shipping-taxable","16":"purchasable","17":"product-type-simple"},"_links":{"self":[{"href":"https:\/\/roveyayinevi.com.tr\/index.php\/wp-json\/wp\/v2\/product\/722566","targetHints":{"allow":["GET"]}}],"collection":[{"href":"https:\/\/roveyayinevi.com.tr\/index.php\/wp-json\/wp\/v2\/product"}],"about":[{"href":"https:\/\/roveyayinevi.com.tr\/index.php\/wp-json\/wp\/v2\/types\/product"}],"wp:attachment":[{"href":"https:\/\/roveyayinevi.com.tr\/index.php\/wp-json\/wp\/v2\/media?parent=722566"}],"wp:term":[{"taxonomy":"product_brand","embeddable":true,"href":"https:\/\/roveyayinevi.com.tr\/index.php\/wp-json\/wp\/v2\/product_brand?post=722566"},{"taxonomy":"product_cat","embeddable":true,"href":"https:\/\/roveyayinevi.com.tr\/index.php\/wp-json\/wp\/v2\/product_cat?post=722566"},{"taxonomy":"product_tag","embeddable":true,"href":"https:\/\/roveyayinevi.com.tr\/index.php\/wp-json\/wp\/v2\/product_tag?post=722566"}],"curies":[{"name":"wp","href":"https:\/\/api.w.org\/{rel}","templated":true}]}}