{"id":722565,"date":"2025-08-27T19:06:06","date_gmt":"2025-08-27T16:06:06","guid":{"rendered":"https:\/\/roveyayinevi.com.tr\/index.php\/urun\/unutursan-hatirla\/"},"modified":"2025-10-14T05:42:00","modified_gmt":"2025-10-14T02:42:00","slug":"unutursan-hatirla","status":"publish","type":"product","link":"https:\/\/roveyayinevi.com.tr\/index.php\/urun\/unutursan-hatirla\/","title":{"rendered":"Unutursan Hat\u0131rla"},"content":{"rendered":"<p>Yapt\u0131\u011f\u0131n yanl\u0131\u015flar, do\u011frular\u0131 hi\u00e7bir yere g\u00f6t\u00fcrm\u00fcyor. \u00d6zg\u00fcven g\u00f6kten d\u00fc\u015fm\u00fcyor, a\u011fa\u00e7ta yeti\u015fmiyor. Denedik\u00e7e, yapt\u0131k\u00e7a, d\u00fc\u015ft\u00fc\u011f\u00fcnde kalkt\u0131k\u00e7a geli\u015fiyor. Ya\u015famak, \u00f6\u011frenmek, durmak, dinlenmek, sevmek, sevilmek, yolun keyfini \u00e7\u0131karmak hakk\u0131n. Ve bunlar\u0131 \u201chak etmek\u201d i\u00e7in, hi\u00e7bir \u015fey yapman gerekmiyor.Unutursan Hat\u0131rla.\u0130nsan bir s\u00fcr\u00fc yabanc\u0131 dil \u00f6\u011frenip d\u00fcnyaya a\u00e7\u0131l\u0131yor da kendi dilini bilmiyor bazen. Kendine \u201cSen nas\u0131ls\u0131n?\u201d diye sormuyor. A. Cansu Kamar Unutursan Hat\u0131rla\u2019da bizi unuttuklar\u0131m\u0131z\u0131 hat\u0131rlamaya, kendimizi kar\u015f\u0131m\u0131za de\u011fil yan\u0131m\u0131za almaya davet ediyor.<\/p>\n","protected":false},"excerpt":{"rendered":"<p>Yapt\u0131\u011f\u0131n yanl\u0131\u015flar, do\u011frular\u0131 hi\u00e7bir yere g\u00f6t\u00fcrm\u00fcyor. \u00d6zg\u00fcven g\u00f6kten d\u00fc\u015fm\u00fcyor, a\u011fa\u00e7ta yeti\u015fmiyor. Denedik\u00e7e, yapt\u0131k\u00e7a, d\u00fc\u015ft\u00fc\u011f\u00fcnde kalkt\u0131k\u00e7a geli\u015fiyor. Ya\u015famak, \u00f6\u011frenmek, durmak, dinlenmek, sevmek, sevilmek, yolun keyfini \u00e7\u0131karmak hakk\u0131n.<span class=\"excerpt-hellip\"> [\u2026]<\/span><\/p>\n","protected":false},"featured_media":0,"template":"","meta":{"_monsterinsights_skip_tracking":false,"_monsterinsights_sitenote_active":false,"_monsterinsights_sitenote_note":"","_monsterinsights_sitenote_category":0},"product_brand":[],"product_cat":[12364,12376],"product_tag":[],"class_list":{"0":"post-722565","1":"product","2":"type-product","3":"status-publish","5":"product_cat-genel-konular","6":"product_cat-kisisel-gelisim","7":"pa_cilt-ciltsiz","8":"pa_tur-kitap","9":"pa_yayinevi-dogan-novus","10":"pa_yazar-a-cansu-kamar","12":"first","13":"instock","14":"sale","15":"shipping-taxable","16":"purchasable","17":"product-type-simple"},"_links":{"self":[{"href":"https:\/\/roveyayinevi.com.tr\/index.php\/wp-json\/wp\/v2\/product\/722565","targetHints":{"allow":["GET"]}}],"collection":[{"href":"https:\/\/roveyayinevi.com.tr\/index.php\/wp-json\/wp\/v2\/product"}],"about":[{"href":"https:\/\/roveyayinevi.com.tr\/index.php\/wp-json\/wp\/v2\/types\/product"}],"wp:attachment":[{"href":"https:\/\/roveyayinevi.com.tr\/index.php\/wp-json\/wp\/v2\/media?parent=722565"}],"wp:term":[{"taxonomy":"product_brand","embeddable":true,"href":"https:\/\/roveyayinevi.com.tr\/index.php\/wp-json\/wp\/v2\/product_brand?post=722565"},{"taxonomy":"product_cat","embeddable":true,"href":"https:\/\/roveyayinevi.com.tr\/index.php\/wp-json\/wp\/v2\/product_cat?post=722565"},{"taxonomy":"product_tag","embeddable":true,"href":"https:\/\/roveyayinevi.com.tr\/index.php\/wp-json\/wp\/v2\/product_tag?post=722565"}],"curies":[{"name":"wp","href":"https:\/\/api.w.org\/{rel}","templated":true}]}}